{"id":56,"date":"2015-06-25T13:06:14","date_gmt":"2015-06-25T10:06:14","guid":{"rendered":"https:\/\/blog.edu.turku.fi\/mantymaenphy\/?page_id=56"},"modified":"2020-09-03T10:12:23","modified_gmt":"2020-09-03T07:12:23","slug":"etusivu","status":"publish","type":"page","link":"https:\/\/blog.edu.turku.fi\/mantymaenphy\/","title":{"rendered":"Tervetuloa M\u00e4ntym\u00e4en p\u00e4iv\u00e4kodin sivuille"},"content":{"rendered":"<p>P\u00e4iv\u00e4kotimme sijaitsee rauhallisella puutaloalueella Martin kaupunginosassa, ja siihen kuuluvat Kallelankadun p\u00e4iv\u00e4koti, Myllym\u00e4entien p\u00e4iv\u00e4koti sek\u00e4 V\u00e4h\u00e4-Heikkil\u00e4n koulussa toimiva esiopetusryhm\u00e4.<\/p>\n<h4><\/h4>\n<p>&nbsp;<\/p>\n<p><a href=\"https:\/\/www.instagram.com\/mantymaenpk\/\" rel=\"attachment wp-att-1446\"><img loading=\"lazy\" decoding=\"async\" class=\"wp-image-1446 alignleft\" src=\"https:\/\/blog.edu.turku.fi\/mantymaenphy\/files\/2020\/08\/instagram-150x150.jpg\" alt=\"\" width=\"75\" height=\"75\" \/><\/a><\/p>\n<p>&nbsp;<\/p>\n<p><strong>SEURAA MEIT\u00c4 INSTAGRAMISSA <\/strong><\/p>\n<p><strong>\u00a0\u00a0\u00a0\u00a0\u00a0\u00a0\u00a0\u00a0\u00a0\u00a0\u00a0\u00a0\u00a0\u00a0\u00a0\u00a0\u00a0\u00a0\u00a0\u00a0\u00a0\u00a0\u00a0\u00a0\u00a0\u00a0\u00a0\u00a0\u00a0<span style=\"color: #000000\"><a style=\"color: #000000\" href=\"https:\/\/www.instagram.com\/mantymaenpk\/\">@mantymaenpk<\/a><\/span><\/strong><\/p>\n","protected":false},"excerpt":{"rendered":"<p>P\u00e4iv\u00e4kotimme sijaitsee rauhallisella puutaloalueella Martin kaupunginosassa, ja siihen kuuluvat Kallelankadun p\u00e4iv\u00e4koti, Myllym\u00e4entien p\u00e4iv\u00e4koti sek\u00e4 V\u00e4h\u00e4-Heikkil\u00e4n koulussa toimiva esiopetusryhm\u00e4. &nbsp; &nbsp; SEURAA MEIT\u00c4 INSTAGRAMISSA \u00a0\u00a0\u00a0\u00a0\u00a0\u00a0\u00a0\u00a0\u00a0\u00a0\u00a0\u00a0\u00a0\u00a0\u00a0\u00a0\u00a0\u00a0\u00a0\u00a0\u00a0\u00a0\u00a0\u00a0\u00a0\u00a0\u00a0\u00a0\u00a0@mantymaenpk<\/p>\n","protected":false},"author":1276,"featured_media":0,"parent":0,"menu_order":0,"comment_status":"closed","ping_status":"closed","template":"","meta":{"footnotes":""},"class_list":["post-56","page","type-page","status-publish","hentry"],"_links":{"self":[{"href":"https:\/\/blog.edu.turku.fi\/mantymaenphy\/wp-json\/wp\/v2\/pages\/56","targetHints":{"allow":["GET"]}}],"collection":[{"href":"https:\/\/blog.edu.turku.fi\/mantymaenphy\/wp-json\/wp\/v2\/pages"}],"about":[{"href":"https:\/\/blog.edu.turku.fi\/mantymaenphy\/wp-json\/wp\/v2\/types\/page"}],"author":[{"embeddable":true,"href":"https:\/\/blog.edu.turku.fi\/mantymaenphy\/wp-json\/wp\/v2\/users\/1276"}],"replies":[{"embeddable":true,"href":"https:\/\/blog.edu.turku.fi\/mantymaenphy\/wp-json\/wp\/v2\/comments?post=56"}],"version-history":[{"count":15,"href":"https:\/\/blog.edu.turku.fi\/mantymaenphy\/wp-json\/wp\/v2\/pages\/56\/revisions"}],"predecessor-version":[{"id":1462,"href":"https:\/\/blog.edu.turku.fi\/mantymaenphy\/wp-json\/wp\/v2\/pages\/56\/revisions\/1462"}],"wp:attachment":[{"href":"https:\/\/blog.edu.turku.fi\/mantymaenphy\/wp-json\/wp\/v2\/media?parent=56"}],"curies":[{"name":"wp","href":"https:\/\/api.w.org\/{rel}","templated":true}]}}