{"id":2,"date":"2015-06-25T09:37:33","date_gmt":"2015-06-25T06:37:33","guid":{"rendered":"https:\/\/blog.edu.turku.fi\/mantymaenphy\/?page_id=2"},"modified":"2016-12-05T14:44:35","modified_gmt":"2016-12-05T12:44:35","slug":"ryhmat","status":"publish","type":"page","link":"https:\/\/blog.edu.turku.fi\/mantymaenphy\/ryhmat\/","title":{"rendered":"Ryhm\u00e4t"},"content":{"rendered":"<p><span style=\"color: #000000\"><a style=\"color: #000000\" href=\"https:\/\/blog.edu.turku.fi\/mantymaenphy\/paivakodin-johtaja\/\">P\u00e4iv\u00e4kodinjohtaja<\/a><\/span><\/p>\n<p><span style=\"color: #000000\"><a style=\"color: #000000\" href=\"https:\/\/blog.edu.turku.fi\/mantymaenphy\/ryhmat\/kallelankatu\/\">Kallelankatu<\/a><\/span><\/p>\n<p><span style=\"color: #000000\"><a style=\"color: #000000\" href=\"https:\/\/blog.edu.turku.fi\/mantymaenphy\/ryhmat\/myllymaentie\/\">Myllym\u00e4entie<\/a><\/span><\/p>\n<p><span style=\"color: #000000\"><a style=\"color: #000000\" href=\"https:\/\/blog.edu.turku.fi\/mantymaenphy\/ryhmat\/vaha-heikkilan-kouluesiopetus\/\">V\u00e4h\u00e4-Heikkil\u00e4n koulu\/esiopetus<\/a><\/span><\/p>\n","protected":false},"excerpt":{"rendered":"<p>P\u00e4iv\u00e4kodinjohtaja Kallelankatu Myllym\u00e4entie V\u00e4h\u00e4-Heikkil\u00e4n koulu\/esiopetus<\/p>\n","protected":false},"author":1276,"featured_media":0,"parent":0,"menu_order":0,"comment_status":"closed","ping_status":"open","template":"","meta":{"footnotes":""},"class_list":["post-2","page","type-page","status-publish","hentry"],"_links":{"self":[{"href":"https:\/\/blog.edu.turku.fi\/mantymaenphy\/wp-json\/wp\/v2\/pages\/2","targetHints":{"allow":["GET"]}}],"collection":[{"href":"https:\/\/blog.edu.turku.fi\/mantymaenphy\/wp-json\/wp\/v2\/pages"}],"about":[{"href":"https:\/\/blog.edu.turku.fi\/mantymaenphy\/wp-json\/wp\/v2\/types\/page"}],"author":[{"embeddable":true,"href":"https:\/\/blog.edu.turku.fi\/mantymaenphy\/wp-json\/wp\/v2\/users\/1276"}],"replies":[{"embeddable":true,"href":"https:\/\/blog.edu.turku.fi\/mantymaenphy\/wp-json\/wp\/v2\/comments?post=2"}],"version-history":[{"count":12,"href":"https:\/\/blog.edu.turku.fi\/mantymaenphy\/wp-json\/wp\/v2\/pages\/2\/revisions"}],"predecessor-version":[{"id":1065,"href":"https:\/\/blog.edu.turku.fi\/mantymaenphy\/wp-json\/wp\/v2\/pages\/2\/revisions\/1065"}],"wp:attachment":[{"href":"https:\/\/blog.edu.turku.fi\/mantymaenphy\/wp-json\/wp\/v2\/media?parent=2"}],"curies":[{"name":"wp","href":"https:\/\/api.w.org\/{rel}","templated":true}]}}