{"id":1490,"date":"2026-05-12T10:02:08","date_gmt":"2026-05-12T07:02:08","guid":{"rendered":"https:\/\/blog.edu.turku.fi\/mantymaenphy\/?page_id=1490"},"modified":"2026-05-12T10:02:08","modified_gmt":"2026-05-12T07:02:08","slug":"paivakodin-erityisopettaja","status":"publish","type":"page","link":"https:\/\/blog.edu.turku.fi\/mantymaenphy\/ryhmat\/paivakodin-erityisopettaja\/","title":{"rendered":"P\u00e4iv\u00e4kodin erityisopettaja"},"content":{"rendered":"<p>P\u00e4iv\u00e4kodin erityisopettaja<\/p>\n<p>Anni Kraama<br \/>\n0407968555<br \/>\nanni.kraama@edu.turku.fi<\/p>\n","protected":false},"excerpt":{"rendered":"<p>P\u00e4iv\u00e4kodin erityisopettaja Anni Kraama 0407968555 anni.kraama@edu.turku.fi<\/p>\n","protected":false},"author":3588,"featured_media":0,"parent":2,"menu_order":2,"comment_status":"closed","ping_status":"closed","template":"","meta":{"footnotes":""},"class_list":["post-1490","page","type-page","status-publish","hentry"],"_links":{"self":[{"href":"https:\/\/blog.edu.turku.fi\/mantymaenphy\/wp-json\/wp\/v2\/pages\/1490","targetHints":{"allow":["GET"]}}],"collection":[{"href":"https:\/\/blog.edu.turku.fi\/mantymaenphy\/wp-json\/wp\/v2\/pages"}],"about":[{"href":"https:\/\/blog.edu.turku.fi\/mantymaenphy\/wp-json\/wp\/v2\/types\/page"}],"author":[{"embeddable":true,"href":"https:\/\/blog.edu.turku.fi\/mantymaenphy\/wp-json\/wp\/v2\/users\/3588"}],"replies":[{"embeddable":true,"href":"https:\/\/blog.edu.turku.fi\/mantymaenphy\/wp-json\/wp\/v2\/comments?post=1490"}],"version-history":[{"count":1,"href":"https:\/\/blog.edu.turku.fi\/mantymaenphy\/wp-json\/wp\/v2\/pages\/1490\/revisions"}],"predecessor-version":[{"id":1491,"href":"https:\/\/blog.edu.turku.fi\/mantymaenphy\/wp-json\/wp\/v2\/pages\/1490\/revisions\/1491"}],"up":[{"embeddable":true,"href":"https:\/\/blog.edu.turku.fi\/mantymaenphy\/wp-json\/wp\/v2\/pages\/2"}],"wp:attachment":[{"href":"https:\/\/blog.edu.turku.fi\/mantymaenphy\/wp-json\/wp\/v2\/media?parent=1490"}],"curies":[{"name":"wp","href":"https:\/\/api.w.org\/{rel}","templated":true}]}}