{"id":1451,"date":"2020-09-03T10:02:49","date_gmt":"2020-09-03T07:02:49","guid":{"rendered":"https:\/\/blog.edu.turku.fi\/mantymaenphy\/?page_id=1451"},"modified":"2020-09-03T10:07:09","modified_gmt":"2020-09-03T07:07:09","slug":"arvot","status":"publish","type":"page","link":"https:\/\/blog.edu.turku.fi\/mantymaenphy\/hyva-tietaa\/arvot\/","title":{"rendered":"Arvot"},"content":{"rendered":"<h4>P\u00e4iv\u00e4kotimme toiminta-ajatus ja arvot<\/h4>\n<p>Me p\u00e4iv\u00e4kodin ty\u00f6ntekij\u00e4t luomme yhdess\u00e4 vanhempien kanssa turvallisen ja yksil\u00f6lliset tarpeet huomioonottavan kasvuymp\u00e4rist\u00f6n lapsille. P\u00e4iv\u00e4kodissa painotetaan kokonaisvaltaista kasvua ja oppimista. Lapset huomioidaan yksil\u00f6in\u00e4 ja heid\u00e4n oppimistaan, kasvamistaan ja kehityst\u00e4\u00e4n tuetaan monipuolisesti.<\/p>\n<h4>N\u00e4ill\u00e4 ev\u00e4ill\u00e4 kasvatamme<\/h4>\n<ul>\n<li>L\u00e4mminhenkinen ilmapiiri<\/li>\n<li>Lapset saavat tulla syliin \u2013 ilot ja surut jaetaan yhdess\u00e4<\/li>\n<li>Jokainen lapsi huomioidaan \u2013 h\u00e4n saa tarvitsemansa tuen kasvuun ja kehitykseen<\/li>\n<li>Teemme t\u00f6it\u00e4 yhdess\u00e4 vanhempien kanssa lasten hyv\u00e4ksi<\/li>\n<\/ul>\n<h4>Tavoitteemme on, ett\u00e4 jokainen p\u00e4iv\u00e4 on hyv\u00e4 p\u00e4iv\u00e4 meille kaikille<\/h4>\n","protected":false},"excerpt":{"rendered":"<p>P\u00e4iv\u00e4kotimme toiminta-ajatus ja arvot Me p\u00e4iv\u00e4kodin ty\u00f6ntekij\u00e4t luomme yhdess\u00e4 vanhempien kanssa turvallisen ja yksil\u00f6lliset tarpeet huomioonottavan kasvuymp\u00e4rist\u00f6n lapsille. P\u00e4iv\u00e4kodissa painotetaan kokonaisvaltaista kasvua ja oppimista. Lapset huomioidaan yksil\u00f6in\u00e4 ja heid\u00e4n oppimistaan, kasvamistaan ja kehityst\u00e4\u00e4n tuetaan monipuolisesti. N\u00e4ill\u00e4 ev\u00e4ill\u00e4 kasvatamme L\u00e4mminhenkinen ilmapiiri Lapset saavat tulla syliin \u2013 ilot ja surut jaetaan yhdess\u00e4 Jokainen lapsi huomioidaan \u2013 h\u00e4n &hellip; <a href=\"https:\/\/blog.edu.turku.fi\/mantymaenphy\/hyva-tietaa\/arvot\/\" class=\"more-link\">Jatka lukemista<span class=\"screen-reader-text\"> &#8221;Arvot&#8221;<\/span><\/a><\/p>\n","protected":false},"author":1276,"featured_media":0,"parent":853,"menu_order":3,"comment_status":"closed","ping_status":"closed","template":"","meta":{"footnotes":""},"class_list":["post-1451","page","type-page","status-publish","hentry"],"_links":{"self":[{"href":"https:\/\/blog.edu.turku.fi\/mantymaenphy\/wp-json\/wp\/v2\/pages\/1451","targetHints":{"allow":["GET"]}}],"collection":[{"href":"https:\/\/blog.edu.turku.fi\/mantymaenphy\/wp-json\/wp\/v2\/pages"}],"about":[{"href":"https:\/\/blog.edu.turku.fi\/mantymaenphy\/wp-json\/wp\/v2\/types\/page"}],"author":[{"embeddable":true,"href":"https:\/\/blog.edu.turku.fi\/mantymaenphy\/wp-json\/wp\/v2\/users\/1276"}],"replies":[{"embeddable":true,"href":"https:\/\/blog.edu.turku.fi\/mantymaenphy\/wp-json\/wp\/v2\/comments?post=1451"}],"version-history":[{"count":3,"href":"https:\/\/blog.edu.turku.fi\/mantymaenphy\/wp-json\/wp\/v2\/pages\/1451\/revisions"}],"predecessor-version":[{"id":1457,"href":"https:\/\/blog.edu.turku.fi\/mantymaenphy\/wp-json\/wp\/v2\/pages\/1451\/revisions\/1457"}],"up":[{"embeddable":true,"href":"https:\/\/blog.edu.turku.fi\/mantymaenphy\/wp-json\/wp\/v2\/pages\/853"}],"wp:attachment":[{"href":"https:\/\/blog.edu.turku.fi\/mantymaenphy\/wp-json\/wp\/v2\/media?parent=1451"}],"curies":[{"name":"wp","href":"https:\/\/api.w.org\/{rel}","templated":true}]}}