{"id":99,"date":"2013-05-30T19:46:54","date_gmt":"2013-05-30T16:46:54","guid":{"rendered":"https:\/\/blog.edu.turku.fi\/lyseo\/?page_id=99"},"modified":"2024-08-15T19:54:51","modified_gmt":"2024-08-15T16:54:51","slug":"vanhempainyhdistys","status":"publish","type":"page","link":"https:\/\/blog.edu.turku.fi\/lyseo\/koulu-ja-koti\/vanhempainyhdistys\/","title":{"rendered":"Vanhempainyhdistys"},"content":{"rendered":"<p>&nbsp;<\/p>\n<p>Vanhempainyhdistyksen toimintaan voi osallistua jokainen huoltaja, joka haluaa olla mukana kehitt\u00e4m\u00e4ss\u00e4 koulun toimintaa. Vanhempainyhdistyksen tavoitteena on j\u00e4rjest\u00e4\u00e4 erilaisia kodin ja koulun yhteisty\u00f6t\u00e4 edist\u00e4vi\u00e4 tilaisuuksia. Tarkemmat tiedot tulevista tapahtumista ilmoitetaan huoltajille Wilman tiedotteissa. Tervetuloa mukaan toimintaan.<\/p>\n<p>&nbsp;<\/p>\n<p><strong>Yhteystiedot:<\/strong><\/p>\n<p>&nbsp;<\/p>\n<p>lyseonkoulunvanhemmat@gmail.com<\/p>\n<p>&nbsp;<\/p>\n<p>&nbsp;<\/p>\n<p>TurvaRy -Yhdistyksen tarkoituksena on koota yhteen turkulaisten koulujen vanhempainyhdistyksi\u00e4 ja edesauttaa kodin ja koulun v\u00e4list\u00e4 yhteisty\u00f6t\u00e4 laajemmassa mitassa, kuin mit\u00e4 yksitt\u00e4iselle vanhempainyhdistykselle on mahdollista. Lis\u00e4\u00e4 tietoa l\u00f6ytyy osoitteesta <a href=\"http:\/\/www.turvary.fi\/\">http:\/\/www.turvary.fi\/<\/a><\/p>\n","protected":false},"excerpt":{"rendered":"<p>&nbsp; Vanhempainyhdistyksen toimintaan voi osallistua jokainen huoltaja, joka haluaa olla mukana kehitt\u00e4m\u00e4ss\u00e4 koulun toimintaa. Vanhempainyhdistyksen tavoitteena on j\u00e4rjest\u00e4\u00e4 erilaisia kodin ja koulun yhteisty\u00f6t\u00e4 edist\u00e4vi\u00e4 tilaisuuksia. Tarkemmat tiedot tulevista tapahtumista ilmoitetaan huoltajille Wilman tiedotteissa. Tervetuloa mukaan toimintaan. &nbsp; Yhteystiedot: &nbsp; lyseonkoulunvanhemmat@gmail.com &nbsp; &nbsp; TurvaRy -Yhdistyksen tarkoituksena on koota yhteen turkulaisten koulujen vanhempainyhdistyksi\u00e4 ja edesauttaa kodin ja &hellip; <a href=\"https:\/\/blog.edu.turku.fi\/lyseo\/koulu-ja-koti\/vanhempainyhdistys\/\" class=\"more-link\">Jatka lukemista<span class=\"screen-reader-text\"> &#8221;Vanhempainyhdistys&#8221;<\/span><\/a><\/p>\n","protected":false},"author":2047,"featured_media":2798,"parent":26,"menu_order":0,"comment_status":"closed","ping_status":"closed","template":"","meta":{"footnotes":""},"class_list":["post-99","page","type-page","status-publish","has-post-thumbnail","hentry"],"_links":{"self":[{"href":"https:\/\/blog.edu.turku.fi\/lyseo\/wp-json\/wp\/v2\/pages\/99","targetHints":{"allow":["GET"]}}],"collection":[{"href":"https:\/\/blog.edu.turku.fi\/lyseo\/wp-json\/wp\/v2\/pages"}],"about":[{"href":"https:\/\/blog.edu.turku.fi\/lyseo\/wp-json\/wp\/v2\/types\/page"}],"author":[{"embeddable":true,"href":"https:\/\/blog.edu.turku.fi\/lyseo\/wp-json\/wp\/v2\/users\/2047"}],"replies":[{"embeddable":true,"href":"https:\/\/blog.edu.turku.fi\/lyseo\/wp-json\/wp\/v2\/comments?post=99"}],"version-history":[{"count":14,"href":"https:\/\/blog.edu.turku.fi\/lyseo\/wp-json\/wp\/v2\/pages\/99\/revisions"}],"predecessor-version":[{"id":2474,"href":"https:\/\/blog.edu.turku.fi\/lyseo\/wp-json\/wp\/v2\/pages\/99\/revisions\/2474"}],"up":[{"embeddable":true,"href":"https:\/\/blog.edu.turku.fi\/lyseo\/wp-json\/wp\/v2\/pages\/26"}],"wp:featuredmedia":[{"embeddable":true,"href":"https:\/\/blog.edu.turku.fi\/lyseo\/wp-json\/wp\/v2\/media\/2798"}],"wp:attachment":[{"href":"https:\/\/blog.edu.turku.fi\/lyseo\/wp-json\/wp\/v2\/media?parent=99"}],"curies":[{"name":"wp","href":"https:\/\/api.w.org\/{rel}","templated":true}]}}