{"id":67,"date":"2013-05-13T21:41:41","date_gmt":"2013-05-13T18:41:41","guid":{"rendered":"https:\/\/blog.edu.turku.fi\/lyseo\/?page_id=67"},"modified":"2022-08-25T13:45:26","modified_gmt":"2022-08-25T10:45:26","slug":"poissaolot","status":"publish","type":"page","link":"https:\/\/blog.edu.turku.fi\/lyseo\/koulu-ja-koti\/poissaolot\/","title":{"rendered":"Poissaolot"},"content":{"rendered":"<h1>Poissaoloista ilmoittaminen<\/h1>\n<p>Koulussa menestymisen edellytys on s\u00e4\u00e4nn\u00f6llinen ja tunnollinen koulunk\u00e4ynti. Huoltaja on velvollinen ilmoittamaan koululle mahdollisimman nopeasti, jos oppilas on sairauden takia poissa koulusta. Ilmoittaminen tapahtuu Wilman pikaviestin\u00e4 luokanvalvojalle, joka merkitsee poissaolot Wilmaj\u00e4rjestelm\u00e4\u00e4n. <b><span style=\"text-decoration: underline\">Jos oppilaalla on poissaolop\u00e4iv\u00e4n\u00e4 koe, tulee poissaolosta ilmoittaa kouluun viimeist\u00e4\u00e4n koep\u00e4iv\u00e4n aamuna.<\/span><\/b><\/p>\n<p>Jos oppilas joutuu olemaan poissa koulusta jonkun muun syyn kuin sairauden takia, on <b>lupa <\/b><strong>ANOTTAVA ETUK\u00c4TEEN s\u00e4hk\u00f6isesti.<\/strong> Jos poissaolop\u00e4ivi\u00e4 on yhdest\u00e4 kolmeen, luvan my\u00f6nt\u00e4\u00e4 luokanvalvoja. Jos poissaoloja tulee yli kolme p\u00e4iv\u00e4\u00e4, luvan my\u00f6nt\u00e4\u00e4 rehtori. Oppilaan tulee ker\u00e4t\u00e4 poissaoloaikaiset teht\u00e4v\u00e4t opettajilta etuk\u00e4teen. Koulu pyyt\u00e4\u00e4, ett\u00e4 perheiden lomamatkat ajotetaan koulun loma-aikoihin. Kouluvuoden\u00a0 aikana tapahtuvien lomamatkojen osalta oppilaan opetuksesta vastaa luvananoja.<\/p>\n<p>&nbsp;<\/p>\n","protected":false},"excerpt":{"rendered":"<p>Poissaoloista ilmoittaminen Koulussa menestymisen edellytys on s\u00e4\u00e4nn\u00f6llinen ja tunnollinen koulunk\u00e4ynti. Huoltaja on velvollinen ilmoittamaan koululle mahdollisimman nopeasti, jos oppilas on sairauden takia poissa koulusta. Ilmoittaminen tapahtuu Wilman pikaviestin\u00e4 luokanvalvojalle, joka merkitsee poissaolot Wilmaj\u00e4rjestelm\u00e4\u00e4n. Jos oppilaalla on poissaolop\u00e4iv\u00e4n\u00e4 koe, tulee poissaolosta ilmoittaa kouluun viimeist\u00e4\u00e4n koep\u00e4iv\u00e4n aamuna. Jos oppilas joutuu olemaan poissa koulusta jonkun muun syyn kuin &hellip; <a href=\"https:\/\/blog.edu.turku.fi\/lyseo\/koulu-ja-koti\/poissaolot\/\" class=\"more-link\">Jatka lukemista<span class=\"screen-reader-text\"> &#8221;Poissaolot&#8221;<\/span><\/a><\/p>\n","protected":false},"author":2047,"featured_media":0,"parent":26,"menu_order":0,"comment_status":"closed","ping_status":"closed","template":"","meta":{"footnotes":""},"class_list":["post-67","page","type-page","status-publish","hentry"],"_links":{"self":[{"href":"https:\/\/blog.edu.turku.fi\/lyseo\/wp-json\/wp\/v2\/pages\/67","targetHints":{"allow":["GET"]}}],"collection":[{"href":"https:\/\/blog.edu.turku.fi\/lyseo\/wp-json\/wp\/v2\/pages"}],"about":[{"href":"https:\/\/blog.edu.turku.fi\/lyseo\/wp-json\/wp\/v2\/types\/page"}],"author":[{"embeddable":true,"href":"https:\/\/blog.edu.turku.fi\/lyseo\/wp-json\/wp\/v2\/users\/2047"}],"replies":[{"embeddable":true,"href":"https:\/\/blog.edu.turku.fi\/lyseo\/wp-json\/wp\/v2\/comments?post=67"}],"version-history":[{"count":11,"href":"https:\/\/blog.edu.turku.fi\/lyseo\/wp-json\/wp\/v2\/pages\/67\/revisions"}],"predecessor-version":[{"id":3067,"href":"https:\/\/blog.edu.turku.fi\/lyseo\/wp-json\/wp\/v2\/pages\/67\/revisions\/3067"}],"up":[{"embeddable":true,"href":"https:\/\/blog.edu.turku.fi\/lyseo\/wp-json\/wp\/v2\/pages\/26"}],"wp:attachment":[{"href":"https:\/\/blog.edu.turku.fi\/lyseo\/wp-json\/wp\/v2\/media?parent=67"}],"curies":[{"name":"wp","href":"https:\/\/api.w.org\/{rel}","templated":true}]}}