{"id":54,"date":"2013-05-13T12:56:30","date_gmt":"2013-05-13T09:56:30","guid":{"rendered":"https:\/\/blog.edu.turku.fi\/lyseo\/?page_id=54"},"modified":"2025-08-12T09:01:05","modified_gmt":"2025-08-12T06:01:05","slug":"54-2","status":"publish","type":"page","link":"https:\/\/blog.edu.turku.fi\/lyseo\/54-2\/","title":{"rendered":"Ty\u00f6- ja loma-ajat"},"content":{"rendered":"<h3>Ty\u00f6- ja loma-ajat lukuvuonna 2025-2026<\/h3>\n<h2 id=\"anchor-lukuvuosi-2025-2026\" class=\"heading h2\">Lukuvuosi 2025\u20132026<\/h2>\n<div class=\"general\">\n<div class=\"wysiwyg text-long\">\n<h3>Syyslukukausi: to 7.8.- la 20.12.2025<\/h3>\n<ul>\n<li>Syysloma: ma 13.10. &#8211; pe 17.10.2025<\/li>\n<li>Lauantai koulup\u00e4iv\u00e4 Turun Lyseon koulussa lauantaina 13.12.<\/li>\n<li>Joululoma su 21.12.2025 &#8211; ti 6.1.2026<\/li>\n<\/ul>\n<h3>Kev\u00e4tlukukausi: ke 7.1.- la 30.5.2026<\/h3>\n<ul>\n<li>Talviloma: ma 16.2. &#8211; pe 20.2.2026<\/li>\n<li>Perjantai 15.5. vapaa (korvattu joulukuun lauantai koulup\u00e4iv\u00e4ll\u00e4)<\/li>\n<\/ul>\n<\/div>\n<\/div>\n","protected":false},"excerpt":{"rendered":"<p>Ty\u00f6- ja loma-ajat lukuvuonna 2025-2026 Lukuvuosi 2025\u20132026 Syyslukukausi: to 7.8.- la 20.12.2025 Syysloma: ma 13.10. &#8211; pe 17.10.2025 Lauantai koulup\u00e4iv\u00e4 Turun Lyseon koulussa lauantaina 13.12. Joululoma su 21.12.2025 &#8211; ti 6.1.2026 Kev\u00e4tlukukausi: ke 7.1.- la 30.5.2026 Talviloma: ma 16.2. &#8211; pe 20.2.2026 Perjantai 15.5. vapaa (korvattu joulukuun lauantai koulup\u00e4iv\u00e4ll\u00e4)<\/p>\n","protected":false},"author":403,"featured_media":3150,"parent":0,"menu_order":0,"comment_status":"closed","ping_status":"closed","template":"","meta":{"footnotes":""},"class_list":["post-54","page","type-page","status-publish","has-post-thumbnail","hentry"],"_links":{"self":[{"href":"https:\/\/blog.edu.turku.fi\/lyseo\/wp-json\/wp\/v2\/pages\/54","targetHints":{"allow":["GET"]}}],"collection":[{"href":"https:\/\/blog.edu.turku.fi\/lyseo\/wp-json\/wp\/v2\/pages"}],"about":[{"href":"https:\/\/blog.edu.turku.fi\/lyseo\/wp-json\/wp\/v2\/types\/page"}],"author":[{"embeddable":true,"href":"https:\/\/blog.edu.turku.fi\/lyseo\/wp-json\/wp\/v2\/users\/403"}],"replies":[{"embeddable":true,"href":"https:\/\/blog.edu.turku.fi\/lyseo\/wp-json\/wp\/v2\/comments?post=54"}],"version-history":[{"count":45,"href":"https:\/\/blog.edu.turku.fi\/lyseo\/wp-json\/wp\/v2\/pages\/54\/revisions"}],"predecessor-version":[{"id":3436,"href":"https:\/\/blog.edu.turku.fi\/lyseo\/wp-json\/wp\/v2\/pages\/54\/revisions\/3436"}],"wp:featuredmedia":[{"embeddable":true,"href":"https:\/\/blog.edu.turku.fi\/lyseo\/wp-json\/wp\/v2\/media\/3150"}],"wp:attachment":[{"href":"https:\/\/blog.edu.turku.fi\/lyseo\/wp-json\/wp\/v2\/media?parent=54"}],"curies":[{"name":"wp","href":"https:\/\/api.w.org\/{rel}","templated":true}]}}