{"id":30,"date":"2013-05-06T14:22:51","date_gmt":"2013-05-06T11:22:51","guid":{"rendered":"https:\/\/blog.edu.turku.fi\/lyseo\/?page_id=30"},"modified":"2024-10-02T11:05:31","modified_gmt":"2024-10-02T08:05:31","slug":"ops","status":"publish","type":"page","link":"https:\/\/blog.edu.turku.fi\/lyseo\/ops\/","title":{"rendered":"OPS"},"content":{"rendered":"<p>&nbsp;<\/p>\n<p><a href=\"https:\/\/blog.edu.turku.fi\/lyseo\/2016\/08\/04\/torstaina-18-8-taas-tavataan\/lyseon-koulu-2\/\" rel=\"attachment wp-att-1019\"><img loading=\"lazy\" decoding=\"async\" class=\"alignleft size-medium wp-image-1019\" src=\"https:\/\/blog.edu.turku.fi\/lyseo\/files\/2016\/08\/Lyseon-koulu-300x100.png\" alt=\"Lyseon koulu\" width=\"300\" height=\"100\" srcset=\"https:\/\/blog.edu.turku.fi\/lyseo\/files\/2016\/08\/Lyseon-koulu-300x100.png 300w, https:\/\/blog.edu.turku.fi\/lyseo\/files\/2016\/08\/Lyseon-koulu.png 382w\" sizes=\"auto, (max-width: 300px) 85vw, 300px\" \/><\/a><\/p>\n<p>&nbsp;<\/p>\n<p>&nbsp;<\/p>\n<p>&nbsp;<\/p>\n<h2>Turun Lyseon koulun opetussuunnitelma<\/h2>\n<p>&nbsp;<\/p>\n<p>P\u00e4\u00e4set lukemaan kunta- ja valtakunnallisen opetussuunnitelman lukuihin 1-12 tehtyj\u00e4 koulukohtaisia lis\u00e4yksi\u00e4 alla olevasta linkist\u00e4.<\/p>\n<p><a href=\"https:\/\/blog.edu.turku.fi\/ops2016\/files\/2015\/04\/TURUN-LYSEO-OPS-2016.pdf\">Turun Lyseon koulun OPS, luvut 1-12<\/a><\/p>\n<p>Turun Lyseon koulun arviointikriteerit k\u00e4ytt\u00e4ytymiselle l\u00f6yd\u00e4t seuraavasta linkist\u00e4:<\/p>\n<p><a href=\"https:\/\/blog.edu.turku.fi\/lyseo\/files\/2020\/10\/Turun-Lyseon-koulun-kayttaytymisen-kriteerit.docx\">K\u00e4ytt\u00e4ytymisen kriteerit<\/a><\/p>\n<h2><strong>Turun perusopetuksen kuntakohtainen opetussuunnitelma<\/strong><\/h2>\n<p>Alla olevista linkeist\u00e4 p\u00e4\u00e4set tutustumaan uuteen, arviointia koskevaan OPS-lukuun\u00a0 sek\u00e4 kuntakohtaiseen opetussuunnitelmaan:<\/p>\n<p><a href=\"https:\/\/blog.edu.turku.fi\/lyseo\/files\/2020\/10\/Arviointiluku-Turku.docx\">Uusi arviointiluku<\/a><\/p>\n<p><a href=\"https:\/\/blog.edu.turku.fi\/lyseo\/files\/2020\/10\/Turun-ops-luvut-1-12.pdf\">Turun kaupungin peruskoulun OPS-luvut 1-12<\/a><\/p>\n<p>Seuraavista linkeist\u00e4 l\u00f6yd\u00e4t eri oppiaineiden opetussuunnitelmat, jotka ovat syksyst\u00e4 2019 alkaen voimassa kaikilla peruskoulun luokilla:<\/p>\n<p><a href=\"https:\/\/blog.edu.turku.fi\/lyseo\/files\/2018\/09\/Oppiaineosio-luku-13-1-2lk.pdf\">Oppiaineosio: luku 13 luokille 1-2lk<\/a><\/p>\n<p><a href=\"https:\/\/blog.edu.turku.fi\/lyseo\/files\/2018\/09\/Oppiaineosio-luku-14-3-6lk.pdf\">Oppiaineosio: luku 14 luokille 3-6lk<\/a><\/p>\n<p><a href=\"https:\/\/blog.edu.turku.fi\/lyseo\/files\/2018\/09\/Oppiaineosio-luku-15-7-9lk-1.pdf\" target=\"_blank\" rel=\"noopener noreferrer\">Oppiaineosio: luku 15 luokille 7-9<\/a><\/p>\n<p>&nbsp;<\/p>\n<p>&nbsp;<\/p>\n","protected":false},"excerpt":{"rendered":"<p>&nbsp; &nbsp; &nbsp; &nbsp; Turun Lyseon koulun opetussuunnitelma &nbsp; P\u00e4\u00e4set lukemaan kunta- ja valtakunnallisen opetussuunnitelman lukuihin 1-12 tehtyj\u00e4 koulukohtaisia lis\u00e4yksi\u00e4 alla olevasta linkist\u00e4. Turun Lyseon koulun OPS, luvut 1-12 Turun Lyseon koulun arviointikriteerit k\u00e4ytt\u00e4ytymiselle l\u00f6yd\u00e4t seuraavasta linkist\u00e4: K\u00e4ytt\u00e4ytymisen kriteerit Turun perusopetuksen kuntakohtainen opetussuunnitelma Alla olevista linkeist\u00e4 p\u00e4\u00e4set tutustumaan uuteen, arviointia koskevaan OPS-lukuun\u00a0 sek\u00e4 kuntakohtaiseen opetussuunnitelmaan: &hellip; <a href=\"https:\/\/blog.edu.turku.fi\/lyseo\/ops\/\" class=\"more-link\">Jatka lukemista<span class=\"screen-reader-text\"> &#8221;OPS&#8221;<\/span><\/a><\/p>\n","protected":false},"author":403,"featured_media":979,"parent":0,"menu_order":0,"comment_status":"closed","ping_status":"closed","template":"","meta":{"footnotes":""},"class_list":["post-30","page","type-page","status-publish","has-post-thumbnail","hentry"],"_links":{"self":[{"href":"https:\/\/blog.edu.turku.fi\/lyseo\/wp-json\/wp\/v2\/pages\/30","targetHints":{"allow":["GET"]}}],"collection":[{"href":"https:\/\/blog.edu.turku.fi\/lyseo\/wp-json\/wp\/v2\/pages"}],"about":[{"href":"https:\/\/blog.edu.turku.fi\/lyseo\/wp-json\/wp\/v2\/types\/page"}],"author":[{"embeddable":true,"href":"https:\/\/blog.edu.turku.fi\/lyseo\/wp-json\/wp\/v2\/users\/403"}],"replies":[{"embeddable":true,"href":"https:\/\/blog.edu.turku.fi\/lyseo\/wp-json\/wp\/v2\/comments?post=30"}],"version-history":[{"count":59,"href":"https:\/\/blog.edu.turku.fi\/lyseo\/wp-json\/wp\/v2\/pages\/30\/revisions"}],"predecessor-version":[{"id":3351,"href":"https:\/\/blog.edu.turku.fi\/lyseo\/wp-json\/wp\/v2\/pages\/30\/revisions\/3351"}],"wp:featuredmedia":[{"embeddable":true,"href":"https:\/\/blog.edu.turku.fi\/lyseo\/wp-json\/wp\/v2\/media\/979"}],"wp:attachment":[{"href":"https:\/\/blog.edu.turku.fi\/lyseo\/wp-json\/wp\/v2\/media?parent=30"}],"curies":[{"name":"wp","href":"https:\/\/api.w.org\/{rel}","templated":true}]}}