{"id":26,"date":"2013-05-06T14:19:53","date_gmt":"2013-05-06T11:19:53","guid":{"rendered":"https:\/\/blog.edu.turku.fi\/lyseo\/?page_id=26"},"modified":"2024-08-15T19:53:25","modified_gmt":"2024-08-15T16:53:25","slug":"koulu-ja-koti","status":"publish","type":"page","link":"https:\/\/blog.edu.turku.fi\/lyseo\/koulu-ja-koti\/","title":{"rendered":"Koulu ja koti"},"content":{"rendered":"<h5>Koulun lukuvuositiedotteesta l\u00f6yd\u00e4t koulunk\u00e4yntiin liittyvi\u00e4 t\u00e4rkeit\u00e4 asioita.<\/h5>\n<p>Lukuvuositiedotte l\u00f6ytyy Wilmasta, ja siihen p\u00e4ivitet\u00e4\u00e4n aina ajankohtaisia koulun asioita.<\/p>\n<h5><strong>Lyseon koulun j\u00e4rjestyss\u00e4\u00e4nn\u00f6t<\/strong><\/h5>\n<p><a href=\"https:\/\/blog.edu.turku.fi\/lyseo\/files\/2021\/08\/Turun-Lyseon-koulun-jarjestyssaannot.pdf\">Turun Lyseon koulun j\u00e4rjestyss\u00e4\u00e4nn\u00f6t<\/a><\/p>\n<h5>Kehit\u00e4mme koulua yhdess\u00e4 huoltajien ja oppilaiden kanssa.<\/h5>\n<p><a href=\"https:\/\/blog.edu.turku.fi\/lyseo\/files\/2018\/09\/SEISKALUOKKIEN-VANHEMPAINILTA-koonti.pdf\" target=\"_blank\" rel=\"noopener noreferrer\">Tutustu keskusteluyhteenvetoon t\u00e4st\u00e4<\/a><\/p>\n<p>&nbsp;<\/p>\n<p>&nbsp;<\/p>\n<p><img loading=\"lazy\" decoding=\"async\" class=\"alignleft wp-image-1086\" src=\"https:\/\/blog.edu.turku.fi\/lyseo\/files\/2016\/09\/koulunkuva-2-282x179.jpg\" alt=\"\" width=\"394\" height=\"250\" \/><\/p>\n<p>&nbsp;<\/p>\n<p>&nbsp;<\/p>\n<p>&nbsp;<\/p>\n<p>&nbsp;<\/p>\n<p>&nbsp;<\/p>\n<p>&nbsp;<\/p>\n<p>&nbsp;<\/p>\n<p>&nbsp;<\/p>\n","protected":false},"excerpt":{"rendered":"<p>Koulun lukuvuositiedotteesta l\u00f6yd\u00e4t koulunk\u00e4yntiin liittyvi\u00e4 t\u00e4rkeit\u00e4 asioita. Lukuvuositiedotte l\u00f6ytyy Wilmasta, ja siihen p\u00e4ivitet\u00e4\u00e4n aina ajankohtaisia koulun asioita. Lyseon koulun j\u00e4rjestyss\u00e4\u00e4nn\u00f6t Turun Lyseon koulun j\u00e4rjestyss\u00e4\u00e4nn\u00f6t Kehit\u00e4mme koulua yhdess\u00e4 huoltajien ja oppilaiden kanssa. Tutustu keskusteluyhteenvetoon t\u00e4st\u00e4 &nbsp; &nbsp; &nbsp; &nbsp; &nbsp; &nbsp; &nbsp; &nbsp; &nbsp; &nbsp;<\/p>\n","protected":false},"author":403,"featured_media":0,"parent":0,"menu_order":1,"comment_status":"closed","ping_status":"closed","template":"","meta":{"footnotes":""},"class_list":["post-26","page","type-page","status-publish","hentry"],"_links":{"self":[{"href":"https:\/\/blog.edu.turku.fi\/lyseo\/wp-json\/wp\/v2\/pages\/26","targetHints":{"allow":["GET"]}}],"collection":[{"href":"https:\/\/blog.edu.turku.fi\/lyseo\/wp-json\/wp\/v2\/pages"}],"about":[{"href":"https:\/\/blog.edu.turku.fi\/lyseo\/wp-json\/wp\/v2\/types\/page"}],"author":[{"embeddable":true,"href":"https:\/\/blog.edu.turku.fi\/lyseo\/wp-json\/wp\/v2\/users\/403"}],"replies":[{"embeddable":true,"href":"https:\/\/blog.edu.turku.fi\/lyseo\/wp-json\/wp\/v2\/comments?post=26"}],"version-history":[{"count":55,"href":"https:\/\/blog.edu.turku.fi\/lyseo\/wp-json\/wp\/v2\/pages\/26\/revisions"}],"predecessor-version":[{"id":3310,"href":"https:\/\/blog.edu.turku.fi\/lyseo\/wp-json\/wp\/v2\/pages\/26\/revisions\/3310"}],"wp:attachment":[{"href":"https:\/\/blog.edu.turku.fi\/lyseo\/wp-json\/wp\/v2\/media?parent=26"}],"curies":[{"name":"wp","href":"https:\/\/api.w.org\/{rel}","templated":true}]}}