{"id":1524,"date":"2017-08-15T15:05:43","date_gmt":"2017-08-15T12:05:43","guid":{"rendered":"https:\/\/blog.edu.turku.fi\/lyseo\/?page_id=1524"},"modified":"2025-09-03T09:41:17","modified_gmt":"2025-09-03T06:41:17","slug":"jarjestyssaannot","status":"publish","type":"page","link":"https:\/\/blog.edu.turku.fi\/lyseo\/koulu-ja-koti\/jarjestyssaannot\/","title":{"rendered":"J\u00e4rjestyss\u00e4\u00e4nn\u00f6t"},"content":{"rendered":"<p>&nbsp;<\/p>\n<p><img loading=\"lazy\" decoding=\"async\" class=\"size-medium wp-image-2136 aligncenter\" src=\"https:\/\/blog.edu.turku.fi\/lyseo\/files\/2019\/01\/Talvinen-Lyseo-300x239.png\" alt=\"\" width=\"300\" height=\"239\" srcset=\"https:\/\/blog.edu.turku.fi\/lyseo\/files\/2019\/01\/Talvinen-Lyseo-300x239.png 300w, https:\/\/blog.edu.turku.fi\/lyseo\/files\/2019\/01\/Talvinen-Lyseo.png 640w\" sizes=\"auto, (max-width: 300px) 85vw, 300px\" \/><\/p>\n<p>&nbsp;<\/p>\n<p>Turun Lyseon koulun j\u00e4rjestyss\u00e4\u00e4nn\u00f6t l\u00f6ytyv\u00e4t alla olevasta linkist\u00e4.<\/p>\n<p><a href=\"https:\/\/blog.edu.turku.fi\/lyseo\/files\/2025\/09\/Turku-perusopetus-koulujen-yhteiset-jarjestyssaannot-2025.pdf\">Turku perusopetus &#8211; koulujen yhteiset j\u00e4rjestyss\u00e4\u00e4nn\u00f6t 2025<\/a><\/p>\n<p>Oppilaiden poissaolojen seurannassa noudatamme koulussa Turun kaupungin poissaoloihin puuttumisen ja koulupudokkuuden ennaltaehk\u00e4isyn toimintaperiaatteita.\u00a0<a href=\"https:\/\/blog.edu.turku.fi\/lyseo\/files\/2023\/09\/Veso_090823_Poissaolomalli_Turun-suomenkielinen-opetus_final-1.pdf\">Poissaolomalli Turun suomenkielinen opetus<\/a><\/p>\n<p>&nbsp;<\/p>\n","protected":false},"excerpt":{"rendered":"<p>&nbsp; &nbsp; Turun Lyseon koulun j\u00e4rjestyss\u00e4\u00e4nn\u00f6t l\u00f6ytyv\u00e4t alla olevasta linkist\u00e4. Turku perusopetus &#8211; koulujen yhteiset j\u00e4rjestyss\u00e4\u00e4nn\u00f6t 2025 Oppilaiden poissaolojen seurannassa noudatamme koulussa Turun kaupungin poissaoloihin puuttumisen ja koulupudokkuuden ennaltaehk\u00e4isyn toimintaperiaatteita.\u00a0Poissaolomalli Turun suomenkielinen opetus &nbsp;<\/p>\n","protected":false},"author":2047,"featured_media":0,"parent":26,"menu_order":0,"comment_status":"closed","ping_status":"closed","template":"","meta":{"footnotes":""},"class_list":["post-1524","page","type-page","status-publish","hentry"],"_links":{"self":[{"href":"https:\/\/blog.edu.turku.fi\/lyseo\/wp-json\/wp\/v2\/pages\/1524","targetHints":{"allow":["GET"]}}],"collection":[{"href":"https:\/\/blog.edu.turku.fi\/lyseo\/wp-json\/wp\/v2\/pages"}],"about":[{"href":"https:\/\/blog.edu.turku.fi\/lyseo\/wp-json\/wp\/v2\/types\/page"}],"author":[{"embeddable":true,"href":"https:\/\/blog.edu.turku.fi\/lyseo\/wp-json\/wp\/v2\/users\/2047"}],"replies":[{"embeddable":true,"href":"https:\/\/blog.edu.turku.fi\/lyseo\/wp-json\/wp\/v2\/comments?post=1524"}],"version-history":[{"count":20,"href":"https:\/\/blog.edu.turku.fi\/lyseo\/wp-json\/wp\/v2\/pages\/1524\/revisions"}],"predecessor-version":[{"id":3456,"href":"https:\/\/blog.edu.turku.fi\/lyseo\/wp-json\/wp\/v2\/pages\/1524\/revisions\/3456"}],"up":[{"embeddable":true,"href":"https:\/\/blog.edu.turku.fi\/lyseo\/wp-json\/wp\/v2\/pages\/26"}],"wp:attachment":[{"href":"https:\/\/blog.edu.turku.fi\/lyseo\/wp-json\/wp\/v2\/media?parent=1524"}],"curies":[{"name":"wp","href":"https:\/\/api.w.org\/{rel}","templated":true}]}}