{"id":1283,"date":"2017-01-01T17:28:41","date_gmt":"2017-01-01T15:28:41","guid":{"rendered":"https:\/\/blog.edu.turku.fi\/lyseo\/?page_id=1283"},"modified":"2026-02-24T09:14:26","modified_gmt":"2026-02-24T07:14:26","slug":"kerhot","status":"publish","type":"page","link":"https:\/\/blog.edu.turku.fi\/lyseo\/kerhot\/","title":{"rendered":"Kerhot"},"content":{"rendered":"<div class=\"ckeditor\">\n<h3><strong>Runosm\u00e4en yksik\u00f6n kerhotoiminta 2025 &#8211; 2026<\/strong><\/h3>\n<h4><strong>Iltap\u00e4iv\u00e4kerho eli IPPE ja aamup\u00e4iv\u00e4kerho Appe<\/strong><\/h4>\n<p>Alakoulun iltap\u00e4iv\u00e4kerho on tarkoitettu 1.-2.luokkien oppilaille, jotka ovat ilmoittautuneet aamu- tai iltap\u00e4iv\u00e4kerhoon.<\/p>\n<p><strong>Iltap\u00e4iv\u00e4toiminta<\/strong>\u00a0(TPS salibandy)<br \/>\n040 684 8175\u00a0 (ippe@tpssalibandy.fi)<\/p>\n<\/div>\n<h4>TSemppikerhot<\/h4>\n<div class=\"ckeditor\">\n<p><strong>Tsemppikerho<\/strong>\u00a0voi toimia tilap\u00e4isen\u00e4\u00a0tai jatkuvana tukimuotona esim. oppilaalle, jolla on paljon l\u00e4ksyunohduksia ja\/tai haasteita omatoimisessa l\u00e4ksyjen teossa. Tsemppikerhossa voidaan harjoitella ja tukea my\u00f6s\u00a0mm. oppilaan opiskelutaitoja, luetunymm\u00e4rt\u00e4misen taitoja sek\u00e4 kokeisiin harjoittelemista\u00a0ja valmistautumista.<\/p>\n<p><strong>Alakoulun Tsemppikerhoon<\/strong> ilmoittaudutaan luokanopettajan kautta etuk\u00e4teen\/ opettaja l\u00e4hett\u00e4\u00e4 oppilaan tsemppikerhoon.<\/p>\n<ul>\n<li><strong>MA, TI ja TO klo 12-15<\/strong><\/li>\n<li><strong>KE<\/strong>\u00a0HOX! uutuusstemppi\u00a0<strong>klo 8-9 + 12-15<\/strong><\/li>\n<li><strong>PE 12 &#8211; 14<\/strong><\/li>\n<\/ul>\n<p><strong>Yl\u00e4koulun Tsemppikerho<\/strong> toimii ilman ilmoittautumista. Tsemppikerhossa on mahdollista tehd\u00e4 l\u00e4ksyj\u00e4 sek\u00e4 harjoitella kokeisiin. Kerhossa apua antavat ohjaajat.<\/p>\n<ul>\n<li>tiistaisin klo 15-16 (luokka A214B V\u00e4h\u00e4kankaan luokka)<\/li>\n<li>keskiviikkoisin klo 14-16\u00a0(luokka A214B V\u00e4h\u00e4kankaan luokka)<\/li>\n<li>perjantaisin klo 14-15 (luokka A 211b Kuvataideluokka)<\/li>\n<\/ul>\n<\/div>\n<h4>muut kerhot<\/h4>\n<div class=\"ckeditor\">\n<p>Linkki harrastelukkariin:<\/p>\n<p><a href=\"https:\/\/www.turku.fi\/harrastelukkarit\">Turun koulukohtaiset harrastelukkarit | Turku.fi<\/a><\/p>\n<p><strong><u>MAANANTAI<\/u><\/strong><\/p>\n<p>klo 14-15 Askartelukerho 3.-6.-luokkalaisille, ohjaaja Jemina Hy\u00f6kki<\/p>\n<p>klo 15-16 Liikuntakerho 4.-6.-luokkalaisille Nunnavuoren palloiluhallilla, ohjaaja Tiia Vuorinen<\/p>\n<p><u><strong>TIISTAI<\/strong><\/u><\/p>\n<p>klo 14.15-15.15 Lauta- ja korttipelikerho 2.-3.-luokkalaisille, ohjaaja Jaana Halonen<\/p>\n<p>klo 14.30-15.45 Tytt\u00f6jen jalkapallokerho 4.-6.-luokkalaisille, ohjaaja Malwina Richert<\/p>\n<p>klo 15-16 Jalkapallokerho 3.-6.-luokkalaisille Nunnavuoren palloiluhallilla<\/p>\n<ul>\n<li style=\"list-style-type: none\">\n<ul>\n<li style=\"list-style-type: none\">\n<ul>\n<li style=\"list-style-type: none\">\n<ul>\n<li style=\"list-style-type: none\">\n<ul>\n<li>Syksyll\u00e4 kerho toimii viikoilla 37-47 (10 kerhokertaa)<\/li>\n<li>ja kev\u00e4\u00e4ll\u00e4 viikoilla 3-20 (16 kerhokertaa), jos ei toisin mainita.<\/li>\n<li>Huom. kerhoa ei j\u00e4rjestet\u00e4 koulun loma-aikoina.<\/li>\n<\/ul>\n<\/li>\n<\/ul>\n<\/li>\n<\/ul>\n<\/li>\n<\/ul>\n<\/li>\n<\/ul>\n<p><strong><u>KESKIVIIKKO<\/u><\/strong><\/p>\n<p>13.00-15.00 Suomea pelaillen -kerho 5.-6.-luokkalaisille, ohjaaja Erkka Saarinen ja Milja Majanlahti<\/p>\n<p>13.15-14.45 (parilliset viikot) B\u00e4ndikerho 4.-6.-luokkalaisille, ohjaaja Lasse Lehto<\/p>\n<p>klo 14-15 Taidetta ja draamaa -kerho 6.-7.-luokkalaisille, ohjaaja Ida Saari<\/p>\n<p>klo 14.15-15.15 Fantasiakerho, 3.\u20136.-luokkalaisille Runosm\u00e4en kirjastossa, ohjaajana toimii Alisa Salonen ja Emma Virta<\/p>\n<p>klo 14.30-15.30 Ohjelmointikerho 1.-3.-luokkalaisille, C214, ohjaajana Krista Selin (School of Gaming)<\/p>\n<p>klo 15-16 Liikuntakerho 1.-3.-luokkalaisille Nunnavuoren palloiluhallilla, ohjaajana Tiia Vuorinen<\/p>\n<p><strong><u>TORSTAI<\/u><\/strong><\/p>\n<p>klo 13.00-14.30 Kuvataidekerho, 3.\u20136.-luokkalaisille,\u00a0 ohjaaja Katja Mesik\u00e4mmen<\/p>\n<p>klo 14.30-15.45 \u00a0Poikien jalkapallokerho 4.-6.-luokkalaisille, ohjaaja Malwina Richert<\/p>\n<p><strong><u>PERJANTAI<\/u><\/strong><\/p>\n<p>&nbsp;<\/p>\n<p><strong><u>LIIKUNTAKERHOT:<\/u><\/strong><\/p>\n<p><strong>RUNOSM\u00c4EN PALLOILUHALLI, kokoontuminen Palloiluhallin edess\u00e4<\/strong><\/p>\n<p>Varustuksena sis\u00e4liikuntavarustus ja vesipullo<\/p>\n<h4>Riimin kerhot alakoululaisille:<\/h4>\n<p>&nbsp;<\/p>\n<p><a href=\"https:\/\/blog.edu.turku.fi\/lyseo\/files\/2024\/08\/aku-ankka-e1723740965461.jpg\"><img loading=\"lazy\" decoding=\"async\" class=\"size-medium wp-image-3291 aligncenter\" src=\"https:\/\/blog.edu.turku.fi\/lyseo\/files\/2024\/08\/aku-ankka-e1723740965461-186x300.jpg\" alt=\"\" width=\"186\" height=\"300\" srcset=\"https:\/\/blog.edu.turku.fi\/lyseo\/files\/2024\/08\/aku-ankka-e1723740965461-186x300.jpg 186w, https:\/\/blog.edu.turku.fi\/lyseo\/files\/2024\/08\/aku-ankka-e1723740965461.jpg 576w\" sizes=\"auto, (max-width: 186px) 85vw, 186px\" \/><\/a><\/p>\n<\/div>\n<p>&nbsp;<\/p>\n","protected":false},"excerpt":{"rendered":"<p>Runosm\u00e4en yksik\u00f6n kerhotoiminta 2025 &#8211; 2026 Iltap\u00e4iv\u00e4kerho eli IPPE ja aamup\u00e4iv\u00e4kerho Appe Alakoulun iltap\u00e4iv\u00e4kerho on tarkoitettu 1.-2.luokkien oppilaille, jotka ovat ilmoittautuneet aamu- tai iltap\u00e4iv\u00e4kerhoon. Iltap\u00e4iv\u00e4toiminta\u00a0(TPS salibandy) 040 684 8175\u00a0 (ippe@tpssalibandy.fi) TSemppikerhot Tsemppikerho\u00a0voi toimia tilap\u00e4isen\u00e4\u00a0tai jatkuvana tukimuotona esim. oppilaalle, jolla on paljon l\u00e4ksyunohduksia ja\/tai haasteita omatoimisessa l\u00e4ksyjen teossa. Tsemppikerhossa voidaan harjoitella ja tukea my\u00f6s\u00a0mm. oppilaan opiskelutaitoja, &hellip; <a href=\"https:\/\/blog.edu.turku.fi\/lyseo\/kerhot\/\" class=\"more-link\">Jatka lukemista<span class=\"screen-reader-text\"> &#8221;Kerhot&#8221;<\/span><\/a><\/p>\n","protected":false},"author":2047,"featured_media":3321,"parent":0,"menu_order":0,"comment_status":"closed","ping_status":"closed","template":"","meta":{"footnotes":""},"class_list":["post-1283","page","type-page","status-publish","has-post-thumbnail","hentry"],"_links":{"self":[{"href":"https:\/\/blog.edu.turku.fi\/lyseo\/wp-json\/wp\/v2\/pages\/1283","targetHints":{"allow":["GET"]}}],"collection":[{"href":"https:\/\/blog.edu.turku.fi\/lyseo\/wp-json\/wp\/v2\/pages"}],"about":[{"href":"https:\/\/blog.edu.turku.fi\/lyseo\/wp-json\/wp\/v2\/types\/page"}],"author":[{"embeddable":true,"href":"https:\/\/blog.edu.turku.fi\/lyseo\/wp-json\/wp\/v2\/users\/2047"}],"replies":[{"embeddable":true,"href":"https:\/\/blog.edu.turku.fi\/lyseo\/wp-json\/wp\/v2\/comments?post=1283"}],"version-history":[{"count":63,"href":"https:\/\/blog.edu.turku.fi\/lyseo\/wp-json\/wp\/v2\/pages\/1283\/revisions"}],"predecessor-version":[{"id":3528,"href":"https:\/\/blog.edu.turku.fi\/lyseo\/wp-json\/wp\/v2\/pages\/1283\/revisions\/3528"}],"wp:featuredmedia":[{"embeddable":true,"href":"https:\/\/blog.edu.turku.fi\/lyseo\/wp-json\/wp\/v2\/media\/3321"}],"wp:attachment":[{"href":"https:\/\/blog.edu.turku.fi\/lyseo\/wp-json\/wp\/v2\/media?parent=1283"}],"curies":[{"name":"wp","href":"https:\/\/api.w.org\/{rel}","templated":true}]}}