{"id":1209,"date":"2016-10-28T10:41:26","date_gmt":"2016-10-28T07:41:26","guid":{"rendered":"https:\/\/blog.edu.turku.fi\/lyseo\/?page_id=1209"},"modified":"2026-02-25T17:31:58","modified_gmt":"2026-02-25T15:31:58","slug":"haku-ja-valinnaisuus","status":"publish","type":"page","link":"https:\/\/blog.edu.turku.fi\/lyseo\/haku-ja-valinnaisuus\/","title":{"rendered":"Haku ja valinnaisuus"},"content":{"rendered":"<h1>Miten<strong> haen koulun oppilaaksi?<\/strong><\/h1>\n<p>Olemme Runosm\u00e4ess\u00e4 sijaitseva kahden eri yksik\u00f6n l\u00e4hi\u00f6koulu, jossa toimivat yleisopetuksen luokat 1-9.<\/p>\n<p>Ohjeet ensimm\u00e4iselle luokalle ilmoittautumisesta l\u00f6ytyv\u00e4t t\u00e4\u00e4lt\u00e4:<\/p>\n<p><a href=\"https:\/\/www.turku.fi\/paivahoito-ja-koulutus\/perusopetus\/koulupaikan-maaraytyminen\/ilmoittautuminen-1-luokalle\" target=\"_blank\" rel=\"noopener noreferrer\">Kaupungin ohjeistus 1. luokan aloittamisesta<\/a><\/p>\n<p>Ohjeet seitsem\u00e4nnelle luokalle siirtymiseen l\u00f6ytyv\u00e4t t\u00e4\u00e4lt\u00e4:<\/p>\n<p><a href=\"https:\/\/www.turku.fi\/paivahoito-ja-koulutus\/perusopetus\/ilmoittautuminen-ja-koulun-vaihto\/siirtyminen-7-luokalle\" target=\"_blank\" rel=\"noopener noreferrer\">Kaupungin ohjeistus 7. luokalle siirtymisest\u00e4<\/a><\/p>\n<p>&nbsp;<\/p>\n<h1><strong>Mit\u00e4 valinnaisia aineita on luokilla 3-6?<\/strong><\/h1>\n<h3><strong>Valinnaisaineet 3. luokalla<\/strong><\/h3>\n<p>Lyseon koulun <strong>kolmannella luokalla <\/strong>valinnaiset kaksi vuosiviikkotuntia jaetaan kahden eri taide- ja taitoaineen kesken, jotka ovat t\u00e4n\u00e4 lukuvuonna <strong>musiikki ja kuvataide<\/strong>.<\/p>\n<h3><strong>Valinnaiset aineet vuosiluokilla 4-6<\/strong><\/h3>\n<p><a href=\"https:\/\/edumailturku.sharepoint.com\/:b:\/s\/TurunLyseonkouluJULKINEN\/IQCE81qt8kglQ4LeiTqfqGJCAXDTE27xXGMpGPkuEuWttro?e=WOpWCA\" target=\"_blank\" rel=\"noopener\">Valinnaisaineet 2026-2027<\/a><\/p>\n<p>Turun Lyseon koulussa:<br \/>\n\u2022 4. luokan oppilas opiskelee lukuvuoden aikana kahta lyhytt\u00e4 valinnaisainetta lukuvuodessa<br \/>\n(2x 0,5vvt)<br \/>\n\u2022 5. ja 6. luokan oppilas opiskelee lukuvuoden aikana kolmea valinnaisainetta lukuvuodessa:<br \/>\nyht\u00e4 pitk\u00e4\u00e4 (1x 1vvt) ja kahta lyhytt\u00e4 (2x 0,5vvt)<br \/>\n\u2022 Kaikki tarjolla olevat soveltavat valinnaisaineet arvioidaan merkinn\u00e4ll\u00e4 hyv\u00e4ksytty\/hyl\u00e4tty (S\/H).<br \/>\n\u2022 Todistuksiin merkit\u00e4\u00e4n vuosiviikkotuntim\u00e4\u00e4r\u00e4 sek\u00e4 arviointimerkint\u00e4.<\/p>\n<p>\u2022 Valinnaisaineet on teemoiteltu koreittain. Tarjolla on seuraavat korit.<br \/>\n\u2022 Taiteet ja luovuus<br \/>\n\u2022 Liikunta ja hyvinvointi<br \/>\n\u2022 Kielet ja vaikuttaminen<br \/>\n\u2022 Tieteet ja teknologia<\/p>\n<h1><strong>Mit\u00e4 valinnaisia aineita on yl\u00e4koulussa?<\/strong><\/h1>\n<h3><strong>Valinnaiset aineet luokilla 8-9<\/strong><\/h3>\n<p>Tarjottavat kurssit voivat vaihdella niin, ett\u00e4 ne ovat jatkumona esimerkiksi kotitalouden tai teknisen ty\u00f6n opinnoille tai niit\u00e4 voi suorittaa erillisin\u00e4 kokonaisuuksina joko 8. tai 9. luokalla. Valinnaisten aineiden tarjonta p\u00e4\u00e4tet\u00e4\u00e4n lukuvuosittain ja niiden sis\u00e4ll\u00f6t kuvataan koulun lukuvuosisuunnitelmassa.<\/p>\n<p>Esivalinnasta saatujen tietojen perusteella lopulliset valinnat tehd\u00e4\u00e4n maaliskuussa\u00a0 opinto-ohjaajan tunneilla tai RO-tunneilla.<\/p>\n<p><strong>Valinnaisaineiden tuntim\u00e4\u00e4r\u00e4t:<\/strong><\/p>\n<p>8. luokalla \u00a0 \u00a0 \u00a0\u00a0 2+2+1<\/p>\n<p>9. luokalla \u00a0 \u00a0 \u00a0\u00a0 2+2+1<\/p>\n<p>&nbsp;<\/p>\n<p class=\"wilma\"><strong class=\"wilma\">Tutustu seuraavan lukuvuoden\u00a0<span class=\"wilma\">2025-2026<\/span> VALINNAISTEN AINEIDEN TARJONTAAN oheisen linkin kautta:\u00a0<a href=\"https:\/\/edumailturku-my.sharepoint.com\/:b:\/g\/personal\/siiri_rivala_edu_turku_fi\/EZiJLgW-bvBAoU3-M2kFseYBoGUh0YP_8WW9Q6P9n_dKdQ?e=XGbUSv\" target=\"_blank\" rel=\"noopener\">Valinnaisaineet 2025-2026<\/a><\/strong><\/p>\n<p>&nbsp;<\/p>\n<h1 class=\"wilma\"><strong class=\"wilma\">Mit\u00e4 p<\/strong><strong class=\"wilma\">eruskoulun j\u00e4lkeen?<\/strong><\/h1>\n<p class=\"wilma\">Yhteishaku toteutetaan 9. luokalla oppilaan ohjaajan ohjeistuksen mukaisesti.<\/p>\n<p class=\"wilma\"><strong class=\"wilma\">Tutustu oppilaanohjaaja P\u00e4ivi Ekdahlin laatimaan huoltajaillassa esitettyyn materiaaliin:\u00a0\u00a0<\/strong><\/p>\n<p><a href=\"https:\/\/blog.edu.turku.fi\/lyseo\/files\/2024\/02\/YHTEISHAKU-info-2024.pdf\">YHTEISHAKU info 2024<\/a><\/p>\n<p>&nbsp;<\/p>\n<p>&nbsp;<\/p>\n","protected":false},"excerpt":{"rendered":"<p>Miten haen koulun oppilaaksi? Olemme Runosm\u00e4ess\u00e4 sijaitseva kahden eri yksik\u00f6n l\u00e4hi\u00f6koulu, jossa toimivat yleisopetuksen luokat 1-9. Ohjeet ensimm\u00e4iselle luokalle ilmoittautumisesta l\u00f6ytyv\u00e4t t\u00e4\u00e4lt\u00e4: Kaupungin ohjeistus 1. luokan aloittamisesta Ohjeet seitsem\u00e4nnelle luokalle siirtymiseen l\u00f6ytyv\u00e4t t\u00e4\u00e4lt\u00e4: Kaupungin ohjeistus 7. luokalle siirtymisest\u00e4 &nbsp; Mit\u00e4 valinnaisia aineita on luokilla 3-6? Valinnaisaineet 3. luokalla Lyseon koulun kolmannella luokalla valinnaiset kaksi vuosiviikkotuntia &hellip; <a href=\"https:\/\/blog.edu.turku.fi\/lyseo\/haku-ja-valinnaisuus\/\" class=\"more-link\">Jatka lukemista<span class=\"screen-reader-text\"> &#8221;Haku ja valinnaisuus&#8221;<\/span><\/a><\/p>\n","protected":false},"author":2047,"featured_media":2116,"parent":0,"menu_order":0,"comment_status":"closed","ping_status":"closed","template":"","meta":{"footnotes":""},"class_list":["post-1209","page","type-page","status-publish","has-post-thumbnail","hentry"],"_links":{"self":[{"href":"https:\/\/blog.edu.turku.fi\/lyseo\/wp-json\/wp\/v2\/pages\/1209","targetHints":{"allow":["GET"]}}],"collection":[{"href":"https:\/\/blog.edu.turku.fi\/lyseo\/wp-json\/wp\/v2\/pages"}],"about":[{"href":"https:\/\/blog.edu.turku.fi\/lyseo\/wp-json\/wp\/v2\/types\/page"}],"author":[{"embeddable":true,"href":"https:\/\/blog.edu.turku.fi\/lyseo\/wp-json\/wp\/v2\/users\/2047"}],"replies":[{"embeddable":true,"href":"https:\/\/blog.edu.turku.fi\/lyseo\/wp-json\/wp\/v2\/comments?post=1209"}],"version-history":[{"count":62,"href":"https:\/\/blog.edu.turku.fi\/lyseo\/wp-json\/wp\/v2\/pages\/1209\/revisions"}],"predecessor-version":[{"id":3529,"href":"https:\/\/blog.edu.turku.fi\/lyseo\/wp-json\/wp\/v2\/pages\/1209\/revisions\/3529"}],"wp:featuredmedia":[{"embeddable":true,"href":"https:\/\/blog.edu.turku.fi\/lyseo\/wp-json\/wp\/v2\/media\/2116"}],"wp:attachment":[{"href":"https:\/\/blog.edu.turku.fi\/lyseo\/wp-json\/wp\/v2\/media?parent=1209"}],"curies":[{"name":"wp","href":"https:\/\/api.w.org\/{rel}","templated":true}]}}