{"id":12,"date":"2013-04-19T09:32:24","date_gmt":"2013-04-19T06:32:24","guid":{"rendered":"https:\/\/blog.edu.turku.fi\/lyseo\/?page_id=12"},"modified":"2026-02-24T08:10:38","modified_gmt":"2026-02-24T06:10:38","slug":"opettajakunta","status":"publish","type":"page","link":"https:\/\/blog.edu.turku.fi\/lyseo\/opettajakunta\/","title":{"rendered":"Yhteystiedot"},"content":{"rendered":"<h1><strong><a href=\"https:\/\/blog.edu.turku.fi\/lyseo\/2016\/08\/04\/torstaina-18-8-taas-tavataan\/lyseon-koulu-2\/\" rel=\"attachment wp-att-1019\"><img loading=\"lazy\" decoding=\"async\" class=\"size-medium wp-image-1019 alignnone\" src=\"https:\/\/blog.edu.turku.fi\/lyseo\/files\/2016\/08\/Lyseon-koulu-300x100.png\" alt=\"Lyseon koulu\" width=\"300\" height=\"100\" srcset=\"https:\/\/blog.edu.turku.fi\/lyseo\/files\/2016\/08\/Lyseon-koulu-300x100.png 300w, https:\/\/blog.edu.turku.fi\/lyseo\/files\/2016\/08\/Lyseon-koulu.png 382w\" sizes=\"auto, (max-width: 300px) 85vw, 300px\" \/><\/a><\/strong><\/h1>\n<p>&nbsp;<\/p>\n<p><b><span style=\"font-family: Georgia\">Yhteydenotot puhelimitse, s\u00e4hk\u00f6postitse (etunimi.sukunimi@edu.turku.fi) tai Wilma-viestill\u00e4<\/span><\/b><\/p>\n<h2>HENKIL\u00d6KUNTA<\/h2>\n<p><strong>Rehtori<\/strong><br \/>\nTiina Taskinen, 040 537 6269<\/p>\n<p><strong>Apulaisrehtori\u00a0 (vt)<\/strong><br \/>\nPiritta Repo,\u00a0 040 480 3793<\/p>\n<p><strong>Koulusihteeri<\/strong><br \/>\nKatja J\u00e4rvinen, 040 182 6102<\/p>\n<p><strong>Kouluterveydenhoitaja<\/strong><br \/>\nLiisa Blomqvist, 040 192 3809, liisa.blomqvist@varha.fi<\/p>\n<p><strong>Koulukuraattori<\/strong><br \/>\nMari Knaapi, 050 432 3589, mari.knaapi@varha.fi<\/p>\n<p><strong>Koulupsykologi<br \/>\n<\/strong>Hanna Norri, hanna.norri@varha.fi<\/p>\n<p><strong>Psykiatrinen sairaanhoitaja<br \/>\n<\/strong>Elise Yli-Peltola, 040 615 3374, elise.yli-peltola@varha.fi (alakoulu)<br \/>\nSami Laaksonen, sami.laaksonen@varha.fi (yl\u00e4koulu)<\/p>\n<p><strong>Oppilaanohjaaja<\/strong><br \/>\nP\u00e4ivi Ekdahl, 044 907 4701 (paivi.j.ekdahl@edu.turku.fi)<\/p>\n<p><strong>Erityisopettajat<\/strong><br \/>\n<strong>1.-3.lk<\/strong><br \/>\nVirpi Saarinen, 044 907 4704<\/p>\n<p><strong>3.-6.lk<\/strong><br \/>\nMarjo Ronkainen, 040 182 3762<\/p>\n<p><strong>7.-9.lk<\/strong><br \/>\nNina Niemel\u00e4, 040 637 2789<br \/>\nNoora Joutsenlahti, 044 907 2952<\/p>\n<p><strong>Iltap\u00e4iv\u00e4toiminta<\/strong> (TPS salibandy)<br \/>\n040 684 8175\u00a0 (ippe@tpssalibandy.fi)<\/p>\n<p><strong>Koulunk\u00e4ynninohjaajat<\/strong><\/p>\n<p>Jenna Lindfors<br \/>\nJemina Hy\u00f6kki<br \/>\nTiia Vuorinen<br \/>\nJenna Laine<br \/>\nMagdalena Biela<\/p>\n<p>Omankielen ohjaajat:<br \/>\nMarina Aladashvili (ven\u00e4j\u00e4)<br \/>\nAden Osman (somali)<\/p>\n<p><strong>Kiinteist\u00f6nhoito \/ Coor Service Management<\/strong><\/p>\n<p><strong>Koulukeitti\u00f6 \/ Kaarea<\/strong><\/p>\n<p>Maarit Raita,\u00a0 040 620 9064<\/p>\n<p><strong>Kiinteist\u00f6n siivouspalvelu \/ ISS<\/strong><\/p>\n<p>&nbsp;<\/p>\n<div class=\"entry-content\">\n<h2><strong>RUNOSM\u00c4EN YKSIK\u00d6N LUOKANOPETTAJAT JA LUOKANOHJAAJAT 2025-2026<\/strong><\/h2>\n<p><strong><br \/>\n1A<br \/>\n<\/strong>Janina Sademaa, 044 907 3154<\/p>\n<p><strong>1B<br \/>\n<\/strong>Sirkka-Liisa Malin, 040 483 4957<\/p>\n<p><strong>1C\u00a0 \u00a0 \u00a0 \u00a0 \u00a0 \u00a0 \u00a0 \u00a0 \u00a0<\/strong><br \/>\nTuuli Kauppila, 044 491 4378<\/p>\n<p><strong>1H<br \/>\n<\/strong>Lasse Lehto, 044 907 5273<br \/>\nkko Jaana Moilanen<\/p>\n<p><strong>2A<br \/>\n<\/strong>Saara Nousiainen, 040 480 3798<\/p>\n<p><strong>2B\u00a0 \u00a0 \u00a0 \u00a0 \u00a0 \u00a0 \u00a0 \u00a0 \u00a0<\/strong><br \/>\nDaria Korkka, 040 199 6028<\/p>\n<p><strong>2H<\/strong><br \/>\nSofia Valtonen, 044 907 5146<br \/>\nkko Sara Koivula<\/p>\n<p><strong>3A<br \/>\n<\/strong>Erkka Saarinen, 044 907 5231<\/p>\n<p><strong>3B<br \/>\n<\/strong>Ida Saari,\u00a0 040 545 9056<strong><br \/>\n<\/strong><\/p>\n<p><strong>3C<br \/>\n<\/strong>Tove Eklund, 044 907 5140<\/p>\n<p><strong>3H<br \/>\n<\/strong>Jenna R\u00e4s\u00e4nen, 044 907 5407<br \/>\nkko Jaana Halonen<\/p>\n<p><strong>4A<br \/>\n<\/strong>Jonathan Kelhu, 044 901 1207<\/p>\n<p><strong>4-5C\u00a0 \u00a0 \u00a0 \u00a0 \u00a0 \u00a0 \u00a0 \u00a0 \u00a0<\/strong><br \/>\nMiretta Kujam\u00e4ki, 044 907 5143<\/p>\n<p><strong>4H<br \/>\n<\/strong>Jenna Kuikka, 040 624 0573<br \/>\nkko Kati Bednarek<\/p>\n<p><strong>5A<br \/>\n<\/strong>Hannu Rantama,\u00a0 040 671 7025<\/p>\n<p><strong>5B<\/strong><br \/>\nSiiri Rivala,\u00a0 040 635 8161<\/p>\n<p><strong>5H<br \/>\n<\/strong>Atte Nurmi, 040 536 9788<br \/>\nkko Malwina Richert<\/p>\n<p><strong>6A<br \/>\n<\/strong>P\u00e4ivi Hynynen,\u00a0 040 637 3029<\/p>\n<p><strong>6B<br \/>\n<\/strong>Tuomas Murtomaa,\u00a0 040 657 8910<\/p>\n<p><strong>VALMO, alakoulu<\/strong><br \/>\nAnna Rezessy, 044 907 4855<br \/>\nkko Iida Markkanen<\/p>\n<p><strong>7A\u00a0 \u00a0 \u00a0 \u00a0 \u00a0 \u00a0 \u00a0 \u00a0<\/strong><br \/>\nMarko M\u00e4kinen, 040 671 5635<\/p>\n<p><strong>7B<br \/>\n<\/strong>Tua Nikula,\u00a0040 761 3841<\/p>\n<p><strong>7C\u00a0 \u00a0 \u00a0 \u00a0 \u00a0 \u00a0 \u00a0 \u00a0<\/strong><br \/>\nMirka Vuorinen, 040 671 7020<\/p>\n<p><strong>7D<\/strong><br \/>\nHoda Al Bermanei, 044 907 5314<\/p>\n<p><strong>8A<br \/>\n<\/strong>Taina Moisio, 044 907 4703<\/p>\n<p><strong>8B\u00a0 \u00a0 \u00a0 \u00a0 \u00a0 \u00a0 \u00a0 <\/strong><br \/>\nEmilia Pyk\u00e4ri, 044 753 1045<\/p>\n<p><strong>8C<br \/>\n<\/strong>Heikki Toivio, 044 907 4708<\/p>\n<p><strong>8D<\/strong><br \/>\nJuha-Pekka Reinikainen, 040 536 9459<\/p>\n<p><strong>9A\u00a0 \u00a0 \u00a0 \u00a0 \u00a0 \u00a0 \u00a0 <\/strong><br \/>\nNina Vapola, 040 670 3190<\/p>\n<p><strong>9B<br \/>\n<\/strong> Merja M\u00e4enp\u00e4\u00e4, 040 671 5692<\/p>\n<p><strong>9C<br \/>\n<\/strong>Tiina V\u00e4h\u00e4kangas, 040 671 5382<\/p>\n<p><strong>VALMO\u00a0\u00a0\u00a0\u00a0\u00a0\u00a0\u00a0<\/strong><br \/>\nP\u00e4ivi Ekqvist,\u00a0 040 187 3367<br \/>\nkko Mohammed Faouzi<\/p>\n<h2>MUU <strong>OPETUSHENKIL\u00d6ST\u00d6 <\/strong><\/h2>\n<\/div>\n<div class=\"entry-content\">\n<p><strong>Sanna Tomberg<br \/>\n<\/strong>(Musiikki, 040 480 9078)<\/p>\n<p><strong>Julia Riihim\u00e4ki<br \/>\n<\/strong>(Suomi toisena kielen\u00e4, 044 907 5144)<\/p>\n<p><strong>Juha Jokinen<br \/>\n<\/strong>(Suomi toisena kielen\u00e4, 044 907 4702)<\/p>\n<p><strong>Mari Laijola<\/strong><br \/>\n(Katsomusaineet ja Suomi toisena kielen\u00e4, 040 481 4087)<\/p>\n<p><strong>Katja Wegelius<br \/>\n<\/strong>(Biologia ja maantieto, 040 671 6979)<\/p>\n<p><strong>Mika Saarela<\/strong><br \/>\n(Uskonto, historia ja yhteiskuntaoppi,\u00a0 040 352 8369)<\/p>\n<p><strong>Marjut Ollila<\/strong><br \/>\n(Kielet, 044 907 5816)<\/p>\n<p><strong>Katri Toimela<\/strong><br \/>\n(Kietu, 044 795 0008)<\/p>\n<p><strong>Anne Vilander<\/strong><br \/>\n(Tekstiility\u00f6, 044 907 5438)<\/p>\n<p><strong>Jari H\u00f6rkk\u00f6<\/strong><br \/>\n(Tekninen k\u00e4sity\u00f6)<\/p>\n<p><strong>Lisa Titovets<\/strong><br \/>\n(liikunta, 044 902 5077)<\/p>\n<p><strong>Pauli Haahti<\/strong><br \/>\n(resurssiopettaja, 044 907 5045)<\/p>\n<p>Opetushenkil\u00f6st\u00f6\u00f6n kuuluu my\u00f6s useita omankielen ja<br \/>\neri katsomusaineiden opettajia.<\/p>\n<p>&nbsp;<\/p>\n<\/div>\n<h2>TURUN LYSEON KOULUN RUNOSM\u00c4EN YKSIK\u00d6N OSOITE<\/h2>\n<p><strong>Varusmestarintie 19, 20360 Turku<\/strong><\/p>\n<p>&nbsp;<\/p>\n\n<!-- iframe plugin v.6.0 wordpress.org\/plugins\/iframe\/ -->\n<iframe loading=\"lazy\" src=\"https:\/\/www.google.com\/maps\/embed?pb=!1m18!1m12!1m3!1d1965.1976977472816!2d22.264684216379862!3d60.49146678208041!2m3!1f0!2f0!3f0!3m2!1i1024!2i768!4f13.1!3m3!1m2!1s0x468c7677dbb7b9f3%3A0x821d39ceb5bd913f!2sVarusmestarintie+19%2C+20360+Turku!5e0!3m2!1sfi!2sfi!4v1477641953817\" width=\"600\" height=\"450\" frameborder=\"0\" style=\"border:0\" 0=\"allowfullscreen&gt;&lt;\/iframe\" scrolling=\"yes\" class=\"iframe-class\"><\/iframe>\n\n<p>&nbsp;<\/p>\n<p>&nbsp;<\/p>\n<p>&nbsp;<\/p>\n","protected":false},"excerpt":{"rendered":"<p>&nbsp; Yhteydenotot puhelimitse, s\u00e4hk\u00f6postitse (etunimi.sukunimi@edu.turku.fi) tai Wilma-viestill\u00e4 HENKIL\u00d6KUNTA Rehtori Tiina Taskinen, 040 537 6269 Apulaisrehtori\u00a0 (vt) Piritta Repo,\u00a0 040 480 3793 Koulusihteeri Katja J\u00e4rvinen, 040 182 6102 Kouluterveydenhoitaja Liisa Blomqvist, 040 192 3809, liisa.blomqvist@varha.fi Koulukuraattori Mari Knaapi, 050 432 3589, mari.knaapi@varha.fi Koulupsykologi Hanna Norri, hanna.norri@varha.fi Psykiatrinen sairaanhoitaja Elise Yli-Peltola, 040 615 3374, elise.yli-peltola@varha.fi (alakoulu) Sami &hellip; <a href=\"https:\/\/blog.edu.turku.fi\/lyseo\/opettajakunta\/\" class=\"more-link\">Jatka lukemista<span class=\"screen-reader-text\"> &#8221;Yhteystiedot&#8221;<\/span><\/a><\/p>\n","protected":false},"author":403,"featured_media":711,"parent":0,"menu_order":2,"comment_status":"closed","ping_status":"closed","template":"","meta":{"footnotes":""},"class_list":["post-12","page","type-page","status-publish","has-post-thumbnail","hentry"],"_links":{"self":[{"href":"https:\/\/blog.edu.turku.fi\/lyseo\/wp-json\/wp\/v2\/pages\/12","targetHints":{"allow":["GET"]}}],"collection":[{"href":"https:\/\/blog.edu.turku.fi\/lyseo\/wp-json\/wp\/v2\/pages"}],"about":[{"href":"https:\/\/blog.edu.turku.fi\/lyseo\/wp-json\/wp\/v2\/types\/page"}],"author":[{"embeddable":true,"href":"https:\/\/blog.edu.turku.fi\/lyseo\/wp-json\/wp\/v2\/users\/403"}],"replies":[{"embeddable":true,"href":"https:\/\/blog.edu.turku.fi\/lyseo\/wp-json\/wp\/v2\/comments?post=12"}],"version-history":[{"count":220,"href":"https:\/\/blog.edu.turku.fi\/lyseo\/wp-json\/wp\/v2\/pages\/12\/revisions"}],"predecessor-version":[{"id":3526,"href":"https:\/\/blog.edu.turku.fi\/lyseo\/wp-json\/wp\/v2\/pages\/12\/revisions\/3526"}],"wp:featuredmedia":[{"embeddable":true,"href":"https:\/\/blog.edu.turku.fi\/lyseo\/wp-json\/wp\/v2\/media\/711"}],"wp:attachment":[{"href":"https:\/\/blog.edu.turku.fi\/lyseo\/wp-json\/wp\/v2\/media?parent=12"}],"curies":[{"name":"wp","href":"https:\/\/api.w.org\/{rel}","templated":true}]}}