{"id":101,"date":"2013-05-30T19:48:54","date_gmt":"2013-05-30T16:48:54","guid":{"rendered":"https:\/\/blog.edu.turku.fi\/lyseo\/?page_id=101"},"modified":"2025-08-12T09:08:17","modified_gmt":"2025-08-12T06:08:17","slug":"tukioppilaat","status":"publish","type":"page","link":"https:\/\/blog.edu.turku.fi\/lyseo\/koulu-ja-koti\/tukioppilaat\/","title":{"rendered":"Yhteis\u00f6llisyytt\u00e4 ja oppilaan osallisuutta tukeva toiminta"},"content":{"rendered":"<h1 class=\"entry-title\">Oppilaskuntatoiminta<\/h1>\n<p>&nbsp;<\/p>\n<p><!-- .entry-header --><\/p>\n<div class=\"entry-content\">\n<p>Oppilaskuntaan kuuluvat kaikki Lyseon oppilaat. Lopullinen kokoonpano oppilaskunnan hallituksen j\u00e4senist\u00e4\u00a0valitaan syyslukukauden alussa. Turun Lyseon koulun oppilaskunnan hallitus on valittu siten, ett\u00e4 jokaiselta luokalta on yksi varsinainen oppilasedustaja sek\u00e4 varaedustaja.<\/p>\n<p>Lyseon koulun vuosiluokkien 1-9 oppilaskunnan hallitus kokoontuu v\u00e4hint\u00e4\u00e4n kerran kuukaudessa. Luokkien 1-6 ja 7-9 oppilasedustajat kokoontuvat useammin omissa ryhmiss\u00e4\u00e4n pohtimaan oman ik\u00e4tasonsa mukaisesti omia n\u00e4kemyksi\u00e4\u00e4n ja kehitt\u00e4m\u00e4\u00e4n ajankohtaisia, koulun toimintaan liittyvi\u00e4 asioita.<\/p>\n<p><span style=\"font-size: 28px;font-weight: 900\">Ala- ja yl\u00e4koulun oppilaskunnan hallitus<\/span><\/p>\n<\/div>\n<p>Lukuvuonna 2025-2026 oppilaskunnan hallituksen ohjaavina opettajina toimivat Sofia Valtonen (alakoulu) ja Hoda Al Bermanei (yl\u00e4koulu).<\/p>\n<p>Oppilaskunnan hallitukseen valitaan lukuvuosittain \u00e4\u00e4nest\u00e4m\u00e4ll\u00e4 joka luokalta kaksi j\u00e4sent\u00e4.<\/p>\n<h1>Tukioppilastoiminta<\/h1>\n<p>Koulutetut\u00a0 tukioppilaat toimivat p\u00e4\u00e4asiassa 7. luokkalaisten kummeina. Heti ensimm\u00e4isest\u00e4 p\u00e4iv\u00e4st\u00e4 l\u00e4htien tukioppilaat ovat tutustuttamassa uusia oppilaita uusiin tiloihin. Lis\u00e4ksi tukioppilaat j\u00e4rjest\u00e4v\u00e4t lukuvuoden aikana erilaisia teemap\u00e4ivi\u00e4 yksin ja yhdess\u00e4 oppilaskunnan hallituksen kanssa.<\/p>\n<h1>Kummiluokkatoiminta<\/h1>\n<p>&nbsp;<\/p>\n<div>Kummiluokkatoiminnan kautta koetaan yhteisi\u00e4 el\u00e4myksi\u00e4 yli luokkarajojen. Toimintatuokioissa isot auttavat pieni\u00e4 lukemisen ja kirjoittamisen taitojen kehittymisess\u00e4 sek\u00e4 k\u00e4den taidoissa ja liikunnassa.<\/div>\n<p>&nbsp;<\/p>\n<p>&nbsp;<\/p>\n<p><a href=\"https:\/\/blog.edu.turku.fi\/lyseo\/files\/2024\/08\/lippis.jpg\"><img loading=\"lazy\" decoding=\"async\" class=\"alignnone size-medium wp-image-3317\" src=\"https:\/\/blog.edu.turku.fi\/lyseo\/files\/2024\/08\/lippis-225x300.jpg\" alt=\"\" width=\"225\" height=\"300\" srcset=\"https:\/\/blog.edu.turku.fi\/lyseo\/files\/2024\/08\/lippis-225x300.jpg 225w, https:\/\/blog.edu.turku.fi\/lyseo\/files\/2024\/08\/lippis-768x1024.jpg 768w, https:\/\/blog.edu.turku.fi\/lyseo\/files\/2024\/08\/lippis.jpg 1200w\" sizes=\"auto, (max-width: 225px) 85vw, 225px\" \/><\/a><\/p>\n<p>&nbsp;<\/p>\n<p>&nbsp;<\/p>\n<p>&nbsp;<\/p>\n<p>&nbsp;<\/p>\n<p>&nbsp;<\/p>\n<p>&nbsp;<\/p>\n<p><strong>\u00a0<\/strong><\/p>\n<p>&nbsp;<\/p>\n<p>&nbsp;<\/p>\n","protected":false},"excerpt":{"rendered":"<p>Oppilaskuntatoiminta &nbsp; Oppilaskuntaan kuuluvat kaikki Lyseon oppilaat. Lopullinen kokoonpano oppilaskunnan hallituksen j\u00e4senist\u00e4\u00a0valitaan syyslukukauden alussa. Turun Lyseon koulun oppilaskunnan hallitus on valittu siten, ett\u00e4 jokaiselta luokalta on yksi varsinainen oppilasedustaja sek\u00e4 varaedustaja. Lyseon koulun vuosiluokkien 1-9 oppilaskunnan hallitus kokoontuu v\u00e4hint\u00e4\u00e4n kerran kuukaudessa. Luokkien 1-6 ja 7-9 oppilasedustajat kokoontuvat useammin omissa ryhmiss\u00e4\u00e4n pohtimaan oman ik\u00e4tasonsa mukaisesti omia &hellip; <a href=\"https:\/\/blog.edu.turku.fi\/lyseo\/koulu-ja-koti\/tukioppilaat\/\" class=\"more-link\">Jatka lukemista<span class=\"screen-reader-text\"> &#8221;Yhteis\u00f6llisyytt\u00e4 ja oppilaan osallisuutta tukeva toiminta&#8221;<\/span><\/a><\/p>\n","protected":false},"author":2047,"featured_media":3037,"parent":26,"menu_order":0,"comment_status":"closed","ping_status":"closed","template":"","meta":{"footnotes":""},"class_list":["post-101","page","type-page","status-publish","has-post-thumbnail","hentry"],"_links":{"self":[{"href":"https:\/\/blog.edu.turku.fi\/lyseo\/wp-json\/wp\/v2\/pages\/101","targetHints":{"allow":["GET"]}}],"collection":[{"href":"https:\/\/blog.edu.turku.fi\/lyseo\/wp-json\/wp\/v2\/pages"}],"about":[{"href":"https:\/\/blog.edu.turku.fi\/lyseo\/wp-json\/wp\/v2\/types\/page"}],"author":[{"embeddable":true,"href":"https:\/\/blog.edu.turku.fi\/lyseo\/wp-json\/wp\/v2\/users\/2047"}],"replies":[{"embeddable":true,"href":"https:\/\/blog.edu.turku.fi\/lyseo\/wp-json\/wp\/v2\/comments?post=101"}],"version-history":[{"count":58,"href":"https:\/\/blog.edu.turku.fi\/lyseo\/wp-json\/wp\/v2\/pages\/101\/revisions"}],"predecessor-version":[{"id":3440,"href":"https:\/\/blog.edu.turku.fi\/lyseo\/wp-json\/wp\/v2\/pages\/101\/revisions\/3440"}],"up":[{"embeddable":true,"href":"https:\/\/blog.edu.turku.fi\/lyseo\/wp-json\/wp\/v2\/pages\/26"}],"wp:featuredmedia":[{"embeddable":true,"href":"https:\/\/blog.edu.turku.fi\/lyseo\/wp-json\/wp\/v2\/media\/3037"}],"wp:attachment":[{"href":"https:\/\/blog.edu.turku.fi\/lyseo\/wp-json\/wp\/v2\/media?parent=101"}],"curies":[{"name":"wp","href":"https:\/\/api.w.org\/{rel}","templated":true}]}}