{"id":3081,"date":"2025-10-17T10:03:57","date_gmt":"2025-10-17T07:03:57","guid":{"rendered":"https:\/\/blog.edu.turku.fi\/luostarivuori\/?page_id=3081"},"modified":"2025-10-20T08:34:38","modified_gmt":"2025-10-20T05:34:38","slug":"kiinteistonhoito-ja-lahetysten-vastaanottaminen","status":"publish","type":"page","link":"https:\/\/blog.edu.turku.fi\/luostarivuori\/kiinteistonhoito-ja-lahetysten-vastaanottaminen\/","title":{"rendered":"Kiinteist\u00f6nhoito ja l\u00e4hetysten vastaanottaminen"},"content":{"rendered":"<h4>Kiinteist\u00f6nhoitajat, Alltime Oy<\/h4>\n<p>Juuso Kohonen, alakoulu Kerttulin yksikk\u00f6<\/p>\n<p><strong>Kellonsoittajankatu 6<\/strong><\/p>\n<p>044 907 2542<\/p>\n<p>Marko Seeve, alakoulu Martin yksikk\u00f6<\/p>\n<p><strong>Hopeasep\u00e4nkuja 2<\/strong><\/p>\n<p>044 907 2570<\/p>\n<p>Markku Aaltola, yl\u00e4koulu Luostarivuoren yksikk\u00f6<\/p>\n<p><strong>Luostarinkatu 13<\/strong><\/p>\n<p>050 310 1635<\/p>\n<h4>Koululle saapuvat l\u00e4hetykset<\/h4>\n<p>Luostarivuoren yksik\u00f6ss\u00e4, Luostarinkatu 13 tavaran ja l\u00e4hetysten vastaanotto tapahtuu<\/p>\n<p>yhteydenotolla koulusihteereihin: Tuula Rossi (lukio) 040 841 4719 tai Johanna Mukari<\/p>\n<p>(Luostarivuoren koulu) 044 9072007<\/p>\n<p>Koulusihteerit opastavat tavaran ja l\u00e4hetysten oikean vastaanottopaikan koulussa.<\/p>\n<h4>Korjaus ja ty\u00f6urakat<\/h4>\n<p>Otetaan yhteytt\u00e4 ensisijaisesti kiinteist\u00f6nhoitajiin.<\/p>\n<p>Mahdolliset urakan aikaiset avaimet saa koulun kansliasta.<\/p>\n<p>&nbsp;<\/p>\n","protected":false},"excerpt":{"rendered":"<p>Kiinteist\u00f6nhoitajat, Alltime Oy Juuso Kohonen, alakoulu Kerttulin yksikk\u00f6 Kellonsoittajankatu 6 044 907 2542 Marko Seeve, alakoulu Martin yksikk\u00f6 Hopeasep\u00e4nkuja 2 044 907 2570 Markku Aaltola, yl\u00e4koulu Luostarivuoren yksikk\u00f6 Luostarinkatu 13 050 310 1635 Koululle saapuvat l\u00e4hetykset Luostarivuoren yksik\u00f6ss\u00e4, Luostarinkatu 13 tavaran ja l\u00e4hetysten vastaanotto tapahtuu yhteydenotolla koulusihteereihin: Tuula Rossi (lukio) 040 841 4719 tai Johanna &hellip; <a href=\"https:\/\/blog.edu.turku.fi\/luostarivuori\/kiinteistonhoito-ja-lahetysten-vastaanottaminen\/\" class=\"more-link\">Jatka lukemista<span class=\"screen-reader-text\"> &#8221;Kiinteist\u00f6nhoito ja l\u00e4hetysten vastaanottaminen&#8221;<\/span><\/a><\/p>\n","protected":false},"author":25,"featured_media":0,"parent":0,"menu_order":0,"comment_status":"closed","ping_status":"closed","template":"","meta":{"footnotes":""},"class_list":["post-3081","page","type-page","status-publish","hentry"],"_links":{"self":[{"href":"https:\/\/blog.edu.turku.fi\/luostarivuori\/wp-json\/wp\/v2\/pages\/3081","targetHints":{"allow":["GET"]}}],"collection":[{"href":"https:\/\/blog.edu.turku.fi\/luostarivuori\/wp-json\/wp\/v2\/pages"}],"about":[{"href":"https:\/\/blog.edu.turku.fi\/luostarivuori\/wp-json\/wp\/v2\/types\/page"}],"author":[{"embeddable":true,"href":"https:\/\/blog.edu.turku.fi\/luostarivuori\/wp-json\/wp\/v2\/users\/25"}],"replies":[{"embeddable":true,"href":"https:\/\/blog.edu.turku.fi\/luostarivuori\/wp-json\/wp\/v2\/comments?post=3081"}],"version-history":[{"count":10,"href":"https:\/\/blog.edu.turku.fi\/luostarivuori\/wp-json\/wp\/v2\/pages\/3081\/revisions"}],"predecessor-version":[{"id":3111,"href":"https:\/\/blog.edu.turku.fi\/luostarivuori\/wp-json\/wp\/v2\/pages\/3081\/revisions\/3111"}],"wp:attachment":[{"href":"https:\/\/blog.edu.turku.fi\/luostarivuori\/wp-json\/wp\/v2\/media?parent=3081"}],"curies":[{"name":"wp","href":"https:\/\/api.w.org\/{rel}","templated":true}]}}