{"id":3062,"date":"2025-10-15T13:20:24","date_gmt":"2025-10-15T10:20:24","guid":{"rendered":"https:\/\/blog.edu.turku.fi\/luostarivuori\/?page_id=3062"},"modified":"2025-10-15T13:20:24","modified_gmt":"2025-10-15T10:20:24","slug":"art-project-rostock","status":"publish","type":"page","link":"https:\/\/blog.edu.turku.fi\/luostarivuori\/art-project-rostock\/","title":{"rendered":"Art Project Rostock"},"content":{"rendered":"<p><em>Elokuussa kuvataideluokka 8C:n kouluvuosi k\u00e4ynnistyi kansainv\u00e4lisiss\u00e4 merkeiss\u00e4. Osa p\u00e4\u00e4si tutustumaan vaihto-oppilaisiin Japanista ja koko ryhm\u00e4 sai kuvataiteen tunneilla tutustua saksalaiseen Bettinaan, joka koordinoi monikansallista taideprojektia. Bettina oli vieraanamme ensimm\u00e4isen kokonaisen kouluviikon ajan ja h\u00e4n esitteli tuolloin meille projektiaan, johon h\u00e4n kutsui Luostarivuoren 8C-luokan oppilaat Suomen edustajiksi. Projektin aikana oppilaat p\u00e4\u00e4siv\u00e4t syksyn kuvataiteen tunneilla suunnittelemaan ja toteuttamaan taideteoksen, joka lopulta julkaistiin ihan oikeassa saksalaisessa taidemuseossa Rostockin kaupungissa (Rostock Kunsthalle). N\u00e4yttelyn nimi on Preview Baltic Sea Youth Biennale.<\/em><\/p>\n<p><em><img loading=\"lazy\" decoding=\"async\" class=\"alignnone size-full wp-image-2069\" src=\"https:\/\/blog.edu.turku.fi\/luostarivuori\/files\/2023\/12\/nayttely1.jpg\" alt=\"\" width=\"512\" height=\"372\" srcset=\"https:\/\/blog.edu.turku.fi\/luostarivuori\/files\/2023\/12\/nayttely1.jpg 512w, https:\/\/blog.edu.turku.fi\/luostarivuori\/files\/2023\/12\/nayttely1-300x218.jpg 300w\" sizes=\"auto, (max-width: 512px) 85vw, 512px\" \/><\/em><\/p>\n<p><em>Toteutettu teos k\u00e4sittelee It\u00e4meren merkityst\u00e4 luokan oppilaille. Teokseen linkittyy muistoja lapsuudesta, jotka liittyv\u00e4t It\u00e4mereen sek\u00e4 paljon my\u00f6s huolta It\u00e4meren nykyisest\u00e4 tilanteesta. Teos koostuu kolmesta elementist\u00e4: moniulotteinen maalaus, monikerroksinen \u00e4\u00e4niteos sek\u00e4 videoteos.<\/em><\/p>\n<p><em><img loading=\"lazy\" decoding=\"async\" class=\"alignnone size-full wp-image-2070\" src=\"https:\/\/blog.edu.turku.fi\/luostarivuori\/files\/2023\/12\/nayttely2.jpg\" alt=\"\" width=\"512\" height=\"341\" srcset=\"https:\/\/blog.edu.turku.fi\/luostarivuori\/files\/2023\/12\/nayttely2.jpg 512w, https:\/\/blog.edu.turku.fi\/luostarivuori\/files\/2023\/12\/nayttely2-300x200.jpg 300w\" sizes=\"auto, (max-width: 512px) 85vw, 512px\" \/><\/em><\/p>\n<p><em>Kaikki alkoi siit\u00e4, ett\u00e4 jokainen kirjoitti teksti\u00e4 It\u00e4mereen liittyen. Teksteiss\u00e4\u00e4n oppilaat kuvasivat yksitt\u00e4isi\u00e4 muistoja, tunteita, ajatuksia sek\u00e4 toiveitaan ja n\u00e4ist\u00e4 kaikista kasattiin yhteen suuri ajatuskartta. Ajatuskartan pohjalta l\u00e4hti suunnitteluty\u00f6 k\u00e4yntiin varsinaisen teoksen osalta. Muodostettiin erilaisia ryhmi\u00e4, joista jokaisella oli oma teht\u00e4v\u00e4ns\u00e4 teoksen toteutuksessa. Suurin osa oppilaista oli osana maalausryhm\u00e4\u00e4, jossa usealle per\u00e4tt\u00e4iselle akryylilevylle maalattiin moniulotteinen maalaus merenalaisesta maisemasta. T\u00e4m\u00e4 edellytti runsaasti yhdess\u00e4 teht\u00e4v\u00e4\u00e4 suunnittelua ja yhteisty\u00f6t\u00e4. Monikerroksisessa \u00e4\u00e4niteoksessa vied\u00e4\u00e4n kuulija veden l\u00e4helle ja annetaan sanojen muodossa pieni\u00e4 palasia oppilaiden ajatuksista. Vaati kekseli\u00e4isyytt\u00e4 saada aikaan monenlaisia erilaisia veden \u00e4\u00e4ni\u00e4 ja viel\u00e4 tallennettua ne nauhalle ja lopuksi koota yhdeksi yhten\u00e4iseksi kokonaisuudeksi. Videoteos taas tuo katsojan eteen puhtaan ja rehev\u00f6ityneen It\u00e4meren vuoropuhelun.<\/em><\/p>\n<p><em><img loading=\"lazy\" decoding=\"async\" class=\"alignnone size-full wp-image-2071\" src=\"https:\/\/blog.edu.turku.fi\/luostarivuori\/files\/2023\/12\/nayttely3.jpg\" alt=\"\" width=\"341\" height=\"512\" srcset=\"https:\/\/blog.edu.turku.fi\/luostarivuori\/files\/2023\/12\/nayttely3.jpg 341w, https:\/\/blog.edu.turku.fi\/luostarivuori\/files\/2023\/12\/nayttely3-200x300.jpg 200w\" sizes=\"auto, (max-width: 341px) 85vw, 341px\" \/><\/em><\/p>\n<p><em>Videoteoksen ja \u00e4\u00e4niteoksen voit n\u00e4hd\u00e4 Luostarivuoren kuvataiteen Instagram-tilill\u00e4. @luostarivuoren_kuvis<\/em><\/p>\n<p><em>Oheiset kuvat ottanut Bettina Renner n\u00e4yttelyn pystytyksen yhteydess\u00e4<\/em><\/p>\n","protected":false},"excerpt":{"rendered":"<p>Elokuussa kuvataideluokka 8C:n kouluvuosi k\u00e4ynnistyi kansainv\u00e4lisiss\u00e4 merkeiss\u00e4. Osa p\u00e4\u00e4si tutustumaan vaihto-oppilaisiin Japanista ja koko ryhm\u00e4 sai kuvataiteen tunneilla tutustua saksalaiseen Bettinaan, joka koordinoi monikansallista taideprojektia. Bettina oli vieraanamme ensimm\u00e4isen kokonaisen kouluviikon ajan ja h\u00e4n esitteli tuolloin meille projektiaan, johon h\u00e4n kutsui Luostarivuoren 8C-luokan oppilaat Suomen edustajiksi. Projektin aikana oppilaat p\u00e4\u00e4siv\u00e4t syksyn kuvataiteen tunneilla suunnittelemaan ja &hellip; <a href=\"https:\/\/blog.edu.turku.fi\/luostarivuori\/art-project-rostock\/\" class=\"more-link\">Jatka lukemista<span class=\"screen-reader-text\"> &#8221;Art Project Rostock&#8221;<\/span><\/a><\/p>\n","protected":false},"author":25,"featured_media":0,"parent":0,"menu_order":0,"comment_status":"closed","ping_status":"closed","template":"","meta":{"footnotes":""},"class_list":["post-3062","page","type-page","status-publish","hentry"],"_links":{"self":[{"href":"https:\/\/blog.edu.turku.fi\/luostarivuori\/wp-json\/wp\/v2\/pages\/3062","targetHints":{"allow":["GET"]}}],"collection":[{"href":"https:\/\/blog.edu.turku.fi\/luostarivuori\/wp-json\/wp\/v2\/pages"}],"about":[{"href":"https:\/\/blog.edu.turku.fi\/luostarivuori\/wp-json\/wp\/v2\/types\/page"}],"author":[{"embeddable":true,"href":"https:\/\/blog.edu.turku.fi\/luostarivuori\/wp-json\/wp\/v2\/users\/25"}],"replies":[{"embeddable":true,"href":"https:\/\/blog.edu.turku.fi\/luostarivuori\/wp-json\/wp\/v2\/comments?post=3062"}],"version-history":[{"count":1,"href":"https:\/\/blog.edu.turku.fi\/luostarivuori\/wp-json\/wp\/v2\/pages\/3062\/revisions"}],"predecessor-version":[{"id":3064,"href":"https:\/\/blog.edu.turku.fi\/luostarivuori\/wp-json\/wp\/v2\/pages\/3062\/revisions\/3064"}],"wp:attachment":[{"href":"https:\/\/blog.edu.turku.fi\/luostarivuori\/wp-json\/wp\/v2\/media?parent=3062"}],"curies":[{"name":"wp","href":"https:\/\/api.w.org\/{rel}","templated":true}]}}