{"id":3030,"date":"2025-10-15T12:40:19","date_gmt":"2025-10-15T09:40:19","guid":{"rendered":"https:\/\/blog.edu.turku.fi\/luostarivuori\/?page_id=3030"},"modified":"2025-11-10T08:46:21","modified_gmt":"2025-11-10T06:46:21","slug":"urheiluluokat","status":"publish","type":"page","link":"https:\/\/blog.edu.turku.fi\/luostarivuori\/urheiluluokat\/","title":{"rendered":"Urheiluluokat"},"content":{"rendered":"<p><img loading=\"lazy\" decoding=\"async\" class=\"alignnone size-full wp-image-1162\" src=\"https:\/\/blog.edu.turku.fi\/luostarivuori\/files\/2020\/09\/cropped-urheilukoulu.jpg\" alt=\"\" width=\"240\" height=\"62\" \/><\/p>\n<p>Yl\u00e4kouluty\u00f6n tavoitteena on, ett\u00e4 urheilusta innostunut nuori saa hyv\u00e4t valmiudet ja edellytykset urheilijan uralle sek\u00e4 toisen asteen opintoihin. T\u00e4t\u00e4 ajattelutapaa kutsutaan kaksoisuraksi (Dual career). Suomalainen kaksoisura alkaa yl\u00e4kouluvaiheesta ja jatkuu aina huippu-urheilu-uran p\u00e4\u00e4ttymisen j\u00e4lkeiseen urasiirtym\u00e4\u00e4n.<\/p>\n<p>Useassa urheilulajissa\u202fpanostuksen vuodet alkavat yl\u00e4koului\u00e4ss\u00e4, jolloin\u202fharjoittelun ja kilpailemisen m\u00e4\u00e4r\u00e4 usein kasvaa. Koulun, urheiluseuran, lajiliiton, urheiluakatemian ja muiden toimijoiden teht\u00e4v\u00e4n\u00e4 on tukea nuorta opiskelun ja urheilun yhdist\u00e4misess\u00e4 sek\u00e4\u202fsit\u00e4 kautta kasvamisessa tasapainoiseksi ja\u202fhyvinvoivaksi urheilijaksi.<\/p>\n<p>Luostarivuoren koulun urheiluluokista lis\u00e4tietoja: harri.kumlander@edu.turku.fi tai 044 9074 429<\/p>\n<p>Urheilulinjalle hakemisesta l\u00f6ytyy tietoa yl\u00e4valikon kohdassa: <strong>Hakeminen Luostarivuoren kouluun<\/strong><\/p>\n<p><b><span data-contrast=\"auto\">Lis\u00e4tietoja urheiluluokkatoiminnasta Turussa:\u00a0 <\/span><\/b>patrik.pakkala@edu.turku.fi tai 040 481 2752<\/p>\n<p><b><span data-contrast=\"auto\">Voit tutustua Turun seudun urheilu- ja liikuntaluokkatoimintaan laajemmin Turun Seudun Urheiluakatemian esitteen kautta:\u00a0<\/span><\/b><a href=\"https:\/\/www.urheiluakatemia.fi\/ylakoulut\/\"><b><span data-contrast=\"none\">https:\/\/www.urheiluakatemia.fi\/ylakoulut\/<\/span><\/b><\/a><b><span data-contrast=\"auto\">\u00a0<\/span><\/b><span data-ccp-props=\"{&quot;201341983&quot;:0,&quot;335559740&quot;:240}\">\u00a0<\/span><\/p>\n","protected":false},"excerpt":{"rendered":"<p>Yl\u00e4kouluty\u00f6n tavoitteena on, ett\u00e4 urheilusta innostunut nuori saa hyv\u00e4t valmiudet ja edellytykset urheilijan uralle sek\u00e4 toisen asteen opintoihin. T\u00e4t\u00e4 ajattelutapaa kutsutaan kaksoisuraksi (Dual career). Suomalainen kaksoisura alkaa yl\u00e4kouluvaiheesta ja jatkuu aina huippu-urheilu-uran p\u00e4\u00e4ttymisen j\u00e4lkeiseen urasiirtym\u00e4\u00e4n. Useassa urheilulajissa\u202fpanostuksen vuodet alkavat yl\u00e4koului\u00e4ss\u00e4, jolloin\u202fharjoittelun ja kilpailemisen m\u00e4\u00e4r\u00e4 usein kasvaa. Koulun, urheiluseuran, lajiliiton, urheiluakatemian ja muiden toimijoiden teht\u00e4v\u00e4n\u00e4 on &hellip; <a href=\"https:\/\/blog.edu.turku.fi\/luostarivuori\/urheiluluokat\/\" class=\"more-link\">Jatka lukemista<span class=\"screen-reader-text\"> &#8221;Urheiluluokat&#8221;<\/span><\/a><\/p>\n","protected":false},"author":25,"featured_media":0,"parent":0,"menu_order":0,"comment_status":"closed","ping_status":"closed","template":"","meta":{"footnotes":""},"class_list":["post-3030","page","type-page","status-publish","hentry"],"_links":{"self":[{"href":"https:\/\/blog.edu.turku.fi\/luostarivuori\/wp-json\/wp\/v2\/pages\/3030","targetHints":{"allow":["GET"]}}],"collection":[{"href":"https:\/\/blog.edu.turku.fi\/luostarivuori\/wp-json\/wp\/v2\/pages"}],"about":[{"href":"https:\/\/blog.edu.turku.fi\/luostarivuori\/wp-json\/wp\/v2\/types\/page"}],"author":[{"embeddable":true,"href":"https:\/\/blog.edu.turku.fi\/luostarivuori\/wp-json\/wp\/v2\/users\/25"}],"replies":[{"embeddable":true,"href":"https:\/\/blog.edu.turku.fi\/luostarivuori\/wp-json\/wp\/v2\/comments?post=3030"}],"version-history":[{"count":6,"href":"https:\/\/blog.edu.turku.fi\/luostarivuori\/wp-json\/wp\/v2\/pages\/3030\/revisions"}],"predecessor-version":[{"id":3125,"href":"https:\/\/blog.edu.turku.fi\/luostarivuori\/wp-json\/wp\/v2\/pages\/3030\/revisions\/3125"}],"wp:attachment":[{"href":"https:\/\/blog.edu.turku.fi\/luostarivuori\/wp-json\/wp\/v2\/media?parent=3030"}],"curies":[{"name":"wp","href":"https:\/\/api.w.org\/{rel}","templated":true}]}}