{"id":3027,"date":"2025-10-15T12:40:06","date_gmt":"2025-10-15T09:40:06","guid":{"rendered":"https:\/\/blog.edu.turku.fi\/luostarivuori\/?page_id=3027"},"modified":"2025-10-15T13:04:32","modified_gmt":"2025-10-15T10:04:32","slug":"ruotsin-kielikylpyluokat","status":"publish","type":"page","link":"https:\/\/blog.edu.turku.fi\/luostarivuori\/ruotsin-kielikylpyluokat\/","title":{"rendered":"Ruotsin kielikylpyluokat"},"content":{"rendered":"<p>&nbsp;<\/p>\n<p><img loading=\"lazy\" decoding=\"async\" class=\"alignnone  wp-image-1021\" src=\"https:\/\/blog.edu.turku.fi\/luostarivuori\/files\/2019\/09\/IMG_2126.jpg\" alt=\"\" width=\"295\" height=\"221\" srcset=\"https:\/\/blog.edu.turku.fi\/luostarivuori\/files\/2019\/09\/IMG_2126.jpg 640w, https:\/\/blog.edu.turku.fi\/luostarivuori\/files\/2019\/09\/IMG_2126-300x225.jpg 300w\" sizes=\"auto, (max-width: 295px) 85vw, 295px\" \/><\/p>\n<h1>Kielikylpyopetuksen taustaa<\/h1>\n<p class=\"paragraph\"><span class=\"normaltextrun\">Toiminta sai alkunsa Kanadassa 1960-luvulla. Kielikylpy toimii maissa, joissa on virallisia v\u00e4hemmist\u00f6kieli\u00e4. Suomessa kielikylpy\u00e4 tarjotaan ruotsin kielell\u00e4 \u00e4idinkielen\u00e4\u00e4n suomea puhuville lapsille.<\/span><\/p>\n<p class=\"paragraph\"><span class=\"normaltextrun\">Kielikylpytoiminta alkoi Turussa vuonna 1987 Kellonsoittajankadun p\u00e4iv\u00e4kodissa. Ensimm\u00e4isin\u00e4 toimintavuosina lapsia \u201dautettiin\u201d v\u00e4lill\u00e4 puhumalla suomea.\u00a0 Syksyst\u00e4 1990 l\u00e4htien esikoulutuokioiden opetuskieleksi vaihdettiin ruotsin kieli ja luovuttiin suomen kielen k\u00e4yt\u00f6st\u00e4 kokonaan. Turussa alettiin t\u00e4ll\u00f6in k\u00e4ytt\u00e4\u00e4 ns. varhaisen t\u00e4ydellisen kielikylvyn opetusmenetelmi\u00e4 ja ohjelmaa.<\/span><\/p>\n<p class=\"paragraph\"><span class=\"normaltextrun\">Ensimm\u00e4inen ruotsin kieliluokka aloitti toimintansa\u00a0<\/span><span class=\"spellingerror\">Kerttulin<\/span><span class=\"normaltextrun\">\u00a0koulussa syksyll\u00e4 1992.\u00a0 Elokuussa 1994\u00a0<\/span><span class=\"spellingerror\">Kerttulin<\/span><span class=\"normaltextrun\">\u00a0koulussa aloitti ensimm\u00e4inen ruotsin kielikylpyluokka. Syksyst\u00e4 2012 l\u00e4htien kielikylpyluokat ovat toimineet Martin kouluyksik\u00f6ss\u00e4, joka on nyky\u00e4\u00e4n osa Luostarivuoren yhten\u00e4iskoulua.<\/span><span class=\"eop\">\u00a0Kielikylpyoppilaat opiskelevat koko perusopetuksen ajan Luostarivuoren koulussa siirtyen vuosiluokiksi 7 \u2013 9 Luostarikadun yksikk\u00f6\u00f6n.<\/span><\/p>\n<h3 class=\"paragraph\"><span class=\"normaltextrun\">Kielikylpy t\u00e4n\u00e4\u00e4n<\/span><\/h3>\n<p class=\"paragraph\"><span class=\"normaltextrun\">Turussa toteutetaan varhaista t\u00e4ydellist\u00e4 kielikylpy\u00e4. Kielikylpymetodin p\u00e4\u00e4m\u00e4\u00e4r\u00e4n\u00e4 on hyv\u00e4 toiminnallinen kaksikielisyys ja kielikylpy on v\u00e4line monikielisyyteen.<\/span><\/p>\n<p class=\"paragraph\"><span class=\"normaltextrun\">Kielikylpyopetus aloitetaan Kerttulin p\u00e4iv\u00e4kodissa 5-vuotiaana osana esiopetusta, jatkuen perusopetuksena kielikylpyluokilla Luostarivuoren yhten\u00e4iskoulussa. Kielikylpyluokalle hakeminen tapahtuu kouluun ilmoittautumisen yhteydess\u00e4.<\/span><span class=\"eop\">\u00a0<\/span><span class=\"normaltextrun\">\u00a0P\u00e4\u00e4osa oppilaista kielikylpyluokilla on aloittanut kielikylvyn jo Kerttulin p\u00e4iv\u00e4kodissa ja ryhm\u00e4 jatkaa Luostarivuoren koulun Martin yksik\u00f6n luokkana.<\/span><\/p>\n<p class=\"paragraph\"><span class=\"normaltextrun\">Oppilaat kuitenkin testataan ennen koulun aloitusta yleisell\u00e4 kielellisi\u00e4 valmiuksia mittaavalla testill\u00e4 (Turun yliopisto toteuttaa), jotta vaativa kaksikielinen opetus kielikylpyluokalla ei muodostuisi kohtuuttoman haastavaksi oppilaan yhdeks\u00e4n vuoden peruskouluaikana.<\/span><\/p>\n<p class=\"paragraph\"><span class=\"normaltextrun\">Luokan maksimikoko on 25 oppilasta vuosiluokilla\u00a0<\/span><span class=\"contextualspellingandgrammarerror\">1- 2<\/span><span class=\"normaltextrun\">\u00a0ja luokilla\u00a0<\/span><span class=\"contextualspellingandgrammarerror\">3 \u2013 9<\/span><span class=\"normaltextrun\">\u00a0maksimikoko on 27 oppilasta. Luokille voidaan ottaa\u00a0<\/span><span class=\"contextualspellingandgrammarerror\">uusia oppilaita eri vuosiluokilla,<\/span><span class=\"normaltextrun\">\u00a0mik\u00e4li luokilla on vapana olevia paikkoja. T\u00e4ll\u00f6in suoritetaan erillinen testaus, jolla varmennetaan oppilaan riitt\u00e4v\u00e4 osaaminen ruotsin kielell\u00e4 tapahtuvan opiskelun osalta.<\/span><\/p>\n<p class=\"paragraph\"><span class=\"normaltextrun\">Vuosiluokilla\u00a0<\/span><span class=\"contextualspellingandgrammarerror\">3 \u2013 4<\/span><span class=\"normaltextrun\">\u00a0on ruotsin osuus opetuksesta\u00a0<\/span><span class=\"contextualspellingandgrammarerror\">70 \u2013 75<\/span><span class=\"normaltextrun\">% ja vuosiluokilla\u00a0<\/span><span class=\"contextualspellingandgrammarerror\">5 \u2013 9<\/span><span class=\"normaltextrun\">\u00a0keskim\u00e4\u00e4rin\u00a0<\/span><span class=\"contextualspellingandgrammarerror\">51%<\/span><span class=\"normaltextrun\">\u00a0viikon oppituntien kokonaism\u00e4\u00e4r\u00e4st\u00e4. Yhdeks\u00e4nnell\u00e4 vuosiluokalla ruotsin osuus on en\u00e4\u00e4 noin\u00a0<\/span><span class=\"contextualspellingandgrammarerror\">30%<\/span><span class=\"normaltextrun\">, koska \u00e4idinkielelt\u00e4\u00e4n suomenkielisille kielikylpyoppilaille pyrit\u00e4\u00e4n perusopetuksen p\u00e4\u00e4tt\u00f6vaiheessa antamaan hyv\u00e4t valmiudet yleens\u00e4 omalla \u00e4idinkielell\u00e4 tapahtuviin toisen asteen opintoihin.<\/span><\/p>\n<p class=\"paragraph\"><span class=\"normaltextrun\">Lukemaan ja kirjoittamaan opitaan ruotsiksi. Suomenkielinen osuus kasvaa kolmannelta luokalta l\u00e4htien 30 %:sta viidennen ja kuudennen luokan 50 %:iin. Kielikylpyopettajan \u00e4idinkieli on alakoulussa p\u00e4\u00e4s\u00e4\u00e4nt\u00f6isesti ruotsi.<\/span><\/p>\n<p class=\"paragraph\"><span class=\"normaltextrun\">\u00c4idinkielen ja muun suomenkielisen osuuden opettaa toinen, suomea \u00e4idinkielen\u00e4\u00e4n puhuva opettaja. Kielikylpyluokkiin ei kohdenneta lis\u00e4resursseja yleisluokkiin verrattaessa. Kielikylpy antaa nuorille erinomaisen pohjan jatkaa opintoja ja valmistua kansainv\u00e4lisiin teht\u00e4viin.<\/span><\/p>\n<p class=\"paragraph\"><span class=\"normaltextrun\">Turun kielikylpyvanhemmat ry on ollut monin tavoin yhteisty\u00f6ss\u00e4 koulun kanssa kehitt\u00e4m\u00e4ss\u00e4 ja tukemassa kielikylpytoimintaa Turussa.<\/span><\/p>\n<p class=\"paragraph\"><span class=\"normaltextrun\">Henri Littunen &amp; Juha M\u00e4enp\u00e4\u00e4<\/span><\/p>\n<p class=\"paragraph\"><span class=\"normaltextrun\">Luostarivuoren yhten\u00e4iskoulun rehtori ja apulaisrehtori<\/span><\/p>\n<p>&nbsp;<\/p>\n","protected":false},"excerpt":{"rendered":"<p>&nbsp; Kielikylpyopetuksen taustaa Toiminta sai alkunsa Kanadassa 1960-luvulla. Kielikylpy toimii maissa, joissa on virallisia v\u00e4hemmist\u00f6kieli\u00e4. Suomessa kielikylpy\u00e4 tarjotaan ruotsin kielell\u00e4 \u00e4idinkielen\u00e4\u00e4n suomea puhuville lapsille. Kielikylpytoiminta alkoi Turussa vuonna 1987 Kellonsoittajankadun p\u00e4iv\u00e4kodissa. Ensimm\u00e4isin\u00e4 toimintavuosina lapsia \u201dautettiin\u201d v\u00e4lill\u00e4 puhumalla suomea.\u00a0 Syksyst\u00e4 1990 l\u00e4htien esikoulutuokioiden opetuskieleksi vaihdettiin ruotsin kieli ja luovuttiin suomen kielen k\u00e4yt\u00f6st\u00e4 kokonaan. Turussa alettiin t\u00e4ll\u00f6in &hellip; <a href=\"https:\/\/blog.edu.turku.fi\/luostarivuori\/ruotsin-kielikylpyluokat\/\" class=\"more-link\">Jatka lukemista<span class=\"screen-reader-text\"> &#8221;Ruotsin kielikylpyluokat&#8221;<\/span><\/a><\/p>\n","protected":false},"author":25,"featured_media":0,"parent":0,"menu_order":0,"comment_status":"closed","ping_status":"closed","template":"","meta":{"footnotes":""},"class_list":["post-3027","page","type-page","status-publish","hentry"],"_links":{"self":[{"href":"https:\/\/blog.edu.turku.fi\/luostarivuori\/wp-json\/wp\/v2\/pages\/3027","targetHints":{"allow":["GET"]}}],"collection":[{"href":"https:\/\/blog.edu.turku.fi\/luostarivuori\/wp-json\/wp\/v2\/pages"}],"about":[{"href":"https:\/\/blog.edu.turku.fi\/luostarivuori\/wp-json\/wp\/v2\/types\/page"}],"author":[{"embeddable":true,"href":"https:\/\/blog.edu.turku.fi\/luostarivuori\/wp-json\/wp\/v2\/users\/25"}],"replies":[{"embeddable":true,"href":"https:\/\/blog.edu.turku.fi\/luostarivuori\/wp-json\/wp\/v2\/comments?post=3027"}],"version-history":[{"count":3,"href":"https:\/\/blog.edu.turku.fi\/luostarivuori\/wp-json\/wp\/v2\/pages\/3027\/revisions"}],"predecessor-version":[{"id":3046,"href":"https:\/\/blog.edu.turku.fi\/luostarivuori\/wp-json\/wp\/v2\/pages\/3027\/revisions\/3046"}],"wp:attachment":[{"href":"https:\/\/blog.edu.turku.fi\/luostarivuori\/wp-json\/wp\/v2\/media?parent=3027"}],"curies":[{"name":"wp","href":"https:\/\/api.w.org\/{rel}","templated":true}]}}