{"id":3024,"date":"2025-10-15T12:39:51","date_gmt":"2025-10-15T09:39:51","guid":{"rendered":"https:\/\/blog.edu.turku.fi\/luostarivuori\/?page_id=3024"},"modified":"2025-10-15T12:59:19","modified_gmt":"2025-10-15T09:59:19","slug":"pienluokat","status":"publish","type":"page","link":"https:\/\/blog.edu.turku.fi\/luostarivuori\/pienluokat\/","title":{"rendered":"Pienluokat"},"content":{"rendered":"<p>Luostarivuoren yhten\u00e4iskoulussa toimii viisi pienluokkaa: 1-2, 3-4, 5-6 ja yl\u00e4koulun puolella luokat 7 ja 8.<\/p>\n<p>Alakoululuokat toimivat Martin yksik\u00f6ss\u00e4 ja yl\u00e4kouluokat Luostarivuoren yksik\u00f6ss\u00e4.<\/p>\n<p>Luokan maksimioppilasm\u00e4\u00e4r\u00e4 on 10 ja erityisluokanopettajan lis\u00e4ksi luokissa on koulunk\u00e4ynninohjaaja opettajan ty\u00f6parina.<\/p>\n<p>Oppilasp\u00e4\u00e4t\u00f6kset tekee erityispalvelup\u00e4\u00e4llikk\u00f6 Marika Rae.<\/p>\n<p>Lis\u00e4tietoja: marika.rae@turku.fi tai 040 1386 701<\/p>\n","protected":false},"excerpt":{"rendered":"<p>Luostarivuoren yhten\u00e4iskoulussa toimii viisi pienluokkaa: 1-2, 3-4, 5-6 ja yl\u00e4koulun puolella luokat 7 ja 8. Alakoululuokat toimivat Martin yksik\u00f6ss\u00e4 ja yl\u00e4kouluokat Luostarivuoren yksik\u00f6ss\u00e4. Luokan maksimioppilasm\u00e4\u00e4r\u00e4 on 10 ja erityisluokanopettajan lis\u00e4ksi luokissa on koulunk\u00e4ynninohjaaja opettajan ty\u00f6parina. Oppilasp\u00e4\u00e4t\u00f6kset tekee erityispalvelup\u00e4\u00e4llikk\u00f6 Marika Rae. Lis\u00e4tietoja: marika.rae@turku.fi tai 040 1386 701<\/p>\n","protected":false},"author":25,"featured_media":0,"parent":0,"menu_order":0,"comment_status":"closed","ping_status":"closed","template":"","meta":{"footnotes":""},"class_list":["post-3024","page","type-page","status-publish","hentry"],"_links":{"self":[{"href":"https:\/\/blog.edu.turku.fi\/luostarivuori\/wp-json\/wp\/v2\/pages\/3024","targetHints":{"allow":["GET"]}}],"collection":[{"href":"https:\/\/blog.edu.turku.fi\/luostarivuori\/wp-json\/wp\/v2\/pages"}],"about":[{"href":"https:\/\/blog.edu.turku.fi\/luostarivuori\/wp-json\/wp\/v2\/types\/page"}],"author":[{"embeddable":true,"href":"https:\/\/blog.edu.turku.fi\/luostarivuori\/wp-json\/wp\/v2\/users\/25"}],"replies":[{"embeddable":true,"href":"https:\/\/blog.edu.turku.fi\/luostarivuori\/wp-json\/wp\/v2\/comments?post=3024"}],"version-history":[{"count":4,"href":"https:\/\/blog.edu.turku.fi\/luostarivuori\/wp-json\/wp\/v2\/pages\/3024\/revisions"}],"predecessor-version":[{"id":3044,"href":"https:\/\/blog.edu.turku.fi\/luostarivuori\/wp-json\/wp\/v2\/pages\/3024\/revisions\/3044"}],"wp:attachment":[{"href":"https:\/\/blog.edu.turku.fi\/luostarivuori\/wp-json\/wp\/v2\/media?parent=3024"}],"curies":[{"name":"wp","href":"https:\/\/api.w.org\/{rel}","templated":true}]}}