{"id":3021,"date":"2025-10-15T12:39:32","date_gmt":"2025-10-15T09:39:32","guid":{"rendered":"https:\/\/blog.edu.turku.fi\/luostarivuori\/?page_id=3021"},"modified":"2025-10-20T08:38:54","modified_gmt":"2025-10-20T05:38:54","slug":"kuvataideluokat-2","status":"publish","type":"page","link":"https:\/\/blog.edu.turku.fi\/luostarivuori\/kuvataideluokat-2\/","title":{"rendered":"Kuvataideluokat"},"content":{"rendered":"<p><img loading=\"lazy\" decoding=\"async\" class=\"alignnone size-full wp-image-1347\" src=\"https:\/\/blog.edu.turku.fi\/luostarivuori\/files\/2021\/05\/oppilastoita1.jpg\" alt=\"\" width=\"1024\" height=\"576\" srcset=\"https:\/\/blog.edu.turku.fi\/luostarivuori\/files\/2021\/05\/oppilastoita1.jpg 1024w, https:\/\/blog.edu.turku.fi\/luostarivuori\/files\/2021\/05\/oppilastoita1-300x169.jpg 300w\" sizes=\"auto, (max-width: 709px) 85vw, (max-width: 909px) 67vw, (max-width: 1362px) 62vw, 840px\" \/><\/p>\n<p>Luostarivuoren koulun kuvataideluokat ottavat oppilaita koko Turun perusopetuksen alueelta ja toiminnalla on jo pitk\u00e4t perinteet.<\/p>\n<p>Kuvataideluokkatoiminta alkoi Luostarivuoren koulun Martin yksik\u00f6ss\u00e4 \u2013 silloisessa Martin koulussa \u2013 alueellisesti rajattuna kokeiluna syksyll\u00e4 1989. Vuonna 1993 toiminta vakinaistettiin ja sittemmin sen oppilasalueena on ollut koko Turun kaupunki. Luokille on hakeutunut oppilaita my\u00f6s l\u00e4hikunnista.<\/p>\n<p>Kuvataideluokalla kuvataiteen opiskelun tavoitteena on:<\/p>\n<ul>\n<li>antaa kuvataiteellisesti lahjakkaille oppilaille mahdollisuus perehty\u00e4 monipuolisesti kuvataiteen eri alueisiin<\/li>\n<li>taiteellisen, luovan persoonallisen ilmaisun kehitt\u00e4minen<\/li>\n<li>her\u00e4tt\u00e4\u00e4 oppilaissa el\u00e4v\u00e4 kiinnostus kuvataiteiden, valokuvan ja elokuvan maailmaan<\/li>\n<li>kehitt\u00e4\u00e4 katsomisen ja n\u00e4kemisen taitoa sek\u00e4 kyky\u00e4 ilmaista itse\u00e4\u00e4n kuvallisesti<\/li>\n<li>ymm\u00e4rt\u00e4\u00e4 n\u00e4k\u00f6havaintoon perustuvaa viestint\u00e4\u00e4<\/li>\n<li>antaa yksil\u00f6llist\u00e4 ja oppilaan persoonallisuuden huomioon ottavaa opetusta ja ohjausta<\/li>\n<li>kannustaa ja innostaa lasta.<\/li>\n<\/ul>\n<p>Kuvataidetta opiskellaan luokilla 3-9 kolme vuosiviikkotuntia. Opiskelussa painottuvat piirustus, maalaus, muovailu, grafiikka, valokuva ja elokuva. Opiskelu tapahtuu hyvin varustetuissa tiloissa. Osallistuminen n\u00e4yttelyihin ja koulun erilaisiin tapahtumiin kuuluvat olennaisena osana kuvataideluokkien toimintaan.<\/p>\n<p>Luostarivuoren koulussa on kuvataideluokka jokaisella luokka-asteella 3-9. Kuvataideluokilla opiskelee yhteens\u00e4 n. 200 oppilasta. Oppilaat valitaan\u00a0 testin perusteella toisen vuosiluokan oppilaista siten, ett\u00e4 opiskelu alkaa kolmannen vuosiluokan alussa.<\/p>\n<p>Vuosittain Wilmassa tiedotetaan erikoisluokkahausta ja Wilman kautta kuvataideluokalle my\u00f6s haetaan. S\u00e4hk\u00f6isell\u00e4 hakemuskaavakkeella ilmoittaudutaan helmikuun alkupuolella pidett\u00e4v\u00e4\u00e4n testiin. Hyv\u00e4ksyttyjen kuvataideopinnot alkavat seuraavana lukuvuonna ja jatkuvat yhdeks\u00e4nnen luokan loppuun asti.<\/p>\n<p>Kuvataideluokkia koskeviin kysymyksiin vastaavat kuvataideluokan opettaja Katri Kankkunen (puh. 044 9074 439) ja apulaisrehtori Juha M\u00e4enp\u00e4\u00e4 (puh. 044 907 4631).<\/p>\n<p>Oppilast\u00f6iden kev\u00e4tn\u00e4yttely:\u00a0\u00a0<a href=\"https:\/\/sites.google.com\/view\/verkkogalleria2023\/etusivu\">Tutustu t\u00f6ihin t\u00e4st\u00e4 linkist\u00e4.<\/a><\/p>\n<p>Kuvataideluokat toimivat Luostarivuoren koulussa luokilla 3\u20139. Kuvataideluokkien vuosittainen maksimikoko on 27 oppilasta.<\/p>\n<p><a href=\"https:\/\/youtu.be\/5GNimVYW36c\">T\u00e4st\u00e4 videosta p\u00e4\u00e4set kuvataideluokkien tunnelmiin.<\/a><\/p>\n<p>Oppilast\u00f6iden kev\u00e4tn\u00e4yttely.\u00a0\u00a0<a href=\"https:\/\/sites.google.com\/view\/kuvataide\/etusivu\">Tutustu t\u00f6ihin t\u00e4st\u00e4 linkist\u00e4.<\/a><\/p>\n<p>Kuvataideluokilla opiskelun tavoitteena on perehty\u00e4 monipuolisesti kuvataiteen eri alueisiin ja kehitt\u00e4\u00e4 taiteellista, luovaa ja persoonallista ilmaisua, sek\u00e4 kehitt\u00e4\u00e4 katsomisen ja n\u00e4kemisen taitoa ja kyky\u00e4 ilmaista itse\u00e4\u00e4n kuvallisesti. Opiskelu avaa taideteosten ja taidehistorian k\u00e4sitteit\u00e4 ja kannustaa kuvataiteiden avulla oppimiseen antaen yksil\u00f6llist\u00e4 opetusta ja ohjausta.<\/p>\n<p>&nbsp;<\/p>\n","protected":false},"excerpt":{"rendered":"<p>Luostarivuoren koulun kuvataideluokat ottavat oppilaita koko Turun perusopetuksen alueelta ja toiminnalla on jo pitk\u00e4t perinteet. Kuvataideluokkatoiminta alkoi Luostarivuoren koulun Martin yksik\u00f6ss\u00e4 \u2013 silloisessa Martin koulussa \u2013 alueellisesti rajattuna kokeiluna syksyll\u00e4 1989. Vuonna 1993 toiminta vakinaistettiin ja sittemmin sen oppilasalueena on ollut koko Turun kaupunki. Luokille on hakeutunut oppilaita my\u00f6s l\u00e4hikunnista. Kuvataideluokalla kuvataiteen opiskelun tavoitteena on: &hellip; <a href=\"https:\/\/blog.edu.turku.fi\/luostarivuori\/kuvataideluokat-2\/\" class=\"more-link\">Jatka lukemista<span class=\"screen-reader-text\"> &#8221;Kuvataideluokat&#8221;<\/span><\/a><\/p>\n","protected":false},"author":25,"featured_media":0,"parent":0,"menu_order":0,"comment_status":"closed","ping_status":"closed","template":"","meta":{"footnotes":""},"class_list":["post-3021","page","type-page","status-publish","hentry"],"_links":{"self":[{"href":"https:\/\/blog.edu.turku.fi\/luostarivuori\/wp-json\/wp\/v2\/pages\/3021","targetHints":{"allow":["GET"]}}],"collection":[{"href":"https:\/\/blog.edu.turku.fi\/luostarivuori\/wp-json\/wp\/v2\/pages"}],"about":[{"href":"https:\/\/blog.edu.turku.fi\/luostarivuori\/wp-json\/wp\/v2\/types\/page"}],"author":[{"embeddable":true,"href":"https:\/\/blog.edu.turku.fi\/luostarivuori\/wp-json\/wp\/v2\/users\/25"}],"replies":[{"embeddable":true,"href":"https:\/\/blog.edu.turku.fi\/luostarivuori\/wp-json\/wp\/v2\/comments?post=3021"}],"version-history":[{"count":5,"href":"https:\/\/blog.edu.turku.fi\/luostarivuori\/wp-json\/wp\/v2\/pages\/3021\/revisions"}],"predecessor-version":[{"id":3113,"href":"https:\/\/blog.edu.turku.fi\/luostarivuori\/wp-json\/wp\/v2\/pages\/3021\/revisions\/3113"}],"wp:attachment":[{"href":"https:\/\/blog.edu.turku.fi\/luostarivuori\/wp-json\/wp\/v2\/media?parent=3021"}],"curies":[{"name":"wp","href":"https:\/\/api.w.org\/{rel}","templated":true}]}}