{"id":3017,"date":"2025-10-15T12:39:16","date_gmt":"2025-10-15T09:39:16","guid":{"rendered":"https:\/\/blog.edu.turku.fi\/luostarivuori\/?page_id=3017"},"modified":"2025-10-16T13:34:20","modified_gmt":"2025-10-16T10:34:20","slug":"yleisluokat","status":"publish","type":"page","link":"https:\/\/blog.edu.turku.fi\/luostarivuori\/yleisluokat\/","title":{"rendered":"Yleisluokat"},"content":{"rendered":"<p>Luostarivuoren koulun yleisluokat on tarkoitettu keskustan oppilasalueella asuville 1- 9 luokkalaisille ja koulussa on vain harvoin tarjolla oppilaspaikkoja muille kuin oman oppilasalueen oppilaille. Luostarivuoren koulun kanssa samalla oppilasalueella toimivat Puolalan ja Topeliuksen koulu tekev\u00e4t yhteisty\u00f6t\u00e4 keskustan oppilaspaikkoja osoitettaessa.<\/p>\n<p>Oppilaspaikkoja voi tiedustella rehtorilta (luokat 7-9) tai apulaisrehtorilta (luokat 1-6).<\/p>\n","protected":false},"excerpt":{"rendered":"<p>Luostarivuoren koulun yleisluokat on tarkoitettu keskustan oppilasalueella asuville 1- 9 luokkalaisille ja koulussa on vain harvoin tarjolla oppilaspaikkoja muille kuin oman oppilasalueen oppilaille. Luostarivuoren koulun kanssa samalla oppilasalueella toimivat Puolalan ja Topeliuksen koulu tekev\u00e4t yhteisty\u00f6t\u00e4 keskustan oppilaspaikkoja osoitettaessa. Oppilaspaikkoja voi tiedustella rehtorilta (luokat 7-9) tai apulaisrehtorilta (luokat 1-6).<\/p>\n","protected":false},"author":25,"featured_media":0,"parent":0,"menu_order":0,"comment_status":"closed","ping_status":"closed","template":"","meta":{"footnotes":""},"class_list":["post-3017","page","type-page","status-publish","hentry"],"_links":{"self":[{"href":"https:\/\/blog.edu.turku.fi\/luostarivuori\/wp-json\/wp\/v2\/pages\/3017","targetHints":{"allow":["GET"]}}],"collection":[{"href":"https:\/\/blog.edu.turku.fi\/luostarivuori\/wp-json\/wp\/v2\/pages"}],"about":[{"href":"https:\/\/blog.edu.turku.fi\/luostarivuori\/wp-json\/wp\/v2\/types\/page"}],"author":[{"embeddable":true,"href":"https:\/\/blog.edu.turku.fi\/luostarivuori\/wp-json\/wp\/v2\/users\/25"}],"replies":[{"embeddable":true,"href":"https:\/\/blog.edu.turku.fi\/luostarivuori\/wp-json\/wp\/v2\/comments?post=3017"}],"version-history":[{"count":3,"href":"https:\/\/blog.edu.turku.fi\/luostarivuori\/wp-json\/wp\/v2\/pages\/3017\/revisions"}],"predecessor-version":[{"id":3078,"href":"https:\/\/blog.edu.turku.fi\/luostarivuori\/wp-json\/wp\/v2\/pages\/3017\/revisions\/3078"}],"wp:attachment":[{"href":"https:\/\/blog.edu.turku.fi\/luostarivuori\/wp-json\/wp\/v2\/media?parent=3017"}],"curies":[{"name":"wp","href":"https:\/\/api.w.org\/{rel}","templated":true}]}}