{"id":2931,"date":"2025-10-15T10:59:00","date_gmt":"2025-10-15T07:59:00","guid":{"rendered":"https:\/\/blog.edu.turku.fi\/luostarivuori\/?page_id=2931"},"modified":"2025-11-20T10:36:38","modified_gmt":"2025-11-20T08:36:38","slug":"lahiluokat","status":"publish","type":"page","link":"https:\/\/blog.edu.turku.fi\/luostarivuori\/lahiluokat\/","title":{"rendered":"L\u00e4hiluokat"},"content":{"rendered":"<p>Luostarivuoren koulun yleisluokille otetaan oppilaita Luostarivuoren koulun oppilasalueelta Turun keskustassa. <strong><a href=\"https:\/\/turku.asiointi.fi\/IMS\/\">T\u00e4st\u00e4 linkist\u00e4<\/a> <\/strong>n\u00e4kyv\u00e4t oppilasalueen rajat. Valitse aluejaot &#8211; oppilasalueet suomenkieliset.<\/p>\n<p>Luostarivuoren koulu toimii samalla oppilasalueella Topeliuksen ja Puolalan koulujen kanssa ja 1.1.2026 alkaen oppilasalue on nimelt\u00e4\u00e4n l\u00e4ntinen oppilasalue.<\/p>\n<p><strong>Kouluun otetaan p\u00e4\u00e4asiassa vain oman oppilasalueen oppilaita<\/strong> mutta mik\u00e4li tilaa on, voi vapaita paikkoja\u00a0tiedustella alakoululuokkien osalta apulaisrehtori Juha M\u00e4enp\u00e4\u00e4lt\u00e4 ja yl\u00e4koululuokkien osalta rehtori Henri Littuselta.<\/p>\n<h5><strong>Hakeminen 1. luokalle 2026 <a title=\"https:\/\/www.turku.fi\/perusopetus\/kouluun-ilmoittautuminen\" href=\"https:\/\/www.turku.fi\/perusopetus\/kouluun-ilmoittautuminen\" data-auth=\"NotApplicable\" data-linkindex=\"0\">Kouluun ilmoittautuminen | Turku.fi<\/a><\/strong><\/h5>\n<p><strong>Ensisijainen haku (l\u00e4hikoulu)<\/strong><\/p>\n<ul>\n<li>Jokaiselle tulevalle 1.-luokkalaiselle turkulaislapselle tehd\u00e4\u00e4n l\u00e4hikoulup\u00e4\u00e4t\u00f6s asuinosoitteen perusteella.<\/li>\n<li>L\u00e4hikoulu m\u00e4\u00e4r\u00e4ytyy v\u00e4est\u00f6rekisteriin merkityn virallisen asuinpaikan mukaan.<\/li>\n<li>Oppivelvollisuuslomake t\u00e4ytet\u00e4\u00e4n <strong>Wilmassa 17.12.2025<\/strong> <strong>menness\u00e4<\/strong>.<\/li>\n<li>Mik\u00e4li oppilas on muuttamassa Turkuun 17.12.2025 j\u00e4lkeen, tulee huoltajan olla yhteydess\u00e4 Turun kaupungin perusopetuksen hallintoon. <a href=\"mailto:perusopetus@turku.fi\">perusopetus@turku.fi<\/a><\/li>\n<li>P\u00e4\u00e4t\u00f6s lapsen l\u00e4hikoulupaikasta on n\u00e4ht\u00e4viss\u00e4 <strong>Wilmassa 31.3.2026<\/strong>.<\/li>\n<\/ul>\n<p><strong>Hakeminen muuhun kuin l\u00e4hikouluun<\/strong><\/p>\n<ul>\n<li>Hakemus muuhun kuin l\u00e4hikouluun tehd\u00e4\u00e4n <strong>31.3.-14.4.2026 v\u00e4lisen\u00e4 aikana Wilmassa<\/strong>.<\/li>\n<li>P\u00e4\u00e4t\u00f6s koulupaikasta on n\u00e4ht\u00e4viss\u00e4 <strong>Wilmassa 30.4.2026<\/strong>.<\/li>\n<\/ul>\n<p>&nbsp;<\/p>\n","protected":false},"excerpt":{"rendered":"<p>Luostarivuoren koulun yleisluokille otetaan oppilaita Luostarivuoren koulun oppilasalueelta Turun keskustassa. T\u00e4st\u00e4 linkist\u00e4 n\u00e4kyv\u00e4t oppilasalueen rajat. Valitse aluejaot &#8211; oppilasalueet suomenkieliset. Luostarivuoren koulu toimii samalla oppilasalueella Topeliuksen ja Puolalan koulujen kanssa ja 1.1.2026 alkaen oppilasalue on nimelt\u00e4\u00e4n l\u00e4ntinen oppilasalue. Kouluun otetaan p\u00e4\u00e4asiassa vain oman oppilasalueen oppilaita mutta mik\u00e4li tilaa on, voi vapaita paikkoja\u00a0tiedustella alakoululuokkien osalta apulaisrehtori &hellip; <a href=\"https:\/\/blog.edu.turku.fi\/luostarivuori\/lahiluokat\/\" class=\"more-link\">Jatka lukemista<span class=\"screen-reader-text\"> &#8221;L\u00e4hiluokat&#8221;<\/span><\/a><\/p>\n","protected":false},"author":25,"featured_media":0,"parent":0,"menu_order":0,"comment_status":"closed","ping_status":"closed","template":"","meta":{"footnotes":""},"class_list":["post-2931","page","type-page","status-publish","hentry"],"_links":{"self":[{"href":"https:\/\/blog.edu.turku.fi\/luostarivuori\/wp-json\/wp\/v2\/pages\/2931","targetHints":{"allow":["GET"]}}],"collection":[{"href":"https:\/\/blog.edu.turku.fi\/luostarivuori\/wp-json\/wp\/v2\/pages"}],"about":[{"href":"https:\/\/blog.edu.turku.fi\/luostarivuori\/wp-json\/wp\/v2\/types\/page"}],"author":[{"embeddable":true,"href":"https:\/\/blog.edu.turku.fi\/luostarivuori\/wp-json\/wp\/v2\/users\/25"}],"replies":[{"embeddable":true,"href":"https:\/\/blog.edu.turku.fi\/luostarivuori\/wp-json\/wp\/v2\/comments?post=2931"}],"version-history":[{"count":23,"href":"https:\/\/blog.edu.turku.fi\/luostarivuori\/wp-json\/wp\/v2\/pages\/2931\/revisions"}],"predecessor-version":[{"id":3180,"href":"https:\/\/blog.edu.turku.fi\/luostarivuori\/wp-json\/wp\/v2\/pages\/2931\/revisions\/3180"}],"wp:attachment":[{"href":"https:\/\/blog.edu.turku.fi\/luostarivuori\/wp-json\/wp\/v2\/media?parent=2931"}],"curies":[{"name":"wp","href":"https:\/\/api.w.org\/{rel}","templated":true}]}}