{"id":2789,"date":"2025-04-03T09:37:48","date_gmt":"2025-04-03T06:37:48","guid":{"rendered":"https:\/\/blog.edu.turku.fi\/luostarivuori\/?page_id=2789"},"modified":"2025-10-13T11:45:43","modified_gmt":"2025-10-13T08:45:43","slug":"oppilaan-tuki","status":"publish","type":"page","link":"https:\/\/blog.edu.turku.fi\/luostarivuori\/oppilaan-tuki\/","title":{"rendered":"Oppilaan tuki"},"content":{"rendered":"<ul>\n<li><strong>Kolmiportainen tuki (yleinen, tehostettu, erityinen)<\/strong> poistuu kokonaan.<\/li>\n<li>Tilalle tulee <strong>joustavampi ja saavutettavampi tukimalli<\/strong>, jossa painopiste on <strong>ennaltaehk\u00e4isyss\u00e4 ja tuen antamisessa osana yleisopetusta<\/strong>. <a href=\"https:\/\/www.vora.fi\/fi\/uutiset\/ajankohtaista\/muutoksia-oppimisen-tukeen\">[vora.fi]<\/a><\/li>\n<\/ul>\n<h3>\u200d Tuen muodot<\/h3>\n<p><strong>Ryhm\u00e4kohtainen tuki<\/strong> (ei vaadi hallintop\u00e4\u00e4t\u00f6st\u00e4):<\/p>\n<p>Yleinen tukiopetus<\/p>\n<ul>\n<li style=\"list-style-type: none\">\n<ul>\n<li>Opetuskielen tuki<\/li>\n<li>Erityisopettajan tuki luokassa<\/li>\n<\/ul>\n<\/li>\n<li><strong>Oppilaskohtainen tuki<\/strong> (vaatii hallintop\u00e4\u00e4t\u00f6ksen):\n<ul>\n<li>Pienryhm\u00e4opetus erityisopettajalta<\/li>\n<li>Opetus erityisluokassa<\/li>\n<li>Tarvittaessa tulkitsemis- ja avustajapalvelut sek\u00e4 apuv\u00e4lineet. <a href=\"https:\/\/www.vora.fi\/fi\/uutiset\/ajankohtaista\/muutoksia-oppimisen-tukeen\">[vora.fi]<\/a><\/li>\n<\/ul>\n<\/li>\n<\/ul>\n<h3> Oppim\u00e4\u00e4r\u00e4n rajaaminen<\/h3>\n<ul>\n<li>&#8221;Yksil\u00f6llistetty oppim\u00e4\u00e4r\u00e4&#8221; korvataan termill\u00e4 <strong>&#8221;rajattu oppim\u00e4\u00e4r\u00e4&#8221;<\/strong>.<\/li>\n<li>K\u00e4ytet\u00e4\u00e4n vain, jos oppilas ei saavuta yleisen oppim\u00e4\u00e4r\u00e4n tavoitteita hyv\u00e4ksytt\u00e4v\u00e4sti (arvosana 5).<\/li>\n<li>Arviointi on sanallinen 9. luokkaan asti, p\u00e4\u00e4tt\u00f6todistuksessa arvosana 5 merkit\u00e4\u00e4n t\u00e4hdell\u00e4 (*). <a href=\"https:\/\/www.vora.fi\/fi\/uutiset\/ajankohtaista\/muutoksia-oppimisen-tukeen\">[vora.fi]<\/a><\/li>\n<\/ul>\n<h3> Siirtym\u00e4aika<\/h3>\n<ul>\n<li>Nykyiset tukip\u00e4\u00e4t\u00f6kset (tehostettu ja erityinen tuki) tulee p\u00e4ivitt\u00e4\u00e4 uuden mallin mukaisiksi <strong>viimeist\u00e4\u00e4n 31.8.2026<\/strong>. <a href=\"https:\/\/okm.fi\/oppimisen-tuesta-kysyttya\">[okm.fi]<\/a><\/li>\n<\/ul>\n<h3> Tavoite<\/h3>\n<ul>\n<li>Varmistaa, ett\u00e4 <strong>kaikki oppilaat voivat osallistua opetukseen<\/strong> ja suorittaa perusopetuksen oppim\u00e4\u00e4r\u00e4n.<\/li>\n<li>Tuki annetaan <strong>mahdollisimman varhaisessa vaiheessa<\/strong>, ensisijaisesti oppilaan omassa ryhm\u00e4ss\u00e4.<\/li>\n<\/ul>\n","protected":false},"excerpt":{"rendered":"<p>Kolmiportainen tuki (yleinen, tehostettu, erityinen) poistuu kokonaan. Tilalle tulee joustavampi ja saavutettavampi tukimalli, jossa painopiste on ennaltaehk\u00e4isyss\u00e4 ja tuen antamisessa osana yleisopetusta. [vora.fi] \u200d Tuen muodot Ryhm\u00e4kohtainen tuki (ei vaadi hallintop\u00e4\u00e4t\u00f6st\u00e4): Yleinen tukiopetus Opetuskielen tuki Erityisopettajan tuki luokassa Oppilaskohtainen tuki (vaatii hallintop\u00e4\u00e4t\u00f6ksen): Pienryhm\u00e4opetus erityisopettajalta Opetus erityisluokassa Tarvittaessa tulkitsemis- ja avustajapalvelut sek\u00e4 apuv\u00e4lineet. [vora.fi] Oppim\u00e4\u00e4r\u00e4n rajaaminen &hellip; <a href=\"https:\/\/blog.edu.turku.fi\/luostarivuori\/oppilaan-tuki\/\" class=\"more-link\">Jatka lukemista<span class=\"screen-reader-text\"> &#8221;Oppilaan tuki&#8221;<\/span><\/a><\/p>\n","protected":false},"author":9,"featured_media":0,"parent":0,"menu_order":0,"comment_status":"closed","ping_status":"closed","template":"","meta":{"footnotes":""},"class_list":["post-2789","page","type-page","status-publish","hentry"],"_links":{"self":[{"href":"https:\/\/blog.edu.turku.fi\/luostarivuori\/wp-json\/wp\/v2\/pages\/2789","targetHints":{"allow":["GET"]}}],"collection":[{"href":"https:\/\/blog.edu.turku.fi\/luostarivuori\/wp-json\/wp\/v2\/pages"}],"about":[{"href":"https:\/\/blog.edu.turku.fi\/luostarivuori\/wp-json\/wp\/v2\/types\/page"}],"author":[{"embeddable":true,"href":"https:\/\/blog.edu.turku.fi\/luostarivuori\/wp-json\/wp\/v2\/users\/9"}],"replies":[{"embeddable":true,"href":"https:\/\/blog.edu.turku.fi\/luostarivuori\/wp-json\/wp\/v2\/comments?post=2789"}],"version-history":[{"count":2,"href":"https:\/\/blog.edu.turku.fi\/luostarivuori\/wp-json\/wp\/v2\/pages\/2789\/revisions"}],"predecessor-version":[{"id":2898,"href":"https:\/\/blog.edu.turku.fi\/luostarivuori\/wp-json\/wp\/v2\/pages\/2789\/revisions\/2898"}],"wp:attachment":[{"href":"https:\/\/blog.edu.turku.fi\/luostarivuori\/wp-json\/wp\/v2\/media?parent=2789"}],"curies":[{"name":"wp","href":"https:\/\/api.w.org\/{rel}","templated":true}]}}