{"id":27,"date":"2016-04-05T16:47:59","date_gmt":"2016-04-05T13:47:59","guid":{"rendered":"https:\/\/blog.edu.turku.fi\/luostarivuori\/?page_id=27"},"modified":"2026-01-19T08:32:22","modified_gmt":"2026-01-19T06:32:22","slug":"henkilokunta","status":"publish","type":"page","link":"https:\/\/blog.edu.turku.fi\/luostarivuori\/yhteystiedot\/henkilokunta\/","title":{"rendered":"Rehtorit, kanslia, oppilashuolto ja vastuuopettajat"},"content":{"rendered":"<p>&nbsp;<\/p>\n<p><em>S\u00e4hk\u00f6postit: etunimi.sukunimi@edu.turku.fi<\/em><\/p>\n<p>HUOM! Terveydenhoitaja, psykologi ja kuraattori: etunimi.sukunimi@<strong>varha.fi<\/strong><\/p>\n<p>&nbsp;<\/p>\n<table style=\"height: 790px\" width=\"840\">\n<tbody>\n<tr>\n<td>Rehtori<\/td>\n<td>Henri Littunen<\/td>\n<td>040 186 1144<\/td>\n<\/tr>\n<tr>\n<td>Apulaisrehtori<\/td>\n<td>Juha M\u00e4enp\u00e4\u00e4, Martin ja Kerttulin yksik\u00f6t<\/td>\n<td>044 907 4631<\/td>\n<\/tr>\n<tr>\n<td>Koulusihteeri<\/td>\n<td>Tiia Toljander, Paikalla ma ja pe Luostarivuoren yksikk\u00f6<\/p>\n<p>ti, ke ja to, Martin yksikk\u00f6<\/td>\n<td>044 9072007<\/td>\n<\/tr>\n<tr>\n<td><\/td>\n<td><\/td>\n<td><\/td>\n<\/tr>\n<tr>\n<td>Koulupsykologit<\/td>\n<td>Inari Harjuniemi (alakoulu)<\/p>\n<p>Noora Pirttisalo (yl\u00e4koulu) virkavapaalla<\/p>\n<p>Viivi Erkkil\u00e4 (yl\u00e4koulu)<\/td>\n<td>044 750 9247<\/p>\n<p>&nbsp;<\/p>\n<p>044 907 5321<\/td>\n<\/tr>\n<tr>\n<td>Koulukuraattorit<\/td>\n<td>Suvi Sillanp\u00e4\u00e4 (alakoulu)<\/p>\n<p>Kati Rajasaari (yl\u00e4koulu) , paikalla ma, to, pe<\/td>\n<td>050 432 3590<\/p>\n<p>050 432 3587<\/td>\n<\/tr>\n<tr>\n<td>Psykiatriset sairaanhoitajat<\/td>\n<td>Claire Bell (alakoulu)<\/p>\n<p>Auri Gummerus (l\u00e4hetteet terveydenhoitajan kautta)<\/td>\n<td><\/td>\n<\/tr>\n<tr>\n<td>Terveydenhoitajat<\/td>\n<td>\u00a0Leena Hummelin (alakoulu)<\/p>\n<p>Maiju L\u00f6nnroth (yl\u00e4koulu), paikalla ti &#8211; pe<\/td>\n<td>040 353 1396<\/p>\n<p>040 752 4926<\/td>\n<\/tr>\n<tr>\n<td><\/td>\n<td><\/td>\n<td><\/td>\n<\/tr>\n<tr>\n<td>Opinto-ohjaaja<\/td>\n<td>Sari Hietanen<\/td>\n<td>040 1766782<\/td>\n<\/tr>\n<tr>\n<td><\/td>\n<td><\/td>\n<td><\/td>\n<\/tr>\n<tr>\n<td>Urheiluluokat<\/td>\n<td>Harri Kumlander<\/td>\n<td>044 907 4429<\/td>\n<\/tr>\n<tr>\n<td>Ruotsin kielikylpy<\/td>\n<td><span style=\"font-family: inherit;font-size: inherit\">Petra Salminen (alakoulu)<\/span><\/p>\n<p>Ida Hurme (yl\u00e4koulu)<\/td>\n<td>044 907 4440<\/p>\n<p>044 907 3170<\/td>\n<\/tr>\n<tr>\n<td>Kuvataideluokat<\/td>\n<td>Katri Kankkunen<\/td>\n<td>044 907 4439<\/td>\n<\/tr>\n<tr>\n<td>K\u00e4sity\u00f6<\/td>\n<td>Tomi Helomaa<\/td>\n<td>040 198 3951<\/td>\n<\/tr>\n<tr>\n<td>Erityisopetus<\/td>\n<td><span style=\"font-family: inherit;font-size: inherit\">Marketta Pietil\u00e4 (alakoulu)<\/span><\/p>\n<p>Heidi Perho (alakoulu)<\/p>\n<p><span style=\"font-family: inherit;font-size: inherit\">Olli M\u00e4lk\u00f6nen (yl\u00e4koulu)<\/span><\/td>\n<td>040 162 0656<\/p>\n<p><span style=\"font-family: inherit;font-size: inherit\">\u00a0040 586 2513<\/span><\/p>\n<p>044 907 5440<\/td>\n<\/tr>\n<\/tbody>\n<\/table>\n<p>&nbsp;<\/p>\n","protected":false},"excerpt":{"rendered":"<p>&nbsp; S\u00e4hk\u00f6postit: etunimi.sukunimi@edu.turku.fi HUOM! Terveydenhoitaja, psykologi ja kuraattori: etunimi.sukunimi@varha.fi &nbsp; Rehtori Henri Littunen 040 186 1144 Apulaisrehtori Juha M\u00e4enp\u00e4\u00e4, Martin ja Kerttulin yksik\u00f6t 044 907 4631 Koulusihteeri Tiia Toljander, Paikalla ma ja pe Luostarivuoren yksikk\u00f6 ti, ke ja to, Martin yksikk\u00f6 044 9072007 Koulupsykologit Inari Harjuniemi (alakoulu) Noora Pirttisalo (yl\u00e4koulu) virkavapaalla Viivi Erkkil\u00e4 (yl\u00e4koulu) 044 &hellip; <a href=\"https:\/\/blog.edu.turku.fi\/luostarivuori\/yhteystiedot\/henkilokunta\/\" class=\"more-link\">Jatka lukemista<span class=\"screen-reader-text\"> &#8221;Rehtorit, kanslia, oppilashuolto ja vastuuopettajat&#8221;<\/span><\/a><\/p>\n","protected":false},"author":216,"featured_media":0,"parent":14,"menu_order":0,"comment_status":"closed","ping_status":"closed","template":"","meta":{"footnotes":""},"class_list":["post-27","page","type-page","status-publish","hentry"],"_links":{"self":[{"href":"https:\/\/blog.edu.turku.fi\/luostarivuori\/wp-json\/wp\/v2\/pages\/27","targetHints":{"allow":["GET"]}}],"collection":[{"href":"https:\/\/blog.edu.turku.fi\/luostarivuori\/wp-json\/wp\/v2\/pages"}],"about":[{"href":"https:\/\/blog.edu.turku.fi\/luostarivuori\/wp-json\/wp\/v2\/types\/page"}],"author":[{"embeddable":true,"href":"https:\/\/blog.edu.turku.fi\/luostarivuori\/wp-json\/wp\/v2\/users\/216"}],"replies":[{"embeddable":true,"href":"https:\/\/blog.edu.turku.fi\/luostarivuori\/wp-json\/wp\/v2\/comments?post=27"}],"version-history":[{"count":135,"href":"https:\/\/blog.edu.turku.fi\/luostarivuori\/wp-json\/wp\/v2\/pages\/27\/revisions"}],"predecessor-version":[{"id":3210,"href":"https:\/\/blog.edu.turku.fi\/luostarivuori\/wp-json\/wp\/v2\/pages\/27\/revisions\/3210"}],"up":[{"embeddable":true,"href":"https:\/\/blog.edu.turku.fi\/luostarivuori\/wp-json\/wp\/v2\/pages\/14"}],"wp:attachment":[{"href":"https:\/\/blog.edu.turku.fi\/luostarivuori\/wp-json\/wp\/v2\/media?parent=27"}],"curies":[{"name":"wp","href":"https:\/\/api.w.org\/{rel}","templated":true}]}}