{"id":2583,"date":"2025-03-02T13:21:45","date_gmt":"2025-03-02T11:21:45","guid":{"rendered":"https:\/\/blog.edu.turku.fi\/luostarivuori\/?page_id=2583"},"modified":"2025-03-02T13:21:45","modified_gmt":"2025-03-02T11:21:45","slug":"lomakkeita-ja-ohjeita","status":"publish","type":"page","link":"https:\/\/blog.edu.turku.fi\/luostarivuori\/opiskelu\/lomakkeita-ja-ohjeita\/","title":{"rendered":"Lomakkeita ja ohjeita"},"content":{"rendered":"<p><a href=\"https:\/\/docs.google.com\/document\/d\/11My-YzRWg8BKREwijayFByUz_RXUsCBW\/edit?usp=drive_link&amp;ouid=109697730237610551413&amp;rtpof=true&amp;sd=true\">Toimintamallit kiusaamiseen ja h\u00e4irint\u00e4\u00e4n puuttumiseksi<\/a><\/p>\n<p><a href=\"http:\/\/www.turku.fi\/paivahoito-ja-koulutus\/perusopetus\/peruskoulut-ja-palvelut\/tyo-ja-loma-ajat\">Ty\u00f6- ja loma-ajat Turussa<\/a> (turku.fi)<\/p>\n<p><a href=\"https:\/\/www.oph.fi\/fi\/koulutus-ja-tutkinnot\/kurinpitokeinot-ja-turvaamistoimenpiteet-perusopetuksessa\">Kurinpitokeinot ja turvaamistoimenpiteet perusopetuksessa (oph.fi)<\/a><\/p>\n<p><a href=\"https:\/\/drive.google.com\/file\/d\/1hSY1701_GQ23NBJbUpEQ_MQDXUWz4bqY\/view?usp=sharing\">Yl\u00e4koulun opiskeluopas 2024-2025 sis\u00e4lt\u00e4en koulun j\u00e4rjestyss\u00e4\u00e4nn\u00f6t<\/a> (pdf)<\/p>\n<p><a href=\"https:\/\/edumailturku-my.sharepoint.com\/:w:\/r\/personal\/inka_rautiainen_edu_turku_fi\/_layouts\/15\/Doc.aspx?guestaccesstoken=oDoVEARGZN2wagwOdbuE12MT2IBe8Q2AYo5ZQsRKvoQ%3D&amp;docid=06020e1d51621427ca9243260823a4d49&amp;expiration=2025-11-01T11%3A25%3A43.000Z&amp;action=default\">Lukudiplomi<\/a> (docx)<br \/>\n&nbsp;<\/p>\n","protected":false},"excerpt":{"rendered":"<p>Toimintamallit kiusaamiseen ja h\u00e4irint\u00e4\u00e4n puuttumiseksi Ty\u00f6- ja loma-ajat Turussa (turku.fi) Kurinpitokeinot ja turvaamistoimenpiteet perusopetuksessa (oph.fi) Yl\u00e4koulun opiskeluopas 2024-2025 sis\u00e4lt\u00e4en koulun j\u00e4rjestyss\u00e4\u00e4nn\u00f6t (pdf) Lukudiplomi (docx) &nbsp;<\/p>\n","protected":false},"author":216,"featured_media":0,"parent":31,"menu_order":0,"comment_status":"closed","ping_status":"closed","template":"","meta":{"footnotes":""},"class_list":["post-2583","page","type-page","status-publish","hentry"],"_links":{"self":[{"href":"https:\/\/blog.edu.turku.fi\/luostarivuori\/wp-json\/wp\/v2\/pages\/2583","targetHints":{"allow":["GET"]}}],"collection":[{"href":"https:\/\/blog.edu.turku.fi\/luostarivuori\/wp-json\/wp\/v2\/pages"}],"about":[{"href":"https:\/\/blog.edu.turku.fi\/luostarivuori\/wp-json\/wp\/v2\/types\/page"}],"author":[{"embeddable":true,"href":"https:\/\/blog.edu.turku.fi\/luostarivuori\/wp-json\/wp\/v2\/users\/216"}],"replies":[{"embeddable":true,"href":"https:\/\/blog.edu.turku.fi\/luostarivuori\/wp-json\/wp\/v2\/comments?post=2583"}],"version-history":[{"count":1,"href":"https:\/\/blog.edu.turku.fi\/luostarivuori\/wp-json\/wp\/v2\/pages\/2583\/revisions"}],"predecessor-version":[{"id":2584,"href":"https:\/\/blog.edu.turku.fi\/luostarivuori\/wp-json\/wp\/v2\/pages\/2583\/revisions\/2584"}],"up":[{"embeddable":true,"href":"https:\/\/blog.edu.turku.fi\/luostarivuori\/wp-json\/wp\/v2\/pages\/31"}],"wp:attachment":[{"href":"https:\/\/blog.edu.turku.fi\/luostarivuori\/wp-json\/wp\/v2\/media?parent=2583"}],"curies":[{"name":"wp","href":"https:\/\/api.w.org\/{rel}","templated":true}]}}