{"id":2562,"date":"2025-03-02T12:59:32","date_gmt":"2025-03-02T10:59:32","guid":{"rendered":"https:\/\/blog.edu.turku.fi\/luostarivuori\/?page_id=2562"},"modified":"2025-10-13T11:50:21","modified_gmt":"2025-10-13T08:50:21","slug":"kouluterveydenhuolto","status":"publish","type":"page","link":"https:\/\/blog.edu.turku.fi\/luostarivuori\/opiskelu\/kouluterveydenhuolto\/","title":{"rendered":"Opiskelijaterveydenhuolto"},"content":{"rendered":"<h3><strong>Kouluterveydenhuolto Luostarivuoren koulussa<\/strong><\/h3>\n<ul>\n<li><strong>Kohderyhm\u00e4<\/strong>: Luostarivuoren koulun oppilaat<\/li>\n<li><strong>Toteuttaja<\/strong>: Varha (Varsinais-Suomen hyvinvointialue)<\/li>\n<li><strong>Lains\u00e4\u00e4d\u00e4nt\u00f6<\/strong>: Terveydenhuoltolaki (1326\/2010) ja asetus 338\/2011 <a href=\"https:\/\/stm.fi\/kouluterveydenhoito\">[stm.fi]<\/a><\/li>\n<\/ul>\n<h4>\u2705 Palvelut sis\u00e4lt\u00e4v\u00e4t:<\/h4>\n<ul>\n<li>Vuosittaiset <strong>terveystarkastukset<\/strong> (laajat tarkastukset 1., 5. ja 8. luokalla)<\/li>\n<li><strong>Suun terveydenhuolto<\/strong> koko ik\u00e4luokalle<\/li>\n<li><strong>Kasvun, kehityksen ja hyvinvoinnin seuranta<\/strong><\/li>\n<li><strong>Kouluyhteis\u00f6n hyvinvoinnin ja turvallisuuden edist\u00e4minen<\/strong><\/li>\n<li><strong>Varhainen tuen tarpeen tunnistaminen<\/strong> ja ohjaus jatkotutkimuksiin<\/li>\n<li><strong>Yhteisty\u00f6 huoltajien ja koulun henkil\u00f6st\u00f6n kanssa<\/strong><\/li>\n<\/ul>\n<h4>Saatavuus:<\/h4>\n<ul>\n<li>Palvelut ovat <strong>maksuttomia<\/strong> ja saatavilla p\u00e4\u00e4s\u00e4\u00e4nt\u00f6isesti <strong>koulup\u00e4iv\u00e4n aikana koululla tai sen l\u00e4heisyydess\u00e4<\/strong>. <a href=\"https:\/\/stm.fi\/kouluterveydenhoito\">[stm.fi]<\/a><\/li>\n<\/ul>\n<hr \/>\n<h3><strong>Opiskeluhuolto osana terveydenhuoltoa<\/strong><\/h3>\n<ul>\n<li>Kouluterveydenhuolto on osa laajempaa <strong>opiskeluhuoltoa<\/strong>, johon kuuluvat my\u00f6s:\n<ul>\n<li><strong>Kuraattori- ja psykologipalvelut<\/strong><\/li>\n<li><strong>Yhteis\u00f6llinen hyvinvointity\u00f6<\/strong><\/li>\n<li><strong>Yksil\u00f6kohtainen tuki<\/strong> tarvittaessa <a href=\"https:\/\/www.oph.fi\/fi\/koulutus-ja-tutkinnot\/opiskeluhuolto\">[oph.fi]<\/a><\/li>\n<\/ul>\n<\/li>\n<\/ul>\n<h4>Tavoite:<\/h4>\n<ul>\n<li>Edist\u00e4\u00e4 oppilaan <strong>oppimista, terveytt\u00e4 ja sosiaalista hyvinvointia<\/strong><\/li>\n<li>Tukea <strong>turvallista opiskeluymp\u00e4rist\u00f6\u00e4<\/strong> ja varhaista puuttumista ongelmiin<\/li>\n<\/ul>\n","protected":false},"excerpt":{"rendered":"<p>Kouluterveydenhuolto Luostarivuoren koulussa Kohderyhm\u00e4: Luostarivuoren koulun oppilaat Toteuttaja: Varha (Varsinais-Suomen hyvinvointialue) Lains\u00e4\u00e4d\u00e4nt\u00f6: Terveydenhuoltolaki (1326\/2010) ja asetus 338\/2011 [stm.fi] \u2705 Palvelut sis\u00e4lt\u00e4v\u00e4t: Vuosittaiset terveystarkastukset (laajat tarkastukset 1., 5. ja 8. luokalla) Suun terveydenhuolto koko ik\u00e4luokalle Kasvun, kehityksen ja hyvinvoinnin seuranta Kouluyhteis\u00f6n hyvinvoinnin ja turvallisuuden edist\u00e4minen Varhainen tuen tarpeen tunnistaminen ja ohjaus jatkotutkimuksiin Yhteisty\u00f6 huoltajien ja koulun &hellip; <a href=\"https:\/\/blog.edu.turku.fi\/luostarivuori\/opiskelu\/kouluterveydenhuolto\/\" class=\"more-link\">Jatka lukemista<span class=\"screen-reader-text\"> &#8221;Opiskelijaterveydenhuolto&#8221;<\/span><\/a><\/p>\n","protected":false},"author":216,"featured_media":0,"parent":31,"menu_order":0,"comment_status":"closed","ping_status":"closed","template":"","meta":{"footnotes":""},"class_list":["post-2562","page","type-page","status-publish","hentry"],"_links":{"self":[{"href":"https:\/\/blog.edu.turku.fi\/luostarivuori\/wp-json\/wp\/v2\/pages\/2562","targetHints":{"allow":["GET"]}}],"collection":[{"href":"https:\/\/blog.edu.turku.fi\/luostarivuori\/wp-json\/wp\/v2\/pages"}],"about":[{"href":"https:\/\/blog.edu.turku.fi\/luostarivuori\/wp-json\/wp\/v2\/types\/page"}],"author":[{"embeddable":true,"href":"https:\/\/blog.edu.turku.fi\/luostarivuori\/wp-json\/wp\/v2\/users\/216"}],"replies":[{"embeddable":true,"href":"https:\/\/blog.edu.turku.fi\/luostarivuori\/wp-json\/wp\/v2\/comments?post=2562"}],"version-history":[{"count":5,"href":"https:\/\/blog.edu.turku.fi\/luostarivuori\/wp-json\/wp\/v2\/pages\/2562\/revisions"}],"predecessor-version":[{"id":2902,"href":"https:\/\/blog.edu.turku.fi\/luostarivuori\/wp-json\/wp\/v2\/pages\/2562\/revisions\/2902"}],"up":[{"embeddable":true,"href":"https:\/\/blog.edu.turku.fi\/luostarivuori\/wp-json\/wp\/v2\/pages\/31"}],"wp:attachment":[{"href":"https:\/\/blog.edu.turku.fi\/luostarivuori\/wp-json\/wp\/v2\/media?parent=2562"}],"curies":[{"name":"wp","href":"https:\/\/api.w.org\/{rel}","templated":true}]}}