{"id":2551,"date":"2025-03-02T12:53:09","date_gmt":"2025-03-02T10:53:09","guid":{"rendered":"https:\/\/blog.edu.turku.fi\/luostarivuori\/?page_id=2551"},"modified":"2025-10-20T08:28:34","modified_gmt":"2025-10-20T05:28:34","slug":"opettajat","status":"publish","type":"page","link":"https:\/\/blog.edu.turku.fi\/luostarivuori\/yhteystiedot\/opettajat\/","title":{"rendered":"Opettajat"},"content":{"rendered":"<table width=\"440\">\n<tbody>\n<tr>\n<td width=\"94\">1a<\/td>\n<td width=\"150\">Tea Palmu<\/td>\n<td width=\"196\">luokanopettaja<\/td>\n<\/tr>\n<tr>\n<td>1b<\/td>\n<td>Anu-Aalto-Set\u00e4l\u00e4<\/td>\n<td>luokanopettaja<\/td>\n<\/tr>\n<tr>\n<td>1c<\/td>\n<td>Annmari Ikonen<\/td>\n<td>luokanopettaja<\/td>\n<\/tr>\n<tr>\n<td>1d<\/td>\n<td>Johanna Malkam\u00e4ki<\/td>\n<td>luokanopettaja, kielikylpy<\/td>\n<\/tr>\n<tr>\n<td>2a<\/td>\n<td>Hanna Barck<\/td>\n<td>luokanopettaja, MA<\/td>\n<\/tr>\n<tr>\n<td>2b<\/td>\n<td>Sanna Sova<\/td>\n<td>luokanopettaja<\/td>\n<\/tr>\n<tr>\n<td>2c<\/td>\n<td>Milla Viikari<\/td>\n<td>luokanopettaja<\/td>\n<\/tr>\n<tr>\n<td>2d<\/td>\n<td>Jessica Palmu<\/td>\n<td>luokanopettaja, kielikylpy<\/td>\n<\/tr>\n<tr>\n<td>3a<\/td>\n<td>Jenna Lehtonen<\/td>\n<td>luokanopettaja<\/td>\n<\/tr>\n<tr>\n<td>3c<\/td>\n<td>Katri Kankkunen<\/td>\n<td>luokanopettaja, kuvataide<\/td>\n<\/tr>\n<tr>\n<td>3d<\/td>\n<td>Jessica Hannonen<\/td>\n<td>luokanopettaja, kielikylpy<\/td>\n<\/tr>\n<tr>\n<td>4a<\/td>\n<td>Karri Korpela<\/td>\n<td>luokanopettaja<\/td>\n<\/tr>\n<tr>\n<td>3-4b<\/td>\n<td>Minna-Maria Aaltonen<\/td>\n<td>luokanopettaja<\/td>\n<\/tr>\n<tr>\n<td>4c<\/td>\n<td>Johanna Harju<\/td>\n<td>luokanopettaja<\/td>\n<\/tr>\n<tr>\n<td>4d<\/td>\n<td>Petra Niemi<\/td>\n<td>luokanopettaja, kielikylpy<\/td>\n<\/tr>\n<tr>\n<td>5a<\/td>\n<td>Tiina Ruohom\u00e4ki<\/td>\n<td>luokanopettaja, k\u00e4sity\u00f6<\/td>\n<\/tr>\n<tr>\n<td>5c<\/td>\n<td>Heidi Sundholm<\/td>\n<td>luokanopettaja<\/td>\n<\/tr>\n<tr>\n<td>5d<\/td>\n<td>Petra Salminen<\/td>\n<td>luokanopettaja, kielikylpy ja kotitalous<\/td>\n<\/tr>\n<tr>\n<td>6a<\/td>\n<td>Alisa Aalto<\/td>\n<td>luokanopettaja<\/td>\n<\/tr>\n<tr>\n<td>5-6b<\/td>\n<td>Hanna Kuivala<\/td>\n<td>luokanopettaja<\/td>\n<\/tr>\n<tr>\n<td>6c<\/td>\n<td>Paula Sonck\/sij. Aaro Tuomela<\/td>\n<td>luokanopettaja, kuvataide<\/td>\n<\/tr>\n<tr>\n<td>6d<\/td>\n<td>Mette Sj\u00f6lund<\/td>\n<td>luokanopettaja, kielikylpy<\/td>\n<\/tr>\n<tr>\n<td>1-2e<\/td>\n<td>Sini Rantasalo\/ sij. Paula Jarvis<\/td>\n<td>erityisluokanopettaja<\/td>\n<\/tr>\n<tr>\n<td>3-4e<\/td>\n<td>Laura Salokannel<\/td>\n<td>eritysluokanopettaja<\/td>\n<\/tr>\n<tr>\n<td>5-6e<\/td>\n<td>Katariina Schrey<\/td>\n<td>erityisluokanopettaja<\/td>\n<\/tr>\n<tr>\n<td><\/td>\n<td>Heidi Savioja<\/td>\n<td>luokanopettaja<\/td>\n<\/tr>\n<tr>\n<td><\/td>\n<td>Heidi Perho<\/td>\n<td>erityisopettaja, kielikylpy<\/td>\n<\/tr>\n<tr>\n<td><\/td>\n<td>Marketta Pietil\u00e4<\/td>\n<td>erityisopettaja<\/td>\n<\/tr>\n<tr>\n<td><\/td>\n<td>Rami Koskinen<\/td>\n<td>musiikki<\/td>\n<\/tr>\n<tr>\n<td><\/td>\n<td>Stefan Asikainen<\/td>\n<td>MA,FK kielikylpy<\/td>\n<\/tr>\n<tr>\n<td>8b<\/td>\n<td>Olli Pekanheimo<\/td>\n<td>MA,FK<\/td>\n<\/tr>\n<tr>\n<td><\/td>\n<td>Kimmo Lehtinen<\/td>\n<td>MA,FK<\/td>\n<\/tr>\n<tr>\n<td>9c<\/td>\n<td>Rauno Salonen<\/td>\n<td>MA,FK<\/td>\n<\/tr>\n<tr>\n<td>7b<\/td>\n<td>Harri Kumlander<\/td>\n<td>liikunta, urheiluluokat<\/td>\n<\/tr>\n<tr>\n<td><\/td>\n<td>Sanna Salonen<\/td>\n<td>liikunta, FK<\/td>\n<\/tr>\n<tr>\n<td>7d<\/td>\n<td>Ida Hurme<\/td>\n<td>EN,RU,ES kielikylpy<\/td>\n<\/tr>\n<tr>\n<td><\/td>\n<td>Soile Kivil\u00e4<\/td>\n<td>EN,RU,SA<\/td>\n<\/tr>\n<tr>\n<td>8d<\/td>\n<td>Miika Enola<\/td>\n<td>RU,EN<\/td>\n<\/tr>\n<tr>\n<td>7a<\/td>\n<td>Satu Pajuniitty<\/td>\n<td>RU,SA<\/td>\n<\/tr>\n<tr>\n<td><\/td>\n<td>Inka Rautiainen<\/td>\n<td>AI<\/td>\n<\/tr>\n<tr>\n<td>9a<\/td>\n<td>Tiina Kiviniemi<\/td>\n<td>AI, RA<\/td>\n<\/tr>\n<tr>\n<td><\/td>\n<td>Tomi Helomaa<\/td>\n<td>KS<\/td>\n<\/tr>\n<tr>\n<td>9d<\/td>\n<td>Noora Lepp\u00e4virta<\/td>\n<td>BG kielikylpy<\/td>\n<\/tr>\n<tr>\n<td>tuntiopettaja<\/td>\n<td>Anniina Peippo<\/td>\n<td>ET,AI,BG<\/td>\n<\/tr>\n<tr>\n<td>7c<\/td>\n<td>Timo Puska<\/td>\n<td>HI,YH<\/td>\n<\/tr>\n<tr>\n<td><\/td>\n<td>Sari Hietanen<\/td>\n<td>opinto-ohjaaja<\/td>\n<\/tr>\n<tr>\n<td>8c<\/td>\n<td>Riikka Isotalo<\/td>\n<td>UE,ET,TT<\/td>\n<\/tr>\n<tr>\n<td>8a<\/td>\n<td>Olli M\u00e4lk\u00f6nen<\/td>\n<td>erityisopettaja<\/td>\n<\/tr>\n<tr>\n<td>9b<\/td>\n<td>Mia Tanner<\/td>\n<td>KO<\/td>\n<\/tr>\n<tr>\n<td><\/td>\n<td>Minna Vuoj\u00e4rvi<\/td>\n<td>KO<\/td>\n<\/tr>\n<tr>\n<td>tuntiopettaja<\/td>\n<td>Aida Saarnijoki<\/td>\n<td>ES<\/td>\n<\/tr>\n<tr>\n<td>tuntiopettaja<\/td>\n<td>Marjo Rantala<\/td>\n<td>KO<\/td>\n<\/tr>\n<tr>\n<td>7e<\/td>\n<td>Amanda Uvanto<\/td>\n<td>erityisluokanopettaja<\/td>\n<\/tr>\n<tr>\n<td>8e<\/td>\n<td>Emilia Toivola<\/td>\n<td>erityisluokanopettaja<\/td>\n<\/tr>\n<tr>\n<td>tuntiopettaja<\/td>\n<td>Nestor Santonen<\/td>\n<td>HI, kielikylpy<\/td>\n<\/tr>\n<tr>\n<td>tuntiopettaja<\/td>\n<td>Shiho Torii<\/td>\n<td>Japani<\/td>\n<\/tr>\n<tr>\n<td>tuntiopettaja<\/td>\n<td>Pertti Sahlberg<\/td>\n<td>Valmennus, urheiluluokat<\/td>\n<\/tr>\n<\/tbody>\n<\/table>\n","protected":false},"excerpt":{"rendered":"<p>1a Tea Palmu luokanopettaja 1b Anu-Aalto-Set\u00e4l\u00e4 luokanopettaja 1c Annmari Ikonen luokanopettaja 1d Johanna Malkam\u00e4ki luokanopettaja, kielikylpy 2a Hanna Barck luokanopettaja, MA 2b Sanna Sova luokanopettaja 2c Milla Viikari luokanopettaja 2d Jessica Palmu luokanopettaja, kielikylpy 3a Jenna Lehtonen luokanopettaja 3c Katri Kankkunen luokanopettaja, kuvataide 3d Jessica Hannonen luokanopettaja, kielikylpy 4a Karri Korpela luokanopettaja 3-4b Minna-Maria Aaltonen &hellip; <a href=\"https:\/\/blog.edu.turku.fi\/luostarivuori\/yhteystiedot\/opettajat\/\" class=\"more-link\">Jatka lukemista<span class=\"screen-reader-text\"> &#8221;Opettajat&#8221;<\/span><\/a><\/p>\n","protected":false},"author":216,"featured_media":0,"parent":14,"menu_order":0,"comment_status":"closed","ping_status":"closed","template":"","meta":{"footnotes":""},"class_list":["post-2551","page","type-page","status-publish","hentry"],"_links":{"self":[{"href":"https:\/\/blog.edu.turku.fi\/luostarivuori\/wp-json\/wp\/v2\/pages\/2551","targetHints":{"allow":["GET"]}}],"collection":[{"href":"https:\/\/blog.edu.turku.fi\/luostarivuori\/wp-json\/wp\/v2\/pages"}],"about":[{"href":"https:\/\/blog.edu.turku.fi\/luostarivuori\/wp-json\/wp\/v2\/types\/page"}],"author":[{"embeddable":true,"href":"https:\/\/blog.edu.turku.fi\/luostarivuori\/wp-json\/wp\/v2\/users\/216"}],"replies":[{"embeddable":true,"href":"https:\/\/blog.edu.turku.fi\/luostarivuori\/wp-json\/wp\/v2\/comments?post=2551"}],"version-history":[{"count":16,"href":"https:\/\/blog.edu.turku.fi\/luostarivuori\/wp-json\/wp\/v2\/pages\/2551\/revisions"}],"predecessor-version":[{"id":3109,"href":"https:\/\/blog.edu.turku.fi\/luostarivuori\/wp-json\/wp\/v2\/pages\/2551\/revisions\/3109"}],"up":[{"embeddable":true,"href":"https:\/\/blog.edu.turku.fi\/luostarivuori\/wp-json\/wp\/v2\/pages\/14"}],"wp:attachment":[{"href":"https:\/\/blog.edu.turku.fi\/luostarivuori\/wp-json\/wp\/v2\/media?parent=2551"}],"curies":[{"name":"wp","href":"https:\/\/api.w.org\/{rel}","templated":true}]}}