{"id":2549,"date":"2025-03-02T12:52:27","date_gmt":"2025-03-02T10:52:27","guid":{"rendered":"https:\/\/blog.edu.turku.fi\/luostarivuori\/?page_id=2549"},"modified":"2025-10-24T14:45:14","modified_gmt":"2025-10-24T11:45:14","slug":"koulurakennukset","status":"publish","type":"page","link":"https:\/\/blog.edu.turku.fi\/luostarivuori\/yhteystiedot\/koulurakennukset\/","title":{"rendered":"Koulurakennukset"},"content":{"rendered":"<p>Luostarivuoren yhten\u00e4iskoulu toimii kolmessa eri rakennuksessa.<\/p>\n<p><strong>Kerttulin yksik\u00f6ss\u00e4<\/strong> toimivat luokat 1-2 ja rakennus on osa Kerttulin p\u00e4iv\u00e4kotia osoitteessa<\/p>\n<p>Kellonsoittajankatu 6. (kuva oikealla)<\/p>\n<p><strong>Martin yksik\u00f6ss\u00e4<\/strong> toimivat loput alakoululuokat vuosiluokilla 1-6 ja lis\u00e4ksi tiloissa toimivat<\/p>\n<p>alakoululuokkien pienluokat. Osoite on Hopeasep\u00e4nkuja 2. (kuva keskell\u00e4)<\/p>\n<p><strong>Luostarivuoren koulun yl\u00e4koululuokat<\/strong> 7-9 sek\u00e4 pienluokat toimivat osoitteessa Luostarinkatu 13.<\/p>\n<p>(Kuva vasemmalla)<\/p>\n<p>Samoissa rakennuksissa toimii my\u00f6s Luostarivuoren Lyseon lukio.<\/p>\n<p>&nbsp;<\/p>\n","protected":false},"excerpt":{"rendered":"<p>Luostarivuoren yhten\u00e4iskoulu toimii kolmessa eri rakennuksessa. Kerttulin yksik\u00f6ss\u00e4 toimivat luokat 1-2 ja rakennus on osa Kerttulin p\u00e4iv\u00e4kotia osoitteessa Kellonsoittajankatu 6. (kuva oikealla) Martin yksik\u00f6ss\u00e4 toimivat loput alakoululuokat vuosiluokilla 1-6 ja lis\u00e4ksi tiloissa toimivat alakoululuokkien pienluokat. Osoite on Hopeasep\u00e4nkuja 2. (kuva keskell\u00e4) Luostarivuoren koulun yl\u00e4koululuokat 7-9 sek\u00e4 pienluokat toimivat osoitteessa Luostarinkatu 13. (Kuva vasemmalla) Samoissa rakennuksissa &hellip; <a href=\"https:\/\/blog.edu.turku.fi\/luostarivuori\/yhteystiedot\/koulurakennukset\/\" class=\"more-link\">Jatka lukemista<span class=\"screen-reader-text\"> &#8221;Koulurakennukset&#8221;<\/span><\/a><\/p>\n","protected":false},"author":216,"featured_media":0,"parent":14,"menu_order":0,"comment_status":"closed","ping_status":"closed","template":"","meta":{"footnotes":""},"class_list":["post-2549","page","type-page","status-publish","hentry"],"_links":{"self":[{"href":"https:\/\/blog.edu.turku.fi\/luostarivuori\/wp-json\/wp\/v2\/pages\/2549","targetHints":{"allow":["GET"]}}],"collection":[{"href":"https:\/\/blog.edu.turku.fi\/luostarivuori\/wp-json\/wp\/v2\/pages"}],"about":[{"href":"https:\/\/blog.edu.turku.fi\/luostarivuori\/wp-json\/wp\/v2\/types\/page"}],"author":[{"embeddable":true,"href":"https:\/\/blog.edu.turku.fi\/luostarivuori\/wp-json\/wp\/v2\/users\/216"}],"replies":[{"embeddable":true,"href":"https:\/\/blog.edu.turku.fi\/luostarivuori\/wp-json\/wp\/v2\/comments?post=2549"}],"version-history":[{"count":8,"href":"https:\/\/blog.edu.turku.fi\/luostarivuori\/wp-json\/wp\/v2\/pages\/2549\/revisions"}],"predecessor-version":[{"id":3121,"href":"https:\/\/blog.edu.turku.fi\/luostarivuori\/wp-json\/wp\/v2\/pages\/2549\/revisions\/3121"}],"up":[{"embeddable":true,"href":"https:\/\/blog.edu.turku.fi\/luostarivuori\/wp-json\/wp\/v2\/pages\/14"}],"wp:attachment":[{"href":"https:\/\/blog.edu.turku.fi\/luostarivuori\/wp-json\/wp\/v2\/media?parent=2549"}],"curies":[{"name":"wp","href":"https:\/\/api.w.org\/{rel}","templated":true}]}}