{"id":2520,"date":"2025-02-27T14:29:02","date_gmt":"2025-02-27T12:29:02","guid":{"rendered":"https:\/\/blog.edu.turku.fi\/luostarivuori\/?page_id=2520"},"modified":"2025-03-02T13:39:05","modified_gmt":"2025-03-02T11:39:05","slug":"koulu-kartalla","status":"publish","type":"page","link":"https:\/\/blog.edu.turku.fi\/luostarivuori\/yhteystiedot\/koulu-kartalla\/","title":{"rendered":"Koulu kartalla"},"content":{"rendered":"<h2>Kerttulin yksikk\u00f6<\/h2>\n\n<!-- iframe plugin v.6.0 wordpress.org\/plugins\/iframe\/ -->\n<iframe src=\"https:\/\/www.google.com\/maps\/embed?pb=!1m18!1m12!1m3!1d1967.7686632028824!2d22.280975913012853!3d60.44903447507228!2m3!1f0!2f0!3f0!3m2!1i1024!2i768!4f13.1!3m3!1m2!1s0x468c7727f268a327%3A0xdf226501d5b52018!2sLuostarivuoren%20koulu%2C%20Kerttulin%20yksikk%C3%B6!5e0!3m2!1sen!2sfi!4v1740915373970!5m2!1sen!2sfi\" width=\"600\" height=\"450\" style=\"border:0;\" allowfullscreen loading=\"lazy\" 0=\"referrerpolicy=&quot;no-referrer-when-downgrade&quot;&gt;&lt;\/iframe\" scrolling=\"yes\" class=\"iframe-class\" frameborder=\"0\"><\/iframe>\n\n<h2>Martin yksikk\u00f6<\/h2>\n\n<!-- iframe plugin v.6.0 wordpress.org\/plugins\/iframe\/ -->\n<iframe src=\"https:\/\/www.google.com\/maps\/embed?pb=!1m18!1m12!1m3!1d1968.2542481412859!2d22.25771361301232!3d60.44101817506807!2m3!1f0!2f0!3f0!3m2!1i1024!2i768!4f13.1!3m3!1m2!1s0x468c7703cab8eedf%3A0xa77663f9245210dd!2sSchool%3A%20Luostarivuoren%20koulu%2C%20Martin%20yksikk%C3%B6!5e0!3m2!1sen!2sfi!4v1740915458972!5m2!1sen!2sfi\" width=\"600\" height=\"450\" style=\"border:0;\" allowfullscreen loading=\"lazy\" 0=\"referrerpolicy=&quot;no-referrer-when-downgrade&quot;&gt;&lt;\/iframe\" scrolling=\"yes\" class=\"iframe-class\" frameborder=\"0\"><\/iframe>\n\n<h2>Luostarivuoren yksikk\u00f6<\/h2>\n\n<!-- iframe plugin v.6.0 wordpress.org\/plugins\/iframe\/ -->\n<iframe src=\"https:\/\/www.google.com\/maps\/embed?pb=!1m18!1m12!1m3!1d3059.0632760180406!2d22.268653220865094!3d60.445304625555934!2m3!1f0!2f0!3f0!3m2!1i1024!2i768!4f13.1!3m3!1m2!1s0x468c76fd2731a575%3A0x2c0acff447314cb0!2sLuostarivuoren%20koulu%20(upper%20comprehensive%20school)!5e0!3m2!1sen!2sfi!4v1740915573115!5m2!1sen!2sfi\" width=\"600\" height=\"450\" style=\"border:0;\" allowfullscreen loading=\"lazy\" 0=\"referrerpolicy=&quot;no-referrer-when-downgrade&quot;&gt;&lt;\/iframe\" scrolling=\"yes\" class=\"iframe-class\" frameborder=\"0\"><\/iframe>\n\n","protected":false},"excerpt":{"rendered":"<p>Kerttulin yksikk\u00f6 Martin yksikk\u00f6 Luostarivuoren yksikk\u00f6<\/p>\n","protected":false},"author":216,"featured_media":0,"parent":14,"menu_order":0,"comment_status":"closed","ping_status":"closed","template":"","meta":{"footnotes":""},"class_list":["post-2520","page","type-page","status-publish","hentry"],"_links":{"self":[{"href":"https:\/\/blog.edu.turku.fi\/luostarivuori\/wp-json\/wp\/v2\/pages\/2520","targetHints":{"allow":["GET"]}}],"collection":[{"href":"https:\/\/blog.edu.turku.fi\/luostarivuori\/wp-json\/wp\/v2\/pages"}],"about":[{"href":"https:\/\/blog.edu.turku.fi\/luostarivuori\/wp-json\/wp\/v2\/types\/page"}],"author":[{"embeddable":true,"href":"https:\/\/blog.edu.turku.fi\/luostarivuori\/wp-json\/wp\/v2\/users\/216"}],"replies":[{"embeddable":true,"href":"https:\/\/blog.edu.turku.fi\/luostarivuori\/wp-json\/wp\/v2\/comments?post=2520"}],"version-history":[{"count":8,"href":"https:\/\/blog.edu.turku.fi\/luostarivuori\/wp-json\/wp\/v2\/pages\/2520\/revisions"}],"predecessor-version":[{"id":2589,"href":"https:\/\/blog.edu.turku.fi\/luostarivuori\/wp-json\/wp\/v2\/pages\/2520\/revisions\/2589"}],"up":[{"embeddable":true,"href":"https:\/\/blog.edu.turku.fi\/luostarivuori\/wp-json\/wp\/v2\/pages\/14"}],"wp:attachment":[{"href":"https:\/\/blog.edu.turku.fi\/luostarivuori\/wp-json\/wp\/v2\/media?parent=2520"}],"curies":[{"name":"wp","href":"https:\/\/api.w.org\/{rel}","templated":true}]}}