{"id":2305,"date":"2024-08-12T11:50:02","date_gmt":"2024-08-12T08:50:02","guid":{"rendered":"https:\/\/blog.edu.turku.fi\/luostarivuori\/?page_id=2305"},"modified":"2025-10-24T14:44:37","modified_gmt":"2025-10-24T11:44:37","slug":"luostarivuoren-koulu-esittely","status":"publish","type":"page","link":"https:\/\/blog.edu.turku.fi\/luostarivuori\/","title":{"rendered":"Luostarivuoren koulu &#8211; esittely"},"content":{"rendered":"<p>Luostarivuoren koulu sijaitsee Turun keskustassa osoitteessa Luostarinkatu 13.<\/p>\n<p>Luostarivuoren koulu on yhten\u00e4inen peruskoulu ja koulun kokonaisoppilasm\u00e4\u00e4r\u00e4 on noin 870 vuosiluokilla 1 &#8211; 9.<\/p>\n<p>Alakoulumme yksik\u00f6t toimivat <strong>Martissa<\/strong> (Hopeasep\u00e4nkuja 2) ja <strong>Kerttulissa<\/strong> (Kellonsoittajankatu 6).<\/p>\n<p>Yl\u00e4koulumme toimii <strong>Luostarivuoren yksik\u00f6ss\u00e4<\/strong> (Luostarinkatu 13).<\/p>\n<p>Yl\u00e4koulun kanssa samoissa kiinteist\u00f6iss\u00e4 toimii my\u00f6s Turun suurin yleislukio, Luostarivuoren Lyseon lukio.<\/p>\n<p>Koulu on perustettu vuonna 1882 alunperin suomenkielisen\u00e4 tytt\u00f6lyseona ja yhteiskouluksi koulu muuttui vuonna 1974, josta alkaen my\u00f6s pojat opiskelivat Luostarivuoren koulussa.<\/p>\n<p>&nbsp;<\/p>\n<p>Luostarivuoren koulussa on paljon painotettua opetusta ja erikoisluokkia. Alakoulussa aloittavat erikoisluokat ovat ruotsin kielikylpy ja kuvataide sek\u00e4 yl\u00e4koulussa alkava (7-9lk) urheiluluokka.<\/p>\n<p>Kielikylpyluokat ovat toimineet Luostarivuoren koulussa yli 30 vuoden ajan (alkaen 1994) ja kuvataideluokat ovat toimineet koulussa 1990-luvulta alkaen. Urheiluluokkatoimintaa toteutetaan yhteisty\u00f6ss\u00e4 Suomen olympiakomitean ja Turun seudun urheiluakatemian kanssa.<\/p>\n<p>Erikoisluokille hakeudutaan erillisen testimenettelyn kautta, josta lis\u00e4tietoja saa rehtoreilta.<\/p>\n<p>juha.maenpaa@edu.turku.fi tai 0449074631 (alakoulu) ja henri.littunen@edu.turku.fi tai 0401861144 (yl\u00e4koulu).<\/p>\n<p>Koulussamme voi valita vapaaehtoiseksi A2-kieleksi ruotsin tai saksan 4. luokalta l\u00e4htien.<\/p>\n<p>&nbsp;<\/p>\n<p>&nbsp;<\/p>\n","protected":false},"excerpt":{"rendered":"<p>Luostarivuoren koulu sijaitsee Turun keskustassa osoitteessa Luostarinkatu 13. Luostarivuoren koulu on yhten\u00e4inen peruskoulu ja koulun kokonaisoppilasm\u00e4\u00e4r\u00e4 on noin 870 vuosiluokilla 1 &#8211; 9. Alakoulumme yksik\u00f6t toimivat Martissa (Hopeasep\u00e4nkuja 2) ja Kerttulissa (Kellonsoittajankatu 6). Yl\u00e4koulumme toimii Luostarivuoren yksik\u00f6ss\u00e4 (Luostarinkatu 13). Yl\u00e4koulun kanssa samoissa kiinteist\u00f6iss\u00e4 toimii my\u00f6s Turun suurin yleislukio, Luostarivuoren Lyseon lukio. Koulu on perustettu vuonna &hellip; <a href=\"https:\/\/blog.edu.turku.fi\/luostarivuori\/\" class=\"more-link\">Jatka lukemista<span class=\"screen-reader-text\"> &#8221;Luostarivuoren koulu &#8211; esittely&#8221;<\/span><\/a><\/p>\n","protected":false},"author":25,"featured_media":0,"parent":14,"menu_order":0,"comment_status":"closed","ping_status":"closed","template":"","meta":{"footnotes":""},"class_list":["post-2305","page","type-page","status-publish","hentry"],"_links":{"self":[{"href":"https:\/\/blog.edu.turku.fi\/luostarivuori\/wp-json\/wp\/v2\/pages\/2305","targetHints":{"allow":["GET"]}}],"collection":[{"href":"https:\/\/blog.edu.turku.fi\/luostarivuori\/wp-json\/wp\/v2\/pages"}],"about":[{"href":"https:\/\/blog.edu.turku.fi\/luostarivuori\/wp-json\/wp\/v2\/types\/page"}],"author":[{"embeddable":true,"href":"https:\/\/blog.edu.turku.fi\/luostarivuori\/wp-json\/wp\/v2\/users\/25"}],"replies":[{"embeddable":true,"href":"https:\/\/blog.edu.turku.fi\/luostarivuori\/wp-json\/wp\/v2\/comments?post=2305"}],"version-history":[{"count":13,"href":"https:\/\/blog.edu.turku.fi\/luostarivuori\/wp-json\/wp\/v2\/pages\/2305\/revisions"}],"predecessor-version":[{"id":3120,"href":"https:\/\/blog.edu.turku.fi\/luostarivuori\/wp-json\/wp\/v2\/pages\/2305\/revisions\/3120"}],"up":[{"embeddable":true,"href":"https:\/\/blog.edu.turku.fi\/luostarivuori\/wp-json\/wp\/v2\/pages\/14"}],"wp:attachment":[{"href":"https:\/\/blog.edu.turku.fi\/luostarivuori\/wp-json\/wp\/v2\/media?parent=2305"}],"curies":[{"name":"wp","href":"https:\/\/api.w.org\/{rel}","templated":true}]}}