{"id":1949,"date":"2023-04-18T18:00:00","date_gmt":"2023-04-18T15:00:00","guid":{"rendered":"https:\/\/blog.edu.turku.fi\/luostarivuori\/?page_id=1949"},"modified":"2026-04-09T09:13:56","modified_gmt":"2026-04-09T06:13:56","slug":"tiedotteet","status":"publish","type":"page","link":"https:\/\/blog.edu.turku.fi\/luostarivuori\/tiedotteet\/","title":{"rendered":"Tiedotteet"},"content":{"rendered":"<h2><strong>Tulevien ekaluokkalaisten tutustumisp\u00e4iv\u00e4t 2026<\/strong><\/h2>\n<p>Tulevien ekaluokkalaisten tutustumisp\u00e4iv\u00e4t j\u00e4rjestet\u00e4\u00e4n<\/p>\n<ul>\n<li>Martissa tiistaina 12.5.2026 klo 8.30-10.00.<\/li>\n<li>Kerttulissa keskiviikkona 13.5.2026 klo 8.30-10.00.<\/li>\n<\/ul>\n<p>Martissa kokoontuminen koulun v\u00e4lituntipihalle, miss\u00e4 opettajat jakavat oppilaat ryhmiin. Tulevat ekaluokkalaiset tutustuvat kouluun opettajien johdolla. Samaan aikaan on huoltajille oma infotilaisuus koulun liikuntasalissa.<\/p>\n<p>Kerttulissa kokoonnutaan aluksi p\u00e4iv\u00e4kodin liikuntasaliin. Tulevat ekaluokkalaiset\u00a0siirtyv\u00e4t opettajan johdolla tutustumaan koulun tiloihin ja huoltajille jatkuu oma infotilaisuus liikuntasalissa.<\/p>\n<h2>Uusien 7.luokkalaisten tutustumisp\u00e4iv\u00e4 perjantaina 22.5.<\/h2>\n<p>Tervetuloa uusien seitsem\u00e4sluokkalaisten oppilaiden tutustumisp\u00e4iv\u00e4\u00e4n perjantaina 22.5. klo 9 &#8211; 12.<\/p>\n<p>Ohjelma:<\/p>\n<ul>\n<li>Rehtorin puheenvuoro<\/li>\n<li>Tukioppilaiden kierto+ryhm\u00e4ytymistunti<\/li>\n<li>Tulevan luokanohjaajan tunti.<\/li>\n<li>Ruokailu<\/li>\n<\/ul>\n<p><strong>Vanhemmille<\/strong> pidet\u00e4\u00e4n erillinen infotilaisuus yl\u00e4koulun aloittamiseen liittyen maanantaina<strong> 31.8. klo 18.<\/strong><\/p>\n<p>&nbsp;<\/p>\n<p>&nbsp;<\/p>\n<p>&nbsp;<\/p>\n<p>&nbsp;<\/p>\n<p>&nbsp;<\/p>\n<h2><\/h2>\n<h2><\/h2>\n<p>&nbsp;<\/p>\n","protected":false},"excerpt":{"rendered":"<p>Tulevien ekaluokkalaisten tutustumisp\u00e4iv\u00e4t 2026 Tulevien ekaluokkalaisten tutustumisp\u00e4iv\u00e4t j\u00e4rjestet\u00e4\u00e4n Martissa tiistaina 12.5.2026 klo 8.30-10.00. Kerttulissa keskiviikkona 13.5.2026 klo 8.30-10.00. Martissa kokoontuminen koulun v\u00e4lituntipihalle, miss\u00e4 opettajat jakavat oppilaat ryhmiin. Tulevat ekaluokkalaiset tutustuvat kouluun opettajien johdolla. Samaan aikaan on huoltajille oma infotilaisuus koulun liikuntasalissa. Kerttulissa kokoonnutaan aluksi p\u00e4iv\u00e4kodin liikuntasaliin. Tulevat ekaluokkalaiset\u00a0siirtyv\u00e4t opettajan johdolla tutustumaan koulun tiloihin ja huoltajille &hellip; <a href=\"https:\/\/blog.edu.turku.fi\/luostarivuori\/tiedotteet\/\" class=\"more-link\">Jatka lukemista<span class=\"screen-reader-text\"> &#8221;Tiedotteet&#8221;<\/span><\/a><\/p>\n","protected":false},"author":216,"featured_media":0,"parent":0,"menu_order":0,"comment_status":"closed","ping_status":"closed","template":"","meta":{"footnotes":""},"class_list":["post-1949","page","type-page","status-publish","hentry"],"_links":{"self":[{"href":"https:\/\/blog.edu.turku.fi\/luostarivuori\/wp-json\/wp\/v2\/pages\/1949","targetHints":{"allow":["GET"]}}],"collection":[{"href":"https:\/\/blog.edu.turku.fi\/luostarivuori\/wp-json\/wp\/v2\/pages"}],"about":[{"href":"https:\/\/blog.edu.turku.fi\/luostarivuori\/wp-json\/wp\/v2\/types\/page"}],"author":[{"embeddable":true,"href":"https:\/\/blog.edu.turku.fi\/luostarivuori\/wp-json\/wp\/v2\/users\/216"}],"replies":[{"embeddable":true,"href":"https:\/\/blog.edu.turku.fi\/luostarivuori\/wp-json\/wp\/v2\/comments?post=1949"}],"version-history":[{"count":15,"href":"https:\/\/blog.edu.turku.fi\/luostarivuori\/wp-json\/wp\/v2\/pages\/1949\/revisions"}],"predecessor-version":[{"id":2008,"href":"https:\/\/blog.edu.turku.fi\/luostarivuori\/wp-json\/wp\/v2\/pages\/1949\/revisions\/2008"}],"wp:attachment":[{"href":"https:\/\/blog.edu.turku.fi\/luostarivuori\/wp-json\/wp\/v2\/media?parent=1949"}],"curies":[{"name":"wp","href":"https:\/\/api.w.org\/{rel}","templated":true}]}}