{"id":14,"date":"2016-04-05T16:13:50","date_gmt":"2016-04-05T13:13:50","guid":{"rendered":"https:\/\/blog.edu.turku.fi\/luostarivuori\/?page_id=14"},"modified":"2025-11-12T12:22:35","modified_gmt":"2025-11-12T10:22:35","slug":"yhteystiedot","status":"publish","type":"page","link":"https:\/\/blog.edu.turku.fi\/luostarivuori\/yhteystiedot\/","title":{"rendered":"Yhteystiedot"},"content":{"rendered":"<p>Rehtori:<br \/>\nHenri Littunen,\u00a0040 1861 144<\/p>\n<p>Apulaisrehtori:<\/p>\n<p>Juha M\u00e4enp\u00e4\u00e4, 044 907 4631<\/p>\n<p>Koulusihteeri:<br \/>\nJohanna Mukari, 040 5700274<\/p>\n<p><strong>Opettajakohtaiset ty\u00f6puhelinnumerot ovat saatavilla Wilmassa<\/strong><\/p>\n<p><a href=\"https:\/\/www.youtube.com\/watch?v=L8Ej8EEcmck&amp;feature=youtu.be\">Luostarivuoren koulu ilmakuvissa (klikkaa linkki\u00e4)<\/a><\/p>\n<p>Osoite:<br \/>\nLuostarinkatu 13, 20700 Turku<\/p>\n\n<!-- iframe plugin v.6.0 wordpress.org\/plugins\/iframe\/ -->\n<iframe loading=\"lazy\" src=\"https:\/\/www.google.com\/maps\/embed?pb=!1m18!1m12!1m3!1d3309.832969205168!2d22.26767622313019!3d60.4445806307742!2m3!1f0!2f0!3f0!3m2!1i1024!2i768!4f13.1!3m3!1m2!1s0x468c76fd266842c1%3A0xa87208181ea1031f!2sLuostarinkatu+13%2C+20700+Turku!5e0!3m2!1sen!2sfi!4v1459868665491\" width=\"80%\" height=\"500\" scrolling=\"yes\" class=\"iframe-class\" frameborder=\"0\"><\/iframe>\n\n","protected":false},"excerpt":{"rendered":"<p>Rehtori: Henri Littunen,\u00a0040 1861 144 Apulaisrehtori: Juha M\u00e4enp\u00e4\u00e4, 044 907 4631 Koulusihteeri: Johanna Mukari, 040 5700274 Opettajakohtaiset ty\u00f6puhelinnumerot ovat saatavilla Wilmassa Luostarivuoren koulu ilmakuvissa (klikkaa linkki\u00e4) Osoite: Luostarinkatu 13, 20700 Turku<\/p>\n","protected":false},"author":216,"featured_media":0,"parent":0,"menu_order":0,"comment_status":"closed","ping_status":"closed","template":"","meta":{"footnotes":""},"class_list":["post-14","page","type-page","status-publish","hentry"],"_links":{"self":[{"href":"https:\/\/blog.edu.turku.fi\/luostarivuori\/wp-json\/wp\/v2\/pages\/14","targetHints":{"allow":["GET"]}}],"collection":[{"href":"https:\/\/blog.edu.turku.fi\/luostarivuori\/wp-json\/wp\/v2\/pages"}],"about":[{"href":"https:\/\/blog.edu.turku.fi\/luostarivuori\/wp-json\/wp\/v2\/types\/page"}],"author":[{"embeddable":true,"href":"https:\/\/blog.edu.turku.fi\/luostarivuori\/wp-json\/wp\/v2\/users\/216"}],"replies":[{"embeddable":true,"href":"https:\/\/blog.edu.turku.fi\/luostarivuori\/wp-json\/wp\/v2\/comments?post=14"}],"version-history":[{"count":29,"href":"https:\/\/blog.edu.turku.fi\/luostarivuori\/wp-json\/wp\/v2\/pages\/14\/revisions"}],"predecessor-version":[{"id":3127,"href":"https:\/\/blog.edu.turku.fi\/luostarivuori\/wp-json\/wp\/v2\/pages\/14\/revisions\/3127"}],"wp:attachment":[{"href":"https:\/\/blog.edu.turku.fi\/luostarivuori\/wp-json\/wp\/v2\/media?parent=14"}],"curies":[{"name":"wp","href":"https:\/\/api.w.org\/{rel}","templated":true}]}}