{"id":1195,"date":"2020-11-09T11:19:08","date_gmt":"2020-11-09T09:19:08","guid":{"rendered":"https:\/\/blog.edu.turku.fi\/luostarivuori\/?page_id=1195"},"modified":"2026-01-13T13:15:27","modified_gmt":"2026-01-13T11:15:27","slug":"kuvataideluokat-luostarivuoren-koulussa","status":"publish","type":"page","link":"https:\/\/blog.edu.turku.fi\/luostarivuori\/kuvataideluokat-luostarivuoren-koulussa\/","title":{"rendered":"Kuvataideluokat Luostarivuoren koulussa"},"content":{"rendered":"<p><img loading=\"lazy\" decoding=\"async\" class=\"alignnone size-full wp-image-1221 aligncenter\" src=\"https:\/\/blog.edu.turku.fi\/luostarivuori\/files\/2020\/11\/kuvisluokkablogi-1.jpg\" alt=\"\" width=\"1024\" height=\"611\" srcset=\"https:\/\/blog.edu.turku.fi\/luostarivuori\/files\/2020\/11\/kuvisluokkablogi-1.jpg 1024w, https:\/\/blog.edu.turku.fi\/luostarivuori\/files\/2020\/11\/kuvisluokkablogi-1-300x179.jpg 300w\" sizes=\"auto, (max-width: 709px) 85vw, (max-width: 909px) 67vw, (max-width: 1362px) 62vw, 840px\" \/><\/p>\n<p>&nbsp;<\/p>\n<p><a href=\"https:\/\/www.instagram.com\/luostarivuoren_kuvis\/\"><img loading=\"lazy\" decoding=\"async\" class=\" wp-image-1208 aligncenter\" src=\"https:\/\/blog.edu.turku.fi\/luostarivuori\/files\/2020\/11\/instagram-300x169.jpg\" alt=\"\" width=\"179\" height=\"101\" srcset=\"https:\/\/blog.edu.turku.fi\/luostarivuori\/files\/2020\/11\/instagram-300x169.jpg 300w, https:\/\/blog.edu.turku.fi\/luostarivuori\/files\/2020\/11\/instagram.jpg 800w\" sizes=\"auto, (max-width: 179px) 85vw, 179px\" \/><\/a><\/p>\n<p>&nbsp;<\/p>\n<h5><strong>Hakeminen kuvataiteen 3. luokalle (erikoisluokkahaku)<\/strong><\/h5>\n<ul>\n<li>Hakeminen kuvataideluokalle\/-linjalle tapahtuu <strong>Wilman kautta 7.1-21.1.2026<\/strong>.<\/li>\n<li>Vieraskuntalaiset hakevat erillisell\u00e4 hakemuksella (linkki alla).\n<ul>\n<li><a href=\"https:\/\/www.turku.fi\/perusopetus\/perusopetuksen-erikoisluokat#anchor-erikoisluokalle-hakeminen\">Perusopetuksen erikoisluokat | Turku.fi<\/a><\/li>\n<li>Hakemus tulee toimittaa Luostarivuoren koulun Martin yksikk\u00f6\u00f6n (Hopeasep\u00e4nkuja 2, 20810 Turku) <strong>21.1.2026 menness\u00e4<\/strong>.<\/li>\n<\/ul>\n<\/li>\n<li>Kuvataideluokka\/-linja toimintaa ja hakemista koskeva infotilaisuus pidet\u00e4\u00e4n <strong>tiistaina 13.1.2026 klo 18.00<\/strong> Luostarivuoren koulun Martin yksik\u00f6n kuvataideluokassa (Hopeasep\u00e4nkuja 2, 20810 Turku).\n<ul>\n<li>Sis\u00e4\u00e4nk\u00e4ynti A-ovesta<\/li>\n<\/ul>\n<\/li>\n<\/ul>\n<p><strong>Kuvataidetestit<\/strong><\/p>\n<ul>\n<li>Kuvataidetestit j\u00e4rjestet\u00e4\u00e4n <strong>torstaina 5.2.2026 klo 9.30-13.00<\/strong> Luostarivuoren koulun Martin yksik\u00f6ss\u00e4 (Hopeasep\u00e4nkuja 2, 202810 Turku).\u00a0<strong>Hakijoille ei l\u00e4hetet\u00e4 erillist\u00e4 kutsua<\/strong>.\n<ul>\n<li>Testip\u00e4iv\u00e4n\u00e4 saapuminen koulun v\u00e4lituntipihalle, mist\u00e4 opettajat ottavat oppilaat vastaan.<\/li>\n<li>Mik\u00e4li testiin osallistuminen peruutetaan tai lapsi sairastuu, niin asiasta tulee ilmoittaa koulusihteeri Tiia Toljanderille (tiia.toljander@edu.turku.fi)<\/li>\n<\/ul>\n<\/li>\n<\/ul>\n<p><strong>P\u00e4\u00e4t\u00f6kset<\/strong><\/p>\n<ul>\n<li>P\u00e4\u00e4t\u00f6kset oppilaspaikasta ovat n\u00e4ht\u00e4vill\u00e4 <strong>Wilmassa 31.3.2026<\/strong>.<\/li>\n<\/ul>\n<p>&nbsp;<\/p>\n<p><strong>Kuvataidetestiin sis\u00e4ltyy mm.<\/strong><\/p>\n<ul>\n<li>Piirt\u00e4misteht\u00e4v\u00e4<\/li>\n<li>Maalausteht\u00e4v\u00e4<\/li>\n<li>Muotoiluteht\u00e4v\u00e4<\/li>\n<\/ul>\n<p><strong>Suoritusten arviointi<\/strong><\/p>\n<ul>\n<li>Arvioinnin suorittaa monij\u00e4seninen raati<\/li>\n<li>Arviointi suoritetaan anonyymisti<\/li>\n<li>T\u00f6ist\u00e4 ei anneta tarkennettua palautetta<\/li>\n<li>Tehtyj\u00e4 t\u00f6it\u00e4 ei palauteta tekij\u00f6ille<\/li>\n<\/ul>\n<p><strong>Valintaperusteet<\/strong><\/p>\n<ul>\n<li>Valintakriteerin\u00e4 on hyv\u00e4ksytty suoritus kuvataidetestiss\u00e4.<\/li>\n<li>Oppilaat valitaan pistem\u00e4\u00e4rien mukaisessa j\u00e4rjestyksess\u00e4.<\/li>\n<li>Oppilaita otetaan enint\u00e4\u00e4n 27.<\/li>\n<\/ul>\n<p>Lis\u00e4tietoja:<\/p>\n<p>apulaisrehtori Juha M\u00e4enp\u00e4\u00e4, 044 907 4631<\/p>\n<p>juha.maenpaa@edu.turku.fi<\/p>\n<h5><strong>Kuvataideluokkien t\u00e4ydent\u00e4minen vuosiluokilla 4-9<\/strong><\/h5>\n<p>Kuvataideluokille 4-9 ei oteta uusia t\u00e4ydent\u00e4vi\u00e4 oppilaita lukuvuodeksi 2026 &#8211; 2027.<\/p>\n<p>Kuvataideluokille ei my\u00f6sk\u00e4\u00e4n oteta uusia t\u00e4ydent\u00e4vi\u00e4 oppilaita yl\u00e4koulun aloitusvaiheessa 2026.<\/p>\n<p>&nbsp;<\/p>\n<p>Oppilast\u00f6iden kev\u00e4tn\u00e4yttely:\u00a0\u00a0<a href=\"https:\/\/sites.google.com\/view\/verkkogalleria2023\/etusivu\">Tutustu t\u00f6ihin t\u00e4st\u00e4 linkist\u00e4.<\/a><\/p>\n<p>Kuvataideluokat toimivat Luostarivuoren koulussa luokilla 3\u20139. Kuvataideluokkien vuosittainen maksimikoko on 27 oppilasta.<\/p>\n<p><a href=\"https:\/\/youtu.be\/5GNimVYW36c\">T\u00e4st\u00e4 videosta p\u00e4\u00e4set kuvataideluokkien tunnelmiin.<\/a><\/p>\n<p>Oppilast\u00f6iden kev\u00e4tn\u00e4yttely.\u00a0 <a href=\"https:\/\/sites.google.com\/view\/kuvataide\/etusivu\">Tutustu t\u00f6ihin t\u00e4st\u00e4 linkist\u00e4.<\/a><\/p>\n<p>Kuvataideluokilla opiskelun tavoitteena on perehty\u00e4 monipuolisesti kuvataiteen eri alueisiin ja kehitt\u00e4\u00e4 taiteellista, luovaa ja persoonallista ilmaisua, sek\u00e4 kehitt\u00e4\u00e4 katsomisen ja n\u00e4kemisen taitoa ja kyky\u00e4 ilmaista itse\u00e4\u00e4n kuvallisesti. Opiskelu avaa taideteosten ja taidehistorian k\u00e4sitteit\u00e4 ja kannustaa kuvataiteiden avulla oppimiseen antaen yksil\u00f6llist\u00e4 opetusta ja ohjausta.<\/p>\n<p>&nbsp;<\/p>\n","protected":false},"excerpt":{"rendered":"<p>&nbsp; &nbsp; Hakeminen kuvataiteen 3. luokalle (erikoisluokkahaku) Hakeminen kuvataideluokalle\/-linjalle tapahtuu Wilman kautta 7.1-21.1.2026. Vieraskuntalaiset hakevat erillisell\u00e4 hakemuksella (linkki alla). Perusopetuksen erikoisluokat | Turku.fi Hakemus tulee toimittaa Luostarivuoren koulun Martin yksikk\u00f6\u00f6n (Hopeasep\u00e4nkuja 2, 20810 Turku) 21.1.2026 menness\u00e4. Kuvataideluokka\/-linja toimintaa ja hakemista koskeva infotilaisuus pidet\u00e4\u00e4n tiistaina 13.1.2026 klo 18.00 Luostarivuoren koulun Martin yksik\u00f6n kuvataideluokassa (Hopeasep\u00e4nkuja 2, 20810 &hellip; <a href=\"https:\/\/blog.edu.turku.fi\/luostarivuori\/kuvataideluokat-luostarivuoren-koulussa\/\" class=\"more-link\">Jatka lukemista<span class=\"screen-reader-text\"> &#8221;Kuvataideluokat Luostarivuoren koulussa&#8221;<\/span><\/a><\/p>\n","protected":false},"author":25,"featured_media":0,"parent":0,"menu_order":0,"comment_status":"closed","ping_status":"closed","template":"","meta":{"footnotes":""},"class_list":["post-1195","page","type-page","status-publish","hentry"],"_links":{"self":[{"href":"https:\/\/blog.edu.turku.fi\/luostarivuori\/wp-json\/wp\/v2\/pages\/1195","targetHints":{"allow":["GET"]}}],"collection":[{"href":"https:\/\/blog.edu.turku.fi\/luostarivuori\/wp-json\/wp\/v2\/pages"}],"about":[{"href":"https:\/\/blog.edu.turku.fi\/luostarivuori\/wp-json\/wp\/v2\/types\/page"}],"author":[{"embeddable":true,"href":"https:\/\/blog.edu.turku.fi\/luostarivuori\/wp-json\/wp\/v2\/users\/25"}],"replies":[{"embeddable":true,"href":"https:\/\/blog.edu.turku.fi\/luostarivuori\/wp-json\/wp\/v2\/comments?post=1195"}],"version-history":[{"count":56,"href":"https:\/\/blog.edu.turku.fi\/luostarivuori\/wp-json\/wp\/v2\/pages\/1195\/revisions"}],"predecessor-version":[{"id":3208,"href":"https:\/\/blog.edu.turku.fi\/luostarivuori\/wp-json\/wp\/v2\/pages\/1195\/revisions\/3208"}],"wp:attachment":[{"href":"https:\/\/blog.edu.turku.fi\/luostarivuori\/wp-json\/wp\/v2\/media?parent=1195"}],"curies":[{"name":"wp","href":"https:\/\/api.w.org\/{rel}","templated":true}]}}