{"id":1184,"date":"2020-11-06T09:47:19","date_gmt":"2020-11-06T07:47:19","guid":{"rendered":"https:\/\/blog.edu.turku.fi\/luostarivuori\/?page_id=1184"},"modified":"2025-12-16T14:42:17","modified_gmt":"2025-12-16T12:42:17","slug":"liikuntaluokat-luostarivuoren-koulussa","status":"publish","type":"page","link":"https:\/\/blog.edu.turku.fi\/luostarivuori\/liikuntaluokat-luostarivuoren-koulussa\/","title":{"rendered":"Urheiluyl\u00e4koulu Luostarivuoren koulussa"},"content":{"rendered":"<p><strong><img loading=\"lazy\" decoding=\"async\" class=\"alignnone size-medium wp-image-1161\" src=\"https:\/\/blog.edu.turku.fi\/luostarivuori\/files\/2020\/09\/urheilukoulu-300x77.jpg\" alt=\"\" width=\"300\" height=\"77\" srcset=\"https:\/\/blog.edu.turku.fi\/luostarivuori\/files\/2020\/09\/urheilukoulu-300x77.jpg 300w, https:\/\/blog.edu.turku.fi\/luostarivuori\/files\/2020\/09\/urheilukoulu-1024x263.jpg 1024w, https:\/\/blog.edu.turku.fi\/luostarivuori\/files\/2020\/09\/urheilukoulu.jpg 1067w\" sizes=\"auto, (max-width: 300px) 85vw, 300px\" \/><\/strong><\/p>\n<p><b><span data-contrast=\"auto\">HAKU URHEILULUOKALLE 2026-2027<\/span><\/b><span data-ccp-props=\"{&quot;201341983&quot;:0,&quot;335559740&quot;:240}\">\u00a0<\/span><\/p>\n<p><span data-contrast=\"none\">Luostarivuoren koulun <\/span><span data-contrast=\"none\">urheiluluokalla on nelj\u00e4<\/span><span data-contrast=\"none\">\u00a0<\/span><span data-contrast=\"none\">eri linjaa. Koulumme linjat ovat uinti, koripallo, yleisurheilu ja yleisvalmennus.<\/span><\/p>\n<p><span data-contrast=\"none\">\u00a0<\/span><span data-contrast=\"auto\">Oppilas voi hakea Turun urheiluluokkahaussa kolmelle eri linjalle. Ensimm\u00e4isen\u00e4 vaihtoehtona voi valita lajilinjan tai yleisvalmennuslinjan ja toisena ja kolmantena vaihtoehtona yleisvalmennuslinjan.\u202f\u202f<\/span><span data-ccp-props=\"{&quot;201341983&quot;:0,&quot;335559740&quot;:240}\">\u00a0<\/span><\/p>\n<p><span data-contrast=\"none\">Hakijan on hyv\u00e4 huomioida, ett\u00e4 urheiluseurojen aamuharjoittelutoiminta on seurojen hallinnoimaa ja urheiluluokkapaikka ei automaattisesti tarkoita paikkaa oman lajin aamuharjoituksissa. Urheiluluokkapaikka mahdollistaa oppilaalle aamuharjoitteluajat lukuj\u00e4rjestykseen ja monipuolisen yleisvalmennuksen. Aamuharjoittelusta tulee siis sopia oman urheiluseuran kanssa.\u00a0<\/span><span data-ccp-props=\"{&quot;201341983&quot;:0,&quot;335559740&quot;:240}\">\u00a0<\/span><\/p>\n<p><span data-contrast=\"auto\">Oppilasvalinnat urheiluluokkien lajilinjoille tehd\u00e4\u00e4n soveltuvuuskokeen ja lajitestien perusteella. Yleisvalmennuslinjalle oppilasvalinnat tehd\u00e4\u00e4n pelk\u00e4n soveltuvuuskokeen perusteella. Lis\u00e4tietoja valintamenettelyst\u00e4 ja urheiluluokkatoiminnasta koulun esittelytilaisuudessa ja koulun kotisivuilta.\u00a0<\/span><span data-ccp-props=\"{&quot;201341983&quot;:0,&quot;335559740&quot;:240}\">\u00a0<\/span><\/p>\n<p><span data-contrast=\"auto\">Koulumme <strong>esittelytilaisuus j\u00e4rjestetet\u00e4\u00e4n maanantaina 1.12. klo 18.00<\/strong><\/span><\/p>\n<p><span data-contrast=\"auto\">Lis\u00e4tietoja<\/span> <span data-contrast=\"auto\">koulumme urheiluluokkahakuun liittyen: Harri Kumlander<\/span><\/p>\n<p><span data-ccp-props=\"{&quot;201341983&quot;:0,&quot;335559740&quot;:240}\">harri.kumlander@edu.turku.fi tai 044 9074429\u00a0<\/span><\/p>\n<p><span data-ccp-props=\"{&quot;201341983&quot;:0,&quot;335559740&quot;:240}\">\u00a0<\/span><strong>Haku Turun urheiluluokille p\u00e4\u00e4ttyy 12.1.2026.\u00a0<\/strong><\/p>\n<p><span data-contrast=\"auto\">Testeihin ei l\u00e4hetet\u00e4 erillist\u00e4 kutsua.\u00a0<\/span><span data-ccp-props=\"{&quot;201341983&quot;:0,&quot;335559740&quot;:240}\">\u00a0<\/span><\/p>\n<p><span data-ccp-props=\"{&quot;201341983&quot;:0,&quot;335559740&quot;:240}\">\u00a0<\/span><\/p>\n<p><b><span data-contrast=\"auto\">Turkulaiset hakijat \u2013 hakeminen ja paikan vastaanottaminen<\/span><\/b><span data-ccp-props=\"{&quot;201341983&quot;:0,&quot;335559740&quot;:240}\">\u00a0<\/span><\/p>\n<p><span data-contrast=\"none\">Turkulaiset oppilaat hakevat urheiluluokalle Wilmassa. Hakija voi hakea Turun urheiluluokkahaussa kolmelle eri linjalle. Ensimm\u00e4isen\u00e4 vaihtoehtona voi valita lajilinjan tai yleisvalmennuslinjan ja toisena ja kolmantena vaihtoehtona yleisvalmennuslinjan.\u202f<\/span><span data-ccp-props=\"{&quot;201341983&quot;:0,&quot;335559740&quot;:240}\">\u00a0<\/span><\/p>\n<p><span data-contrast=\"none\">P\u00e4\u00e4t\u00f6s urheiluluokkapaikasta ilmoitetaan huoltajille Wilmassa <\/span><span data-contrast=\"none\">(ilmoitetaan my\u00f6hemmin)<\/span><span data-ccp-props=\"{&quot;201341983&quot;:0,&quot;335559740&quot;:240}\">\u00a0<\/span><\/p>\n<p><span data-ccp-props=\"{&quot;201341983&quot;:0,&quot;335559740&quot;:240}\">\u00a0<\/span><\/p>\n<p><b><span data-contrast=\"none\">Vieraspaikkakuntalaiset hakijat \u2013 hakeminen ja paikan vastaanottaminen<\/span><\/b><span data-ccp-props=\"{&quot;201341983&quot;:0,&quot;335559740&quot;:240}\">\u00a0<\/span><\/p>\n<p><span data-contrast=\"none\">Vieraspaikkakuntalaiset hakijat l\u00e4hett\u00e4v\u00e4t <\/span><a href=\"https:\/\/www.turku.fi\/sites\/default\/files\/document\/turun-kaupunki-hakemus-urheiluluokalle-22.10.2025.pdf\"><span data-contrast=\"none\">t\u00e4m\u00e4n hakemuksen<\/span><\/a> <span data-contrast=\"auto\">osoitteeseen <\/span><a href=\"mailto:liikuntaluokka@edu.turku.fi\"><span data-contrast=\"none\">liikuntaluokka@edu.turku.fi<\/span><\/a><span data-contrast=\"auto\">. Kirjoita s\u00e4hk\u00f6postin otsikkoon, mihin urheiluyl\u00e4kouluun ensisijainen hakutoive on osoitettu. Urheiluluokalle hyv\u00e4ksyttyjen vieraspaikkakuntalaisten oppilaiden tulee lis\u00e4ksi toimittaa <\/span><a href=\"https:\/\/www.turku.fi\/sites\/default\/files\/document\/turun-kaupunki-vieraskuntalaishakemus_0.pdf\"><strong>vieraskuntalaishakemus<\/strong><\/a><span data-contrast=\"auto\">\u202fennen lopullista p\u00e4\u00e4t\u00f6st\u00e4 oppilaspaikasta koulusihteerin s\u00e4hk\u00f6postiin tai rehtorille<\/span><span data-contrast=\"none\">. <\/span><span data-contrast=\"none\">P\u00e4\u00e4t\u00f6kset urheiluluokkapaikasta ilmoitetaan hakijoille s\u00e4hk\u00f6postitse.<\/span><\/p>\n<p><span data-contrast=\"auto\">Jos vieraspaikkakuntalainen hakija hakee Turun urheiluluokan lis\u00e4ksi oman asuinpaikkakuntansa urheilu- tai liikuntaluokalle, on hakijan osallistuttava ainakin Turun koulujen soveltuvuuskokeisiin. Soveltuvuuskokeiden pisteiden siirtoa Turun testeist\u00e4 oman asuinpaikkakunnan liikunta- ja urheiluluokkahakuun voi pyyt\u00e4\u00e4: <\/span><a href=\"mailto:patrik.pakkala@edu.turku.fi\"><span data-contrast=\"none\">patrik.pakkala@edu.turku.fi<\/span><\/a><span data-contrast=\"auto\">. Hakija voi osallistua halutessaan molempien hakukaupunkien soveltuvuuskokeisiin, t\u00e4ll\u00f6in valinnoissa hy\u00f6dynnet\u00e4\u00e4n aina kyseisen kaupungin koetulosta.\u202f\u202f<\/span><span data-ccp-props=\"{&quot;201341983&quot;:0,&quot;335559740&quot;:240}\">\u00a0<\/span><\/p>\n<p><span data-ccp-props=\"{&quot;201341983&quot;:0,&quot;335559740&quot;:240}\">\u00a0<\/span><\/p>\n<p><b><span data-contrast=\"auto\">Soveltuvuuskoe<\/span><\/b><span data-ccp-props=\"{&quot;201341983&quot;:0,&quot;335559740&quot;:240}\">\u00a0<\/span><\/p>\n<p><span data-contrast=\"auto\">Kaikkien urheiluluokalle hakevien on suoritettava valtakunnallinen soveltuvuuskoe <\/span><a href=\"http:\/\/www.soveltuvuuskoe.fi\/\"><span data-contrast=\"none\">www.soveltuvuuskoe.fi<\/span><\/a><span data-contrast=\"auto\"> Turun soveltuvuuskokeessa on kuusi osiota, joista heikoin j\u00e4tet\u00e4\u00e4n huomioimatta pisteytyksess\u00e4. Turun koulujen haussa ei ole k\u00e4yt\u00f6ss\u00e4 koulukohtaista osaa.\u00a0\u00a0<\/span><span data-ccp-props=\"{&quot;201341983&quot;:0,&quot;335559740&quot;:240}\">\u00a0<\/span><\/p>\n<p><strong>Luostarivuoren koulun\u00a0soveltuvuuskoe keskiviikkona 21.1.2026 <\/strong><span data-contrast=\"auto\">Kupittaan palloiluhallissa (Lemmink\u00e4isenkatu 32a). Hakijoita ohjataan klo 8.30-8.45 pukutiloihin. Yhteinen alkul\u00e4mmittely ja ohjeistus alkaa klo 9.00.\u00a0<\/span><span data-ccp-props=\"{&quot;201341983&quot;:0,&quot;335559740&quot;:240}\">\u00a0<\/span><\/p>\n<p><span data-ccp-props=\"{&quot;201341983&quot;:0,&quot;335559740&quot;:240}\">\u00a0<\/span><\/p>\n<p><span data-ccp-props=\"{&quot;201341983&quot;:0,&quot;335559740&quot;:240}\">\u00a0<\/span><\/p>\n<p><b><span data-contrast=\"auto\">Soveltuvuuskokeeseen osallistujan ohjeet:\u00a0<\/span><\/b><span data-ccp-props=\"{&quot;201341983&quot;:0,&quot;335559740&quot;:240}\">\u00a0<\/span><\/p>\n<ul>\n<li data-leveltext=\"-\" data-font=\"Calibri\" data-listid=\"2\" data-list-defn-props=\"{&quot;335552541&quot;:1,&quot;335559685&quot;:720,&quot;335559991&quot;:360,&quot;469769226&quot;:&quot;Calibri&quot;,&quot;469769242&quot;:[8226],&quot;469777803&quot;:&quot;left&quot;,&quot;469777804&quot;:&quot;-&quot;,&quot;469777815&quot;:&quot;hybridMultilevel&quot;}\" data-aria-posinset=\"1\" data-aria-level=\"1\"><span data-contrast=\"auto\">Halliin sis\u00e4\u00e4n vain hakijat, ei vanhempia tai muuta yleis\u00f6\u00e4\u00a0<\/span><span data-ccp-props=\"{&quot;201341983&quot;:0,&quot;335559740&quot;:240}\">\u00a0<\/span><\/li>\n<\/ul>\n<ul>\n<li data-leveltext=\"-\" data-font=\"Calibri\" data-listid=\"2\" data-list-defn-props=\"{&quot;335552541&quot;:1,&quot;335559685&quot;:720,&quot;335559991&quot;:360,&quot;469769226&quot;:&quot;Calibri&quot;,&quot;469769242&quot;:[8226],&quot;469777803&quot;:&quot;left&quot;,&quot;469777804&quot;:&quot;-&quot;,&quot;469777815&quot;:&quot;hybridMultilevel&quot;}\" data-aria-posinset=\"2\" data-aria-level=\"1\"><span data-contrast=\"auto\">Mukaan sis\u00e4liikuntavarusteet, sis\u00e4keng\u00e4t, juotavaa ja ev\u00e4st\u00e4 (testeiss\u00e4 ei ole j\u00e4rjestetty\u00e4 ruokailua)<\/span><span data-ccp-props=\"{&quot;201341983&quot;:0,&quot;335559740&quot;:240}\">\u00a0<\/span><\/li>\n<\/ul>\n<ul>\n<li data-leveltext=\"-\" data-font=\"Calibri\" data-listid=\"2\" data-list-defn-props=\"{&quot;335552541&quot;:1,&quot;335559685&quot;:720,&quot;335559991&quot;:360,&quot;469769226&quot;:&quot;Calibri&quot;,&quot;469769242&quot;:[8226],&quot;469777803&quot;:&quot;left&quot;,&quot;469777804&quot;:&quot;-&quot;,&quot;469777815&quot;:&quot;hybridMultilevel&quot;}\" data-aria-posinset=\"3\" data-aria-level=\"1\"><span data-contrast=\"auto\">Soveltuvuuskokeita voi harjoitella etuk\u00e4teen (<\/span><a href=\"http:\/\/www.soveltuvuuskoe.fi\/\"><span data-contrast=\"none\">www.soveltuvuuskoe.fi<\/span><\/a><span data-contrast=\"auto\">)\u00a0<\/span><span data-ccp-props=\"{&quot;201341983&quot;:0,&quot;335559740&quot;:240}\">\u00a0<\/span><\/li>\n<\/ul>\n<ul>\n<li data-leveltext=\"-\" data-font=\"Calibri\" data-listid=\"2\" data-list-defn-props=\"{&quot;335552541&quot;:1,&quot;335559685&quot;:720,&quot;335559991&quot;:360,&quot;469769226&quot;:&quot;Calibri&quot;,&quot;469769242&quot;:[8226],&quot;469777803&quot;:&quot;left&quot;,&quot;469777804&quot;:&quot;-&quot;,&quot;469777815&quot;:&quot;hybridMultilevel&quot;}\" data-aria-posinset=\"4\" data-aria-level=\"1\"><span data-contrast=\"auto\">Sairaudet ja vammat ilmoitettava etuk\u00e4teen l\u00e4\u00e4k\u00e4rintodistuksella <\/span><span data-contrast=\"none\">(koulun nimetylle henkil\u00f6lle)<\/span><span data-ccp-props=\"{&quot;201341983&quot;:0,&quot;335559740&quot;:240}\">\u00a0<\/span><\/li>\n<\/ul>\n<ul>\n<li data-leveltext=\"-\" data-font=\"Calibri\" data-listid=\"2\" data-list-defn-props=\"{&quot;335552541&quot;:1,&quot;335559685&quot;:720,&quot;335559991&quot;:360,&quot;469769226&quot;:&quot;Calibri&quot;,&quot;469769242&quot;:[8226],&quot;469777803&quot;:&quot;left&quot;,&quot;469777804&quot;:&quot;-&quot;,&quot;469777815&quot;:&quot;hybridMultilevel&quot;}\" data-aria-posinset=\"5\" data-aria-level=\"1\"><span data-contrast=\"auto\">Soveltuvuuskoe p\u00e4\u00e4ttyy ryhmitt\u00e4in porrastetusti noin klo 14.00-15.00<\/span><span data-ccp-props=\"{&quot;201341983&quot;:0,&quot;335559740&quot;:240}\">\u00a0<\/span><\/li>\n<\/ul>\n<p><span data-ccp-props=\"{&quot;201341983&quot;:0,&quot;335559685&quot;:720,&quot;335559740&quot;:240}\">\u00a0<\/span><\/p>\n<p><span data-contrast=\"auto\">Soveltuvuuskokeen varatesti j\u00e4rjestet\u00e4\u00e4n ke 4.2. (kokoontuminen klo 9.30) Kupittaan palloiluhallissa. Varatesti tarjolla vain eritt\u00e4in painavista syist\u00e4, esim. ennen varsinaista testip\u00e4iv\u00e4\u00e4 toimitetulla l\u00e4\u00e4k\u00e4rintodistuksella.\u00a0<\/span><span data-ccp-props=\"{&quot;201341983&quot;:0,&quot;335559740&quot;:240}\">\u00a0<\/span><\/p>\n<p><span data-ccp-props=\"{&quot;201341983&quot;:0,&quot;335559740&quot;:240}\">\u00a0<\/span><\/p>\n<p><b><span data-contrast=\"auto\">Lajilinjojen lajitestit<\/span><\/b><span data-ccp-props=\"{&quot;201341983&quot;:0,&quot;335559740&quot;:240}\">\u00a0<\/span><\/p>\n<p><span data-contrast=\"auto\">Kaikkien lajilinjoille hakevien on suoritettava soveltuvuuskokeen lis\u00e4ksi oman lajinsa lajitesti.<\/span><span data-ccp-props=\"{&quot;201341983&quot;:0,&quot;335559740&quot;:240}\">\u00a0<\/span><\/p>\n<p><span data-contrast=\"auto\">Yleisvalmennuslinjalle oppilasvalinnat tehd\u00e4\u00e4n pelk\u00e4n soveltuvuuskokeen perusteella.<\/span><span data-ccp-props=\"{&quot;201341983&quot;:0,&quot;335559740&quot;:240}\">\u00a0<\/span><\/p>\n<p><em><strong>Testeihin ei l\u00e4hetet\u00e4 erillist\u00e4 kutsua.<\/strong><\/em><\/p>\n<p>&nbsp;<\/p>\n<p>Yleisurheilulinjan lajitesti ma 26.1. klo 9.00-11.00, Kupittaan yleisurheiluhalli (max 20p.)<\/p>\n<p>Uintilinjan lajitesti ti 27.1. klo 8.00-10.00, Impivaaran uimahalli (max 20p.)<\/p>\n<p>Koripallolinjan lajitesti ke 28.1. klo 8.00-11.00, Kupittaan palloiluhalli (max 20p.)<\/p>\n<p><strong>KORIPALLOLINJALLE<\/strong> HAETAAN SOVELTUVUUSKOKEEN JA LAJITESTIN YHTEISPISTEM\u00c4\u00c4R\u00c4LL\u00c4 (20P+20P)<\/p>\n<p>Koripallon lajitestit (20p) koostuvat kolmesta osiosta:<\/p>\n<p>Lajitaitotestit (4 eri testi\u00e4 \u2013 jokaisesta 6 pistett\u00e4), max 6 pistett\u00e4 (nelj\u00e4n testin keskiarvo)<\/p>\n<p>Pelitaidot, max 8 pistett\u00e4<\/p>\n<p>Valmentajien haastattelu, max 6 pistett\u00e4<\/p>\n<p>Soveltuvuuskoe<\/p>\n<p>Soveltuvuuskoe koostuu yleisliikunnallisista testeist\u00e4, joissa mitataan koripalloilijan yleist\u00e4 urheilullisuutta. Soveltuvuuskokeesta voi saada max 20p. Soveltuvuuskoe muodostuu 6 eri osa-alueesta joista henkil\u00f6kohtaisesti heikointa osa-aluetta ei lasketa pisteisiin. Soveltuvuuskokeen lopulliset pisteet (5 osa-aluetta x 8p.) jaetaan kahdella jolloin maximi pistem\u00e4\u00e4r\u00e4 on 20. Soveltuvuuskokeen sis\u00e4lt\u00f6 l\u00f6ytyy: <a href=\"http:\/\/www.soveltuvuuskoe.fi\">www.soveltuvuuskoe.fi<\/a><\/p>\n<p><strong>Uintilinja<\/strong><\/p>\n<p>Uintilinjalle hakevalla urheilijalla tulee olla kilpauintilisenssi.<\/p>\n<p>Hakijan tulee osallistua lajitestiin (8p.) ja soveltuvuuskokeeseen (20p.). K\u00e4yt\u00e4nn\u00f6n testien lis\u00e4ksi hakijoiden taso pisteytet\u00e4\u00e4n hakua edelt\u00e4v\u00e4n vuoden (2025) kilpailutulosten perusteella (12p.). Kolmiosaisen hakuprosessin yhteispistem\u00e4\u00e4r\u00e4 on 40p.<\/p>\n<p>Soveltuvuuskoe<\/p>\n<p>Soveltuvuuskoe koostuu yleisliikunnallisista testeist\u00e4, joissa mitataan koripalloilijan yleist\u00e4 urheilullisuutta. Soveltuvuuskokeesta voi saada max 20p. Soveltuvuuskoe muodostuu 6 eri osa-alueesta joista henkil\u00f6kohtaisesti heikointa osa-aluetta ei lasketa pisteisiin. Soveltuvuuskokeen lopulliset pisteet (5 osa-aluetta x 8p.) jaetaan kahdella jolloin maximi pistem\u00e4\u00e4r\u00e4 on 20. Soveltuvuuskokeen sis\u00e4lt\u00f6 l\u00f6ytyy: www.soveltuvuuskoe.fi<\/p>\n<p>Kilpailutulokset<\/p>\n<p>Lajitason\u00e4yt\u00f6n lajit: 100pu, 100su, 100ru, 100vu, 200sku ja 400vu \u2013 tarkemmin kotisivuilla<\/p>\n<p>Lajitasopisteytys tapahtuu joko A) parhaan n\u00e4ytt\u00f6lajin valtakunnallisen IKM-sijoituksen (syksy 2025, T\/P2012) tai B) parhaan n\u00e4ytt\u00f6lajin Tempus-tilaston sijoituksen (1.8.2025-31.12.2025, T\/P2012) mukaisesti. Tarkemmin koulun kotisivuilla.<\/p>\n<p><strong>Yleisurheilu<\/strong><\/p>\n<p>Hakijan kokonaispisteet muodostuvat lajiosuudesta (20p) ja kaikille urheiluluokalle hakeville yhteisest\u00e4 soveltuvuuskokeesta (20p) eli yhteens\u00e4 40p.<\/p>\n<p>Soveltuvuuskoe<\/p>\n<p>Soveltuvuuskoe koostuu yleisliikunnallisista testeist\u00e4, joissa mitataan urheilijan yleist\u00e4 urheilullisuutta. Soveltuvuuskokeesta voi saada yu-linjalle max 20p. Soveltuvuuskoe muodostuu 6 eri osa-alueesta joista henkil\u00f6kohtaisesti heikointa osa-aluetta ei lasketa pisteisiin. Soveltuvuuskokeen lopulliset pisteet (5 osa-aluetta x 8p.) jaetaan kahdella, jolloin maksimipistem\u00e4\u00e4r\u00e4 on 20p. Soveltuvuuskokeen sis\u00e4lt\u00f6 l\u00f6ytyy: www.soveltuvuuskoe.fi<\/p>\n<p>Lajiosuus 20p (taitomerkkitulokset+lajitestit)<\/p>\n<p>Taitomerkkitulokset (max. 8p) taitomerkkirajat_2014_-.pdf (yleisurheilu.fi) Mik\u00e4li urheilija ei ole pystynyt edellisen kauden aikana kilpailemaan sairauden tai loukkaantumisen vuoksi lainkaan, tarkastellaan h\u00e4nen aiemman vuoden taitomerkkituloksia.<\/p>\n<p>A-LUOKKA viidess\u00e4 tai useammassa lajissa = 8p<\/p>\n<p>A-LUOKKA v\u00e4hint\u00e4\u00e4n kolmessa lajissa = 7p<\/p>\n<p>A-LUOKKA v\u00e4hint\u00e4\u00e4n yhdess\u00e4 lajissa = 6p<\/p>\n<p>B-LUOKKA v\u00e4hint\u00e4\u00e4n yhdess\u00e4 lajissa = 4p<\/p>\n<p>C-LUOKKA v\u00e4hint\u00e4\u00e4n yhdess\u00e4 lajissa = 2p<\/p>\n<p>Lajitestien osa-alueet (max. 12p)<\/p>\n<p>Lent\u00e4v\u00e4 20m juoksu = max. 3p \u2013 Mitataan aikaa<\/p>\n<p>Kuntopallonheitto alta eteen 2kg = max. 3p \u2013 Mitataan heitetty\u00e4 matkaa<\/p>\n<p>Yleistaitavuusosio (juoksu- ja hyppelykoordinaatiot, syv\u00e4 takakyykky) = max. 6p \u2013 Arvioidaan suoritustekniikkaa ja liikkeen laatua \u2013 Juoksukoordinaatiot: nilkan k\u00e4ytt\u00f6, juoksun rytmi, k\u00e4sien k\u00e4ytt\u00f6 \u2013 Hyppelykoordinaatiot: liikkeen sujuvuus ja liikkeen yhdistelykyky \u2013 Syv\u00e4 takakyykky: alaraajojen linjaukset, sel\u00e4n asento, liikkuvuus.<\/p>\n<p>&nbsp;<\/p>\n<p><b><span data-contrast=\"auto\">Hakijoiden pisteytys\u00a0<\/span><\/b><span data-ccp-props=\"{&quot;201341983&quot;:0,&quot;335559740&quot;:240}\">\u00a0<\/span><\/p>\n<p><span data-contrast=\"auto\">Oppilasvalintoja tehd\u00e4\u00e4n pisteiden perusteella. Jos oppilaan pisteet eiv\u00e4t riit\u00e4 1. hakutoiveeseen, katsotaan riitt\u00e4v\u00e4tk\u00f6 pisteet 2. tai 3. hakutoiveeseen. Ensimm\u00e4isest\u00e4 hakutoiveesta ei saa lis\u00e4pisteit\u00e4.\u00a0<\/span><span data-ccp-props=\"{&quot;201341983&quot;:0,&quot;335559740&quot;:240}\">\u00a0<\/span><\/p>\n<p><span data-ccp-props=\"{&quot;201341983&quot;:0,&quot;335559740&quot;:240}\">\u00a0<\/span><\/p>\n<p><span data-ccp-props=\"{&quot;201341983&quot;:0,&quot;335559740&quot;:240}\">\u00a0<\/span><\/p>\n<p><b><span data-contrast=\"auto\">LIS\u00c4TIETOJA URHEILU- JA LIIKUNTALUOKKATOIMINNASTA TURUN SEUDULLA<\/span><\/b><span data-ccp-props=\"{&quot;201341983&quot;:0,&quot;335559740&quot;:240}\">\u00a0<\/span><\/p>\n<p><b><span data-contrast=\"auto\">Voit tutustua Turun seudun urheilu- ja liikuntaluokkatoimintaan laajemmin Turun Seudun Urheiluakatemian esitteen kautta: <\/span><\/b><a href=\"https:\/\/www.urheiluakatemia.fi\/ylakoulut\/\"><b><span data-contrast=\"none\">https:\/\/www.urheiluakatemia.fi\/ylakoulut\/<\/span><\/b><\/a><b><span data-contrast=\"auto\">\u00a0<\/span><\/b><span data-ccp-props=\"{&quot;201341983&quot;:0,&quot;335559740&quot;:240}\">\u00a0<\/span><\/p>\n<p><span data-ccp-props=\"{}\">\u00a0<\/span><\/p>\n<p><span data-ccp-props=\"{}\">\u00a0<\/span><\/p>\n<p>&nbsp;<\/p>\n<p>&nbsp;<\/p>\n","protected":false},"excerpt":{"rendered":"<p>HAKU URHEILULUOKALLE 2026-2027\u00a0 Luostarivuoren koulun urheiluluokalla on nelj\u00e4\u00a0eri linjaa. Koulumme linjat ovat uinti, koripallo, yleisurheilu ja yleisvalmennus. \u00a0Oppilas voi hakea Turun urheiluluokkahaussa kolmelle eri linjalle. Ensimm\u00e4isen\u00e4 vaihtoehtona voi valita lajilinjan tai yleisvalmennuslinjan ja toisena ja kolmantena vaihtoehtona yleisvalmennuslinjan.\u202f\u202f\u00a0 Hakijan on hyv\u00e4 huomioida, ett\u00e4 urheiluseurojen aamuharjoittelutoiminta on seurojen hallinnoimaa ja urheiluluokkapaikka ei automaattisesti tarkoita paikkaa oman &hellip; <a href=\"https:\/\/blog.edu.turku.fi\/luostarivuori\/liikuntaluokat-luostarivuoren-koulussa\/\" class=\"more-link\">Jatka lukemista<span class=\"screen-reader-text\"> &#8221;Urheiluyl\u00e4koulu Luostarivuoren koulussa&#8221;<\/span><\/a><\/p>\n","protected":false},"author":25,"featured_media":0,"parent":0,"menu_order":0,"comment_status":"closed","ping_status":"closed","template":"","meta":{"footnotes":""},"class_list":["post-1184","page","type-page","status-publish","hentry"],"_links":{"self":[{"href":"https:\/\/blog.edu.turku.fi\/luostarivuori\/wp-json\/wp\/v2\/pages\/1184","targetHints":{"allow":["GET"]}}],"collection":[{"href":"https:\/\/blog.edu.turku.fi\/luostarivuori\/wp-json\/wp\/v2\/pages"}],"about":[{"href":"https:\/\/blog.edu.turku.fi\/luostarivuori\/wp-json\/wp\/v2\/types\/page"}],"author":[{"embeddable":true,"href":"https:\/\/blog.edu.turku.fi\/luostarivuori\/wp-json\/wp\/v2\/users\/25"}],"replies":[{"embeddable":true,"href":"https:\/\/blog.edu.turku.fi\/luostarivuori\/wp-json\/wp\/v2\/comments?post=1184"}],"version-history":[{"count":95,"href":"https:\/\/blog.edu.turku.fi\/luostarivuori\/wp-json\/wp\/v2\/pages\/1184\/revisions"}],"predecessor-version":[{"id":3203,"href":"https:\/\/blog.edu.turku.fi\/luostarivuori\/wp-json\/wp\/v2\/pages\/1184\/revisions\/3203"}],"wp:attachment":[{"href":"https:\/\/blog.edu.turku.fi\/luostarivuori\/wp-json\/wp\/v2\/media?parent=1184"}],"curies":[{"name":"wp","href":"https:\/\/api.w.org\/{rel}","templated":true}]}}