{"id":82,"date":"2014-01-15T10:33:37","date_gmt":"2014-01-15T08:33:37","guid":{"rendered":"https:\/\/blog.edu.turku.fi\/luolavuori\/?page_id=82"},"modified":"2025-08-28T07:55:54","modified_gmt":"2025-08-28T04:55:54","slug":"jarjestyssaannot","status":"publish","type":"page","link":"https:\/\/blog.edu.turku.fi\/luolavuori\/opetus\/jarjestyssaannot\/","title":{"rendered":"J\u00e4rjestyss\u00e4\u00e4nn\u00f6t"},"content":{"rendered":"<h5><b><span data-contrast=\"auto\">Turku \u2013 Lasten ja nuorten palvelukokonaisuus<\/span><\/b><\/h5>\n<h5><b><\/b><b><\/b><b><span data-contrast=\"auto\">Perusopetus<br \/>\n<\/span><\/b><span data-ccp-props=\"{}\"><br \/>\n<\/span><b><span data-contrast=\"auto\">Luolavuoren koulun j\u00e4rjestyss\u00e4\u00e4nn\u00f6t\u202f<\/span><\/b><span data-ccp-props=\"{}\">\u00a0<\/span><\/h5>\n<p><span data-contrast=\"auto\">\u202f<\/span><span data-ccp-props=\"{}\">\u00a0<\/span><\/p>\n<p><b><span data-contrast=\"auto\">S\u00e4\u00e4nn\u00f6t ovat v\u00e4ltt\u00e4m\u00e4tt\u00f6mi\u00e4 kouluyhteis\u00f6n toiminnan ja ty\u00f6rauhan s\u00e4ilymisen sek\u00e4 j\u00e4senten turvallisuuden ja viihtyvyyden vuoksi. Ty\u00f6rauha on ehdoton edellytys kouluty\u00f6n onnistumiselle. S\u00e4\u00e4nn\u00f6t totuttavat oppilaan vastuuseen ja yhteiskunnan j\u00e4senyyteen sek\u00e4 arvostavaan vuorovaikutukseen muiden ihmisten kanssa.\u202f<\/span><\/b><span data-contrast=\"auto\">\u202f<\/span><span data-ccp-props=\"{}\">\u00a0<\/span><\/p>\n<p><b><span data-contrast=\"auto\">Oppilaan on suoritettava teht\u00e4v\u00e4ns\u00e4 tunnollisesti ja k\u00e4ytt\u00e4ydytt\u00e4v\u00e4 asiallisesti. Oppilaan on k\u00e4ytt\u00e4ydytt\u00e4v\u00e4 muita kiusaamatta ja syrjim\u00e4tt\u00e4 sek\u00e4 toimittava siten, ettei h\u00e4n vaaranna muiden oppilaiden, kouluyhteis\u00f6n tai opiskeluymp\u00e4rist\u00f6n turvallisuutta tai terveytt\u00e4 (POL 35\u00a7).<\/span><\/b><span data-ccp-props=\"{}\">\u00a0<\/span><\/p>\n<p><b><span data-contrast=\"auto\">J\u00e4rjestyss\u00e4\u00e4nt\u00f6j\u00e4 noudatetaan aina kouluaikana, koulualueella ja kaikessa lukuvuosisuunnitelman kuvaamassa koulun toiminnassa. (POL 29\u00a7, POL 35-36\u00a7)\u202f<\/span><\/b><span data-contrast=\"auto\">\u202f<\/span><span data-ccp-props=\"{}\">\u00a0<\/span><\/p>\n<ol>\n<li><b><span data-contrast=\"auto\">Koko kouluyhteis\u00f6 toimii yst\u00e4v\u00e4llisesti, kannustavasti, toisiaan kunnioittaen, hyvien tapojen mukaisesti ja henkil\u00f6kunnan ohjeita noudattaen.\u202f<\/span><\/b><span data-contrast=\"auto\">\u202f<\/span><b><span data-contrast=\"auto\">\u202f<\/span><\/b><span data-contrast=\"auto\">\u202f<\/span><\/li>\n<li data-leveltext=\"%1.\" data-font=\"\" data-listid=\"2\" data-list-defn-props=\"{&quot;335551671&quot;:2,&quot;335552541&quot;:0,&quot;335559685&quot;:720,&quot;335559991&quot;:360,&quot;469769242&quot;:[65533,0],&quot;469777803&quot;:&quot;left&quot;,&quot;469777804&quot;:&quot;%1.&quot;,&quot;469777815&quot;:&quot;multilevel&quot;}\" data-aria-posinset=\"2\" data-aria-level=\"1\"><b><span data-contrast=\"auto\">Koulussa jokaisella henkil\u00f6ll\u00e4 on oikeus h\u00e4iri\u00f6tt\u00f6m\u00e4\u00e4n ty\u00f6skentelyyn. Oppilailla on oikeus oppia ja opettajilla on oikeus opettaa.\u202f<\/span><\/b><span data-contrast=\"auto\">\u202f<\/span><b><span data-contrast=\"auto\">\u202f<\/span><\/b><\/li>\n<li data-leveltext=\"%1.\" data-font=\"\" data-listid=\"2\" data-list-defn-props=\"{&quot;335551671&quot;:2,&quot;335552541&quot;:0,&quot;335559685&quot;:720,&quot;335559991&quot;:360,&quot;469769242&quot;:[65533,0],&quot;469777803&quot;:&quot;left&quot;,&quot;469777804&quot;:&quot;%1.&quot;,&quot;469777815&quot;:&quot;multilevel&quot;}\" data-aria-posinset=\"2\" data-aria-level=\"1\"><b><span data-contrast=\"auto\">Ep\u00e4asiallinen ja h\u00e4iritsev\u00e4 k\u00e4yt\u00f6s sek\u00e4 kiusaaminen on kielletty. Koulussa jokaisella on oikeus fyysiseen ja psyykkiseen koskemattomuuteen.\u202f<\/span><\/b><span data-contrast=\"auto\">\u202f<\/span><b><span data-contrast=\"auto\">\u202f<\/span><\/b><\/li>\n<li data-leveltext=\"%1.\" data-font=\"\" data-listid=\"2\" data-list-defn-props=\"{&quot;335551671&quot;:2,&quot;335552541&quot;:0,&quot;335559685&quot;:720,&quot;335559991&quot;:360,&quot;469769242&quot;:[65533,0],&quot;469777803&quot;:&quot;left&quot;,&quot;469777804&quot;:&quot;%1.&quot;,&quot;469777815&quot;:&quot;multilevel&quot;}\" data-aria-posinset=\"2\" data-aria-level=\"1\"><b><span data-contrast=\"auto\">Tupakan, s\u00e4hk\u00f6tupakan, nuuskan, p\u00e4ihteiden ja huumeiden k\u00e4ytt\u00f6 sek\u00e4 hallussapito on kielletty kouluaikana ja koulun j\u00e4rjest\u00e4miss\u00e4 tilaisuuksissa sek\u00e4 vuosisuunnitelman kuvaamassa toiminnassa.\u202f<\/span><\/b><span data-contrast=\"auto\">\u202f<\/span><b><span data-contrast=\"auto\">\u202f<\/span><\/b><\/li>\n<li data-leveltext=\"%1.\" data-font=\"\" data-listid=\"2\" data-list-defn-props=\"{&quot;335551671&quot;:2,&quot;335552541&quot;:0,&quot;335559685&quot;:720,&quot;335559991&quot;:360,&quot;469769242&quot;:[65533,0],&quot;469777803&quot;:&quot;left&quot;,&quot;469777804&quot;:&quot;%1.&quot;,&quot;469777815&quot;:&quot;multilevel&quot;}\" data-aria-posinset=\"2\" data-aria-level=\"1\"><b><span data-contrast=\"auto\">Toisen henkil\u00f6n vahingoittamiseen tarkoitetut tai siihen soveltuvat esineet ja aineet ja niiden hallussapito on kouluaikana kielletty\u00e4. N\u00e4it\u00e4 ei saa my\u00f6sk\u00e4\u00e4n pit\u00e4\u00e4 hallussa koulumatkalla.<\/span><\/b><\/li>\n<li data-leveltext=\"%1.\" data-font=\"\" data-listid=\"2\" data-list-defn-props=\"{&quot;335551671&quot;:2,&quot;335552541&quot;:0,&quot;335559685&quot;:720,&quot;335559991&quot;:360,&quot;469769242&quot;:[65533,0],&quot;469777803&quot;:&quot;left&quot;,&quot;469777804&quot;:&quot;%1.&quot;,&quot;469777815&quot;:&quot;multilevel&quot;}\" data-aria-posinset=\"2\" data-aria-level=\"1\"><b><span data-contrast=\"auto\">Koulu ja sen alue pidet\u00e4\u00e4n siistin\u00e4 eik\u00e4 koulun omaisuutta saa turmella. Oppilas on velvollinen kertomaan havaitsemistaan vahingoista koulun henkil\u00f6st\u00f6lle. Vahingon aiheuttaja on ilmoittautumis- ja vahingonkorvausvelvollinen.\u202f<\/span><\/b><span data-contrast=\"auto\">\u202f<\/span><b><span data-contrast=\"auto\">\u202f<\/span><\/b><span data-contrast=\"auto\">\u202f<\/span><\/li>\n<li data-leveltext=\"%1.\" data-font=\"\" data-listid=\"2\" data-list-defn-props=\"{&quot;335551671&quot;:2,&quot;335552541&quot;:0,&quot;335559685&quot;:720,&quot;335559991&quot;:360,&quot;469769242&quot;:[65533,0],&quot;469777803&quot;:&quot;left&quot;,&quot;469777804&quot;:&quot;%1.&quot;,&quot;469777815&quot;:&quot;multilevel&quot;}\" data-aria-posinset=\"2\" data-aria-level=\"1\"><b><span data-contrast=\"auto\">Koulussa on m\u00e4\u00e4ritelty v\u00e4lituntialue, jolta poistuminen koulup\u00e4iv\u00e4n aikana on kielletty. V\u00e4litunnit vietet\u00e4\u00e4n ulkona, ellei muuta erikseen sovita.<\/span><\/b><\/li>\n<li data-leveltext=\"%1.\" data-font=\"\" data-listid=\"2\" data-list-defn-props=\"{&quot;335551671&quot;:2,&quot;335552541&quot;:0,&quot;335559685&quot;:720,&quot;335559991&quot;:360,&quot;469769242&quot;:[65533,0],&quot;469777803&quot;:&quot;left&quot;,&quot;469777804&quot;:&quot;%1.&quot;,&quot;469777815&quot;:&quot;multilevel&quot;}\" data-aria-posinset=\"2\" data-aria-level=\"1\"><b><span data-contrast=\"auto\">Oppilaat eiv\u00e4t saa koulup\u00e4iv\u00e4n aikana k\u00e4ytt\u00e4\u00e4 kulkuv\u00e4lineit\u00e4, kuten polkupy\u00f6ri\u00e4, s\u00e4hk\u00f6potkulautoja tai moottoriajoneuvoja, ilman henkil\u00f6kunnan lupaa. Eri toimipisteisiin ja opetuksen j\u00e4rjest\u00e4mispaikkoihin siirryt\u00e4\u00e4n annettujen ohjeiden mukaisesti liikennes\u00e4\u00e4nt\u00f6j\u00e4 noudattaen.\u202f<\/span><\/b><span data-contrast=\"auto\">\u202f<\/span><\/li>\n<li data-leveltext=\"%1.\" data-font=\"\" data-listid=\"2\" data-list-defn-props=\"{&quot;335551671&quot;:2,&quot;335552541&quot;:0,&quot;335559685&quot;:720,&quot;335559991&quot;:360,&quot;469769242&quot;:[65533,0],&quot;469777803&quot;:&quot;left&quot;,&quot;469777804&quot;:&quot;%1.&quot;,&quot;469777815&quot;:&quot;multilevel&quot;}\" data-aria-posinset=\"2\" data-aria-level=\"1\"><b><span data-contrast=\"auto\">Oppilas voi olla poissa koulusta vain sairauden perusteella tai saatuaan erillisen luvan poissaoloon luokanopettajalta, luokanohjaajalta tai rehtorilta. Kesken koulup\u00e4iv\u00e4n oppilas voi poistua koulusta vain terveydenhoitajan tai opetushenkil\u00f6kuntaan kuuluvan luvalla.\u202f<\/span><\/b><span data-contrast=\"auto\">\u202f<\/span><b><span data-contrast=\"auto\">\u202f<\/span><\/b><\/li>\n<li data-leveltext=\"%1.\" data-font=\"\" data-listid=\"2\" data-list-defn-props=\"{&quot;335551671&quot;:2,&quot;335552541&quot;:0,&quot;335559685&quot;:720,&quot;335559991&quot;:360,&quot;469769242&quot;:[65533,0],&quot;469777803&quot;:&quot;left&quot;,&quot;469777804&quot;:&quot;%1.&quot;,&quot;469777815&quot;:&quot;multilevel&quot;}\" data-aria-posinset=\"2\" data-aria-level=\"1\"><b><b><span data-contrast=\"auto\">Puhelimen, kellopuhelimen ja muiden mobiililaitteiden k\u00e4ytt\u00f6 on kielletty koko koulup\u00e4iv\u00e4n ajan. Mobiililaitetta saa k\u00e4ytt\u00e4\u00e4 oppimiseen, terveydellisist\u00e4 syist\u00e4 tai oppimisen apuv\u00e4lineen\u00e4 opettajan tai rehtorin luvalla annetun ohjeistuksen mukaisesti.<\/span><\/b><\/b><b><span data-contrast=\"auto\">(POL 29 \u00a7 4 momentti)\u202f<\/span><\/b><span data-contrast=\"auto\">\u202f<\/span><span style=\"color: #ff0000\"><span style=\"color: #ff0000\"><b>Luolavuoren koulussa mobiililaitteita s\u00e4ilytet\u00e4\u00e4n koulup\u00e4iv\u00e4n aikana repussa.<\/b><\/span><\/span><\/li>\n<li data-leveltext=\"%1.\" data-font=\"\" data-listid=\"2\" data-list-defn-props=\"{&quot;335551671&quot;:2,&quot;335552541&quot;:0,&quot;335559685&quot;:720,&quot;335559991&quot;:360,&quot;469769242&quot;:[65533,0],&quot;469777803&quot;:&quot;left&quot;,&quot;469777804&quot;:&quot;%1.&quot;,&quot;469777815&quot;:&quot;multilevel&quot;}\" data-aria-posinset=\"2\" data-aria-level=\"1\"><b><span data-contrast=\"auto\">Rahat, arvoesineet ja oppilaan henkil\u00f6kohtainen omaisuus ovat koulussa oppilaan ja huoltajien\u202fvastuulla, eik\u00e4 koulu korvaa rahaa eik\u00e4 kadonnutta tai s\u00e4rkynytt\u00e4 omaisuutta.\u202f<\/span><\/b><span data-contrast=\"auto\">\u202f<\/span><b><span data-contrast=\"auto\"><br \/>\n<\/span><\/b><span data-contrast=\"auto\">\u202f<\/span><\/li>\n<li data-leveltext=\"%1.\" data-font=\"\" data-listid=\"2\" data-list-defn-props=\"{&quot;335551671&quot;:2,&quot;335552541&quot;:0,&quot;335559685&quot;:720,&quot;335559991&quot;:360,&quot;469769242&quot;:[65533,0],&quot;469777803&quot;:&quot;left&quot;,&quot;469777804&quot;:&quot;%1.&quot;,&quot;469777815&quot;:&quot;multilevel&quot;}\" data-aria-posinset=\"2\" data-aria-level=\"1\"><b><span data-contrast=\"auto\">Koulun tiloissa, alueella tai koulun j\u00e4rjest\u00e4miss\u00e4 tilaisuuksissa ei kouluaikana harjoiteta osto- tai myyntitoimintaa. T\u00e4m\u00e4 rajoitus ei koske vanhempainyhdistysten tai oppilaskunnan toimintaa.\u202f<\/span><\/b><span data-contrast=\"auto\">\u202f<\/span><span data-ccp-props=\"{}\">\u00a0<\/span><\/li>\n<\/ol>\n<p><b><span data-contrast=\"auto\">\u202f<\/span><\/b><span data-contrast=\"auto\">\u202f<\/span><span data-ccp-props=\"{}\">\u00a0<\/span><\/p>\n<p><b><span data-contrast=\"auto\">J\u00e4rjestyss\u00e4\u00e4nt\u00f6jen rikkomisesta seuraa rangaistus perusopetuslain 36\u00a7 mukaisesti. Poliisi k\u00e4sittelee rikosasioita.<\/span><\/b><span data-contrast=\"auto\">\u202f<\/span><span data-ccp-props=\"{}\">\u00a0<\/span><\/p>\n<p><b><span data-contrast=\"auto\">N\u00e4m\u00e4 ovat Turun kaupungin perusopetuksen koulujen j\u00e4rjestyss\u00e4\u00e4nn\u00f6t, jotka ovat voimassa 1.8.2025 alkaen. J\u00e4rjestyss\u00e4\u00e4nn\u00f6t ohjaavat k\u00e4ytt\u00e4ytymisen arviointia. Ne ovat n\u00e4ht\u00e4viss\u00e4 koulujen kotisivuilla sek\u00e4 koulutiloissa. J\u00e4rjestyss\u00e4\u00e4nn\u00f6t k\u00e4sitell\u00e4\u00e4n oppilaiden kanssa lukuvuosittain ja niist\u00e4 tiedotetaan huoltajia. J\u00e4rjestyss\u00e4\u00e4nn\u00f6t tarkistetaan s\u00e4\u00e4nn\u00f6llisesti.<\/span><\/b><span data-ccp-props=\"{}\">\u00a0<\/span><\/p>\n<p><span data-ccp-props=\"{}\">\u00a0<\/span><\/p>\n<h6><b><span data-contrast=\"auto\">Luolavuoren koulussa noudatetaan lis\u00e4ksi seuraavia kouluty\u00f6t\u00e4 tukevia sek\u00e4 turvallisuutta ja viihtyisyytt\u00e4 edist\u00e4vi\u00e4 s\u00e4\u00e4nt\u00f6j\u00e4 ja periaatteita:<\/span><\/b><span data-ccp-props=\"{}\">\u00a0<\/span><\/h6>\n<p><span style=\"color: #ff0000\">\u202f<b>Luolavuoren koulussa toimitaan Turvallinen arki \u2013ohjeistusten mukaisesti sek\u00e4 noudatetaan j\u00e4rjestyss\u00e4\u00e4nt\u00f6j\u00e4 t\u00e4ydent\u00e4vill\u00e4 Ohjaavilla periaatteilla.<\/b>\u00a0<\/span><\/p>\n<p><span data-ccp-props=\"{}\">\u00a0<\/span><\/p>\n<p><span data-ccp-props=\"{}\">\u00a0<\/span><\/p>\n","protected":false},"excerpt":{"rendered":"<p>Turku \u2013 Lasten ja nuorten palvelukokonaisuus Perusopetus Luolavuoren koulun j\u00e4rjestyss\u00e4\u00e4nn\u00f6t\u202f\u00a0 \u202f\u00a0 S\u00e4\u00e4nn\u00f6t ovat v\u00e4ltt\u00e4m\u00e4tt\u00f6mi\u00e4 kouluyhteis\u00f6n toiminnan ja ty\u00f6rauhan s\u00e4ilymisen sek\u00e4 j\u00e4senten turvallisuuden ja viihtyvyyden vuoksi. Ty\u00f6rauha on ehdoton edellytys kouluty\u00f6n onnistumiselle. S\u00e4\u00e4nn\u00f6t totuttavat oppilaan vastuuseen ja yhteiskunnan j\u00e4senyyteen sek\u00e4 arvostavaan vuorovaikutukseen muiden ihmisten kanssa.\u202f\u202f\u00a0 Oppilaan on suoritettava teht\u00e4v\u00e4ns\u00e4 tunnollisesti ja k\u00e4ytt\u00e4ydytt\u00e4v\u00e4 asiallisesti. Oppilaan on k\u00e4ytt\u00e4ydytt\u00e4v\u00e4 &hellip; <a href=\"https:\/\/blog.edu.turku.fi\/luolavuori\/opetus\/jarjestyssaannot\/\" class=\"more-link\">Jatka lukemista<span class=\"screen-reader-text\"> &#8221;J\u00e4rjestyss\u00e4\u00e4nn\u00f6t&#8221;<\/span><\/a><\/p>\n","protected":false},"author":28,"featured_media":0,"parent":2,"menu_order":4,"comment_status":"closed","ping_status":"closed","template":"","meta":{"footnotes":""},"class_list":["post-82","page","type-page","status-publish","hentry"],"_links":{"self":[{"href":"https:\/\/blog.edu.turku.fi\/luolavuori\/wp-json\/wp\/v2\/pages\/82","targetHints":{"allow":["GET"]}}],"collection":[{"href":"https:\/\/blog.edu.turku.fi\/luolavuori\/wp-json\/wp\/v2\/pages"}],"about":[{"href":"https:\/\/blog.edu.turku.fi\/luolavuori\/wp-json\/wp\/v2\/types\/page"}],"author":[{"embeddable":true,"href":"https:\/\/blog.edu.turku.fi\/luolavuori\/wp-json\/wp\/v2\/users\/28"}],"replies":[{"embeddable":true,"href":"https:\/\/blog.edu.turku.fi\/luolavuori\/wp-json\/wp\/v2\/comments?post=82"}],"version-history":[{"count":15,"href":"https:\/\/blog.edu.turku.fi\/luolavuori\/wp-json\/wp\/v2\/pages\/82\/revisions"}],"predecessor-version":[{"id":2781,"href":"https:\/\/blog.edu.turku.fi\/luolavuori\/wp-json\/wp\/v2\/pages\/82\/revisions\/2781"}],"up":[{"embeddable":true,"href":"https:\/\/blog.edu.turku.fi\/luolavuori\/wp-json\/wp\/v2\/pages\/2"}],"wp:attachment":[{"href":"https:\/\/blog.edu.turku.fi\/luolavuori\/wp-json\/wp\/v2\/media?parent=82"}],"curies":[{"name":"wp","href":"https:\/\/api.w.org\/{rel}","templated":true}]}}