{"id":80,"date":"2014-01-15T10:32:42","date_gmt":"2014-01-15T08:32:42","guid":{"rendered":"https:\/\/blog.edu.turku.fi\/luolavuori\/?page_id=80"},"modified":"2025-04-23T12:37:22","modified_gmt":"2025-04-23T09:37:22","slug":"ops","status":"publish","type":"page","link":"https:\/\/blog.edu.turku.fi\/luolavuori\/opetus\/ops\/","title":{"rendered":"Opetussuunnitelma"},"content":{"rendered":"<p>Luolavuoren koulussa annettava opetus perustuu voimassa olevaan opetussuunnitelmaan. Luolavuoren koulun opetuksen erityispiirteit\u00e4 ovat mm.<\/p>\n<ul>\n<li>Luolavuoren koulussa opetusta annetaan sek\u00e4 yleisopetuksen ett\u00e4 yksil\u00f6llistetyn opetussuunnitelman mukaisesti.<\/li>\n<li>Oppilaan oppimista tuetaan kunkin yksil\u00f6llisen tarpeen mukaisesti. <a href=\"https:\/\/www.turku.fi\/perusopetus\/tukea-oppimiseen\">Oppilaan tuki\u00a0<\/a>\u00a0on kolmiportainen; yleinen, tehostettu, erityinen.<\/li>\n<li><strong><strong>Huom. <\/strong><\/strong>Oppimisen tuki uudistuu perusopetuksessa. <a href=\"https:\/\/www.turku.fi\/uutiset\/oppimisen-tuki-uudistuu-perusopetuksessa\">Oppimisen tuen lakiuudistus astuu voimaan 1.8.2025.<\/a><\/li>\n<\/ul>\n<p>Keskeiset kouluty\u00f6n periaatteita m\u00e4\u00e4rittelev\u00e4t asiakirjat ovat:<\/p>\n<ul>\n<li><a href=\"http:\/\/www.finlex.fi\/fi\/laki\/ajantasa\/1998\/19980628\">peruskoululaki<\/a> ja <a href=\"http:\/\/www.finlex.fi\/fi\/laki\/ajantasa\/1998\/19980852\">-asetus<\/a><\/li>\n<li><a href=\"https:\/\/www.oph.fi\/fi\/koulutus-ja-tutkinnot\/perusopetuksen-opetussuunnitelman-perusteet\">valtakunnalliset peruskoulun opetussuunnitelman perusteet<\/a><\/li>\n<li>Turun kaupungin perusopetuksen vuosiluokkien 1-9 opetussuunnitelman <a href=\"https:\/\/blog.edu.turku.fi\/ops2016\/hyvaksytyt\/paikalliset-suunnitelmat\/\">kuntakohtainen osio<\/a><\/li>\n<li><a href=\"https:\/\/blog.edu.turku.fi\/luolavuori\/files\/2016\/08\/LUOLAVUORI-OPS-2016.pdf\">Luolavuoren koulun opetussuunnitelma 2016<\/a><\/li>\n<\/ul>\n<p>&nbsp;<\/p>\n","protected":false},"excerpt":{"rendered":"<p>Luolavuoren koulussa annettava opetus perustuu voimassa olevaan opetussuunnitelmaan. Luolavuoren koulun opetuksen erityispiirteit\u00e4 ovat mm. Luolavuoren koulussa opetusta annetaan sek\u00e4 yleisopetuksen ett\u00e4 yksil\u00f6llistetyn opetussuunnitelman mukaisesti. Oppilaan oppimista tuetaan kunkin yksil\u00f6llisen tarpeen mukaisesti. Oppilaan tuki\u00a0\u00a0on kolmiportainen; yleinen, tehostettu, erityinen. Huom. Oppimisen tuki uudistuu perusopetuksessa. Oppimisen tuen lakiuudistus astuu voimaan 1.8.2025. Keskeiset kouluty\u00f6n periaatteita m\u00e4\u00e4rittelev\u00e4t asiakirjat ovat: peruskoululaki &hellip; <a href=\"https:\/\/blog.edu.turku.fi\/luolavuori\/opetus\/ops\/\" class=\"more-link\">Jatka lukemista<span class=\"screen-reader-text\"> &#8221;Opetussuunnitelma&#8221;<\/span><\/a><\/p>\n","protected":false},"author":28,"featured_media":0,"parent":2,"menu_order":1,"comment_status":"closed","ping_status":"closed","template":"","meta":{"footnotes":""},"class_list":["post-80","page","type-page","status-publish","hentry"],"_links":{"self":[{"href":"https:\/\/blog.edu.turku.fi\/luolavuori\/wp-json\/wp\/v2\/pages\/80","targetHints":{"allow":["GET"]}}],"collection":[{"href":"https:\/\/blog.edu.turku.fi\/luolavuori\/wp-json\/wp\/v2\/pages"}],"about":[{"href":"https:\/\/blog.edu.turku.fi\/luolavuori\/wp-json\/wp\/v2\/types\/page"}],"author":[{"embeddable":true,"href":"https:\/\/blog.edu.turku.fi\/luolavuori\/wp-json\/wp\/v2\/users\/28"}],"replies":[{"embeddable":true,"href":"https:\/\/blog.edu.turku.fi\/luolavuori\/wp-json\/wp\/v2\/comments?post=80"}],"version-history":[{"count":17,"href":"https:\/\/blog.edu.turku.fi\/luolavuori\/wp-json\/wp\/v2\/pages\/80\/revisions"}],"predecessor-version":[{"id":2721,"href":"https:\/\/blog.edu.turku.fi\/luolavuori\/wp-json\/wp\/v2\/pages\/80\/revisions\/2721"}],"up":[{"embeddable":true,"href":"https:\/\/blog.edu.turku.fi\/luolavuori\/wp-json\/wp\/v2\/pages\/2"}],"wp:attachment":[{"href":"https:\/\/blog.edu.turku.fi\/luolavuori\/wp-json\/wp\/v2\/media?parent=80"}],"curies":[{"name":"wp","href":"https:\/\/api.w.org\/{rel}","templated":true}]}}