{"id":64,"date":"2014-01-15T09:53:00","date_gmt":"2014-01-15T07:53:00","guid":{"rendered":"https:\/\/blog.edu.turku.fi\/luolavuori\/?page_id=64"},"modified":"2022-08-05T08:55:49","modified_gmt":"2022-08-05T05:55:49","slug":"piipari","status":"publish","type":"page","link":"https:\/\/blog.edu.turku.fi\/luolavuori\/yksikot\/piipari\/","title":{"rendered":"Strukturoitu opetus"},"content":{"rendered":"<p><span style=\"font-family: Verdana\"><a href=\"https:\/\/blog.edu.turku.fi\/luolavuori\/files\/2014\/01\/BM_PIIPARI_1.jpg\"><img loading=\"lazy\" decoding=\"async\" class=\" size-full wp-image-722 alignnone\" src=\"https:\/\/blog.edu.turku.fi\/luolavuori\/files\/2014\/01\/BM_PIIPARI_1.jpg\" alt=\"BM_PIIPARI_1\" width=\"580\" height=\"168\" srcset=\"https:\/\/blog.edu.turku.fi\/luolavuori\/files\/2014\/01\/BM_PIIPARI_1.jpg 580w, https:\/\/blog.edu.turku.fi\/luolavuori\/files\/2014\/01\/BM_PIIPARI_1-300x86.jpg 300w\" sizes=\"auto, (max-width: 580px) 85vw, 580px\" \/><\/a>Luolavuoren koulun yksik\u00f6iss\u00e4 annetaan yksil\u00f6llist\u00e4 opetusta autistisille ja vaikeasti kommunikaatioh\u00e4iri\u00f6isille oppilaille.<\/span><\/p>\n<p><span style=\"font-family: Verdana\">Opetus on strukturoitua ja perustuu visuaalisuuteen. Strukturoidun opetuksen k\u00e4site ja k\u00e4yt\u00e4nt\u00f6 ovat l\u00e4ht\u00f6isin <\/span><span style=\"font-family: Verdana\">TEACCH-kuntoutusmallista<\/span><span style=\"font-family: Verdana\">. Autistinen henkil\u00f6 tarvitsee struktuuria selvitt\u00e4m\u00e4\u00e4n\u00a0tilaa, aikaa, tilanteita ja henkil\u00f6it\u00e4. <\/span><\/p>\n<table>\n<tbody>\n<tr>\n<td width=\"174\"><a href=\"https:\/\/blog.edu.turku.fi\/luolavuori\/files\/2014\/01\/DSCN2583.jpg\"><img loading=\"lazy\" decoding=\"async\" class=\"wp-image-725 size-thumbnail aligncenter\" src=\"https:\/\/blog.edu.turku.fi\/luolavuori\/files\/2014\/01\/DSCN2583-150x150.jpg\" alt=\"DSCN2583\" width=\"150\" height=\"150\" \/><\/a><\/td>\n<td width=\"174\"><a href=\"https:\/\/blog.edu.turku.fi\/luolavuori\/files\/2014\/01\/DSCN2678.jpg\"><img loading=\"lazy\" decoding=\"async\" class=\"size-thumbnail wp-image-749 aligncenter\" src=\"https:\/\/blog.edu.turku.fi\/luolavuori\/files\/2014\/01\/DSCN2678-150x150.jpg\" alt=\"DSCN2678\" width=\"150\" height=\"150\" \/><\/a><\/td>\n<td width=\"174\"><a href=\"https:\/\/blog.edu.turku.fi\/luolavuori\/files\/2014\/01\/DSCN2672.jpg\"><img loading=\"lazy\" decoding=\"async\" class=\"wp-image-726 size-thumbnail aligncenter\" src=\"https:\/\/blog.edu.turku.fi\/luolavuori\/files\/2014\/01\/DSCN2672-150x150.jpg\" alt=\"DSCN2672\" width=\"150\" height=\"150\" \/><\/a><\/td>\n<td width=\"174\"><a href=\"https:\/\/blog.edu.turku.fi\/luolavuori\/files\/2014\/01\/DSCN2585.jpg\"><img loading=\"lazy\" decoding=\"async\" class=\"size-thumbnail wp-image-727 aligncenter\" src=\"https:\/\/blog.edu.turku.fi\/luolavuori\/files\/2014\/01\/DSCN2585-150x150.jpg\" alt=\"DSCN2585\" width=\"150\" height=\"150\" \/><\/a><\/td>\n<\/tr>\n<\/tbody>\n<\/table>\n<p><span style=\"font-family: Verdana\">Opetuksessa k\u00e4ytet\u00e4\u00e4n\u00a0monipuolisia opetusmenetelmi\u00e4 ja erityist\u00e4 huomiota kiinnitet\u00e4\u00e4n kommunikaatioon. Opetuksen tavoitteet tukevat arkip\u00e4iv\u00e4st\u00e4 selviytymist\u00e4 nyt ja tulevaisuudessa. Opetusmenetelm\u00e4t ovat k\u00e4yt\u00e4nn\u00f6nl\u00e4heisi\u00e4.<\/span><\/p>\n<table>\n<tbody>\n<tr>\n<td width=\"174\"><a href=\"https:\/\/blog.edu.turku.fi\/luolavuori\/files\/2014\/01\/DSCN2586.jpg\"><img loading=\"lazy\" decoding=\"async\" class=\"size-thumbnail wp-image-731 aligncenter\" src=\"https:\/\/blog.edu.turku.fi\/luolavuori\/files\/2014\/01\/DSCN2586-150x150.jpg\" alt=\"DSCN2586\" width=\"150\" height=\"150\" \/><\/a><\/td>\n<td width=\"174\"><a href=\"https:\/\/blog.edu.turku.fi\/luolavuori\/files\/2014\/01\/DSCN2622.jpg\"><img loading=\"lazy\" decoding=\"async\" class=\"size-thumbnail wp-image-732 aligncenter\" src=\"https:\/\/blog.edu.turku.fi\/luolavuori\/files\/2014\/01\/DSCN2622-150x150.jpg\" alt=\"DSCN2622\" width=\"150\" height=\"150\" \/><\/a><\/td>\n<td width=\"174\"><a href=\"https:\/\/blog.edu.turku.fi\/luolavuori\/files\/2014\/01\/DSCN2658.jpg\"><img loading=\"lazy\" decoding=\"async\" class=\"size-thumbnail wp-image-733 aligncenter\" src=\"https:\/\/blog.edu.turku.fi\/luolavuori\/files\/2014\/01\/DSCN2658-150x150.jpg\" alt=\"DSCN2658\" width=\"150\" height=\"150\" \/><\/a><\/td>\n<td width=\"174\"><a href=\"https:\/\/blog.edu.turku.fi\/luolavuori\/files\/2014\/01\/00-123.jpg\"><img loading=\"lazy\" decoding=\"async\" class=\"size-thumbnail wp-image-738 aligncenter\" src=\"https:\/\/blog.edu.turku.fi\/luolavuori\/files\/2014\/01\/00-123-150x150.jpg\" alt=\"00 123\" width=\"150\" height=\"150\" \/><\/a><\/td>\n<\/tr>\n<\/tbody>\n<\/table>\n<table>\n<tbody>\n<tr>\n<td width=\"174\"><a href=\"https:\/\/blog.edu.turku.fi\/luolavuori\/files\/2014\/01\/00-117.jpg\"><img loading=\"lazy\" decoding=\"async\" class=\"size-thumbnail wp-image-737 aligncenter\" src=\"https:\/\/blog.edu.turku.fi\/luolavuori\/files\/2014\/01\/00-117-150x150.jpg\" alt=\"00 117\" width=\"150\" height=\"150\" \/><\/a><\/td>\n<td width=\"174\"><a href=\"https:\/\/blog.edu.turku.fi\/luolavuori\/files\/2014\/01\/IMG_2545.jpg\"><img loading=\"lazy\" decoding=\"async\" class=\"size-thumbnail wp-image-741 aligncenter\" src=\"https:\/\/blog.edu.turku.fi\/luolavuori\/files\/2014\/01\/IMG_2545-150x150.jpg\" alt=\"IMG_2545\" width=\"150\" height=\"150\" \/><\/a><\/td>\n<td width=\"174\"><a href=\"https:\/\/blog.edu.turku.fi\/luolavuori\/files\/2014\/01\/IMG_2539.jpg\"><img loading=\"lazy\" decoding=\"async\" class=\"size-thumbnail wp-image-740 aligncenter\" src=\"https:\/\/blog.edu.turku.fi\/luolavuori\/files\/2014\/01\/IMG_2539-150x150.jpg\" alt=\"IMG_2539\" width=\"150\" height=\"150\" \/><\/a><\/td>\n<td width=\"174\"><a href=\"https:\/\/blog.edu.turku.fi\/luolavuori\/files\/2014\/01\/2013_071.jpg\"><img loading=\"lazy\" decoding=\"async\" class=\"size-thumbnail wp-image-735 aligncenter\" src=\"https:\/\/blog.edu.turku.fi\/luolavuori\/files\/2014\/01\/2013_071-150x150.jpg\" alt=\"2013_071\" width=\"150\" height=\"150\" \/><\/a><\/td>\n<\/tr>\n<\/tbody>\n<\/table>\n<p align=\"left\">Yksik\u00f6iss\u00e4mme j\u00e4rjestet\u00e4\u00e4n aamu- ja iltap\u00e4iv\u00e4toimintaa turkulaisille oppilaille. Sama henkil\u00f6kunta toimii avustajina koulussa ja koulun tiloissa j\u00e4rjestett\u00e4v\u00e4ss\u00e4 aamu- ja iltap\u00e4iv\u00e4toiminnassa. Pyrimme j\u00e4rjest\u00e4m\u00e4\u00e4n mielek\u00e4st\u00e4 ja strukturoitua toimintaa lapsille\/nuorille my\u00f6s koulutuntien ulkopuolella.<\/p>\n<table>\n<tbody>\n<tr>\n<td width=\"174\"><a href=\"https:\/\/blog.edu.turku.fi\/luolavuori\/files\/2014\/01\/00-131.jpg\"><img loading=\"lazy\" decoding=\"async\" class=\"size-thumbnail wp-image-743 aligncenter\" src=\"https:\/\/blog.edu.turku.fi\/luolavuori\/files\/2014\/01\/00-131-150x150.jpg\" alt=\"00 131\" width=\"150\" height=\"150\" \/><\/a><\/td>\n<td width=\"174\"><a href=\"https:\/\/blog.edu.turku.fi\/luolavuori\/files\/2014\/01\/00-144.jpg\"><img loading=\"lazy\" decoding=\"async\" class=\"size-thumbnail wp-image-744 aligncenter\" src=\"https:\/\/blog.edu.turku.fi\/luolavuori\/files\/2014\/01\/00-144-150x150.jpg\" alt=\"00 144\" width=\"150\" height=\"150\" \/><\/a><\/td>\n<td width=\"174\"><a href=\"https:\/\/blog.edu.turku.fi\/luolavuori\/files\/2014\/01\/00-148.jpg\"><img loading=\"lazy\" decoding=\"async\" class=\"size-thumbnail wp-image-745 aligncenter\" src=\"https:\/\/blog.edu.turku.fi\/luolavuori\/files\/2014\/01\/00-148-150x150.jpg\" alt=\"00 148\" width=\"150\" height=\"150\" \/><\/a><\/td>\n<td width=\"174\"><a href=\"https:\/\/blog.edu.turku.fi\/luolavuori\/files\/2014\/01\/DSCN2243.jpg\"><img loading=\"lazy\" decoding=\"async\" class=\"size-thumbnail wp-image-746 aligncenter\" src=\"https:\/\/blog.edu.turku.fi\/luolavuori\/files\/2014\/01\/DSCN2243-150x150.jpg\" alt=\"DSCN2243\" width=\"150\" height=\"150\" \/><\/a><\/td>\n<\/tr>\n<\/tbody>\n<\/table>\n<p align=\"left\">\n","protected":false},"excerpt":{"rendered":"<p>Luolavuoren koulun yksik\u00f6iss\u00e4 annetaan yksil\u00f6llist\u00e4 opetusta autistisille ja vaikeasti kommunikaatioh\u00e4iri\u00f6isille oppilaille. Opetus on strukturoitua ja perustuu visuaalisuuteen. Strukturoidun opetuksen k\u00e4site ja k\u00e4yt\u00e4nt\u00f6 ovat l\u00e4ht\u00f6isin TEACCH-kuntoutusmallista. Autistinen henkil\u00f6 tarvitsee struktuuria selvitt\u00e4m\u00e4\u00e4n\u00a0tilaa, aikaa, tilanteita ja henkil\u00f6it\u00e4. Opetuksessa k\u00e4ytet\u00e4\u00e4n\u00a0monipuolisia opetusmenetelmi\u00e4 ja erityist\u00e4 huomiota kiinnitet\u00e4\u00e4n kommunikaatioon. Opetuksen tavoitteet tukevat arkip\u00e4iv\u00e4st\u00e4 selviytymist\u00e4 nyt ja tulevaisuudessa. Opetusmenetelm\u00e4t ovat k\u00e4yt\u00e4nn\u00f6nl\u00e4heisi\u00e4. Yksik\u00f6iss\u00e4mme j\u00e4rjestet\u00e4\u00e4n &hellip; <a href=\"https:\/\/blog.edu.turku.fi\/luolavuori\/yksikot\/piipari\/\" class=\"more-link\">Jatka lukemista<span class=\"screen-reader-text\"> &#8221;Strukturoitu opetus&#8221;<\/span><\/a><\/p>\n","protected":false},"author":74,"featured_media":0,"parent":49,"menu_order":3,"comment_status":"closed","ping_status":"closed","template":"","meta":{"footnotes":""},"class_list":["post-64","page","type-page","status-publish","hentry"],"_links":{"self":[{"href":"https:\/\/blog.edu.turku.fi\/luolavuori\/wp-json\/wp\/v2\/pages\/64","targetHints":{"allow":["GET"]}}],"collection":[{"href":"https:\/\/blog.edu.turku.fi\/luolavuori\/wp-json\/wp\/v2\/pages"}],"about":[{"href":"https:\/\/blog.edu.turku.fi\/luolavuori\/wp-json\/wp\/v2\/types\/page"}],"author":[{"embeddable":true,"href":"https:\/\/blog.edu.turku.fi\/luolavuori\/wp-json\/wp\/v2\/users\/74"}],"replies":[{"embeddable":true,"href":"https:\/\/blog.edu.turku.fi\/luolavuori\/wp-json\/wp\/v2\/comments?post=64"}],"version-history":[{"count":37,"href":"https:\/\/blog.edu.turku.fi\/luolavuori\/wp-json\/wp\/v2\/pages\/64\/revisions"}],"predecessor-version":[{"id":1845,"href":"https:\/\/blog.edu.turku.fi\/luolavuori\/wp-json\/wp\/v2\/pages\/64\/revisions\/1845"}],"up":[{"embeddable":true,"href":"https:\/\/blog.edu.turku.fi\/luolavuori\/wp-json\/wp\/v2\/pages\/49"}],"wp:attachment":[{"href":"https:\/\/blog.edu.turku.fi\/luolavuori\/wp-json\/wp\/v2\/media?parent=64"}],"curies":[{"name":"wp","href":"https:\/\/api.w.org\/{rel}","templated":true}]}}