{"id":596,"date":"2014-05-08T09:20:26","date_gmt":"2014-05-08T06:20:26","guid":{"rendered":"https:\/\/blog.edu.turku.fi\/luolavuori\/?page_id=596"},"modified":"2025-04-23T11:48:08","modified_gmt":"2025-04-23T08:48:08","slug":"koulumatkat","status":"publish","type":"page","link":"https:\/\/blog.edu.turku.fi\/luolavuori\/koti-ja-koulu\/koulumatkat\/","title":{"rendered":"Koulumatkat"},"content":{"rendered":"<p>Koulumatkaan kannattaa tutustua hyviss\u00e4 ajoin ennen koulun alkua, ja mahdolliset vaaranpaikat on hyv\u00e4 k\u00e4yd\u00e4 lapsen kanssa yhdess\u00e4 l\u00e4pi. Heijastin vaatteissa on halpa vakuutus.<\/p>\n<p>Koulussa opetetaan ja kerrataan liikennes\u00e4\u00e4nt\u00f6j\u00e4. Kotona on t\u00e4rke\u00e4\u00e4\u00a0keskustella<br \/>\nliikenteest\u00e4 ja yhdess\u00e4 l\u00e4pik\u00e4yd\u00e4 lasten kanssa seuraavia asioita<br \/>\n&#8211; turvallinen koulureitti<br \/>\n&#8211; jalankulkijana\/py\u00f6r\u00e4ilij\u00e4n\u00e4 liikenteess\u00e4<br \/>\n&#8211; linja-autossa matkustaminen<\/p>\n<p>Koulumme oppilaista merkitt\u00e4v\u00e4 osa saapuu kouluun taksikyydill\u00e4. T\u00e4m\u00e4n takia koulullamme on tavallista enemm\u00e4n autoliikennett\u00e4 koulun alkaessa ja loppuessa.<\/p>\n<p>&nbsp;<\/p>\n<p>Lis\u00e4tietoa koulukuljetuksista saa koulun\u00a0kuljetusvastaavalta<br \/>\nMarja-Leena Lehtoselta (050 4323 695).<\/p>\n<p>&nbsp;<\/p>\n","protected":false},"excerpt":{"rendered":"<p>Koulumatkaan kannattaa tutustua hyviss\u00e4 ajoin ennen koulun alkua, ja mahdolliset vaaranpaikat on hyv\u00e4 k\u00e4yd\u00e4 lapsen kanssa yhdess\u00e4 l\u00e4pi. Heijastin vaatteissa on halpa vakuutus. Koulussa opetetaan ja kerrataan liikennes\u00e4\u00e4nt\u00f6j\u00e4. Kotona on t\u00e4rke\u00e4\u00e4\u00a0keskustella liikenteest\u00e4 ja yhdess\u00e4 l\u00e4pik\u00e4yd\u00e4 lasten kanssa seuraavia asioita &#8211; turvallinen koulureitti &#8211; jalankulkijana\/py\u00f6r\u00e4ilij\u00e4n\u00e4 liikenteess\u00e4 &#8211; linja-autossa matkustaminen Koulumme oppilaista merkitt\u00e4v\u00e4 osa saapuu kouluun taksikyydill\u00e4. &hellip; <a href=\"https:\/\/blog.edu.turku.fi\/luolavuori\/koti-ja-koulu\/koulumatkat\/\" class=\"more-link\">Jatka lukemista<span class=\"screen-reader-text\"> &#8221;Koulumatkat&#8221;<\/span><\/a><\/p>\n","protected":false},"author":28,"featured_media":0,"parent":70,"menu_order":2,"comment_status":"closed","ping_status":"closed","template":"","meta":{"footnotes":""},"class_list":["post-596","page","type-page","status-publish","hentry"],"_links":{"self":[{"href":"https:\/\/blog.edu.turku.fi\/luolavuori\/wp-json\/wp\/v2\/pages\/596","targetHints":{"allow":["GET"]}}],"collection":[{"href":"https:\/\/blog.edu.turku.fi\/luolavuori\/wp-json\/wp\/v2\/pages"}],"about":[{"href":"https:\/\/blog.edu.turku.fi\/luolavuori\/wp-json\/wp\/v2\/types\/page"}],"author":[{"embeddable":true,"href":"https:\/\/blog.edu.turku.fi\/luolavuori\/wp-json\/wp\/v2\/users\/28"}],"replies":[{"embeddable":true,"href":"https:\/\/blog.edu.turku.fi\/luolavuori\/wp-json\/wp\/v2\/comments?post=596"}],"version-history":[{"count":13,"href":"https:\/\/blog.edu.turku.fi\/luolavuori\/wp-json\/wp\/v2\/pages\/596\/revisions"}],"predecessor-version":[{"id":2700,"href":"https:\/\/blog.edu.turku.fi\/luolavuori\/wp-json\/wp\/v2\/pages\/596\/revisions\/2700"}],"up":[{"embeddable":true,"href":"https:\/\/blog.edu.turku.fi\/luolavuori\/wp-json\/wp\/v2\/pages\/70"}],"wp:attachment":[{"href":"https:\/\/blog.edu.turku.fi\/luolavuori\/wp-json\/wp\/v2\/media?parent=596"}],"curies":[{"name":"wp","href":"https:\/\/api.w.org\/{rel}","templated":true}]}}