{"id":588,"date":"2014-05-08T09:08:11","date_gmt":"2014-05-08T06:08:11","guid":{"rendered":"https:\/\/blog.edu.turku.fi\/luolavuori\/?page_id=588"},"modified":"2025-04-23T09:35:08","modified_gmt":"2025-04-23T06:35:08","slug":"kouluruokailu","status":"publish","type":"page","link":"https:\/\/blog.edu.turku.fi\/luolavuori\/muu_toiminta\/kouluruokailu\/","title":{"rendered":"Kouluruokailu"},"content":{"rendered":"<h3>Turun koulujen ruokapalvelun tuottaa Kaarea.<\/h3>\n<h3><strong>Lounas<\/strong><\/h3>\n<p>Koululounas on osa oppilaiden koulup\u00e4iv\u00e4\u00e4. Ruokailussa noudatetaan hyvi\u00e4 tapoja ja oppilaita ohjataan oikeisiin ruokailutottumuksiin. Lounaalla on p\u00e4ivitt\u00e4in tarjolla pehme\u00e4\u00e4 leip\u00e4\u00e4, n\u00e4kkileip\u00e4valikoima ja kasvirasvalevitett\u00e4, juomana rasvatonta maitoa, luomupiim\u00e4\u00e4 ja vett\u00e4.<\/p>\n<p>Viikottainen ruokalista ja tietoa erityisruokavalioista l\u00f6ytyy <a href=\"https:\/\/kaarea.fi\/palvelut\/ruokapalvelut\/koulu-ja-paivakotiruokailu\/\">Kaarean sivuilta<\/a>.<\/p>\n<ul>\n<li style=\"list-style-type: none\">\n<ul>\n<li style=\"list-style-type: none\">\n<ul>\n<li style=\"list-style-type: none\">\n<ul>\n<li><a href=\"https:\/\/menu.kaarea.fi\/KaareaAromieMenus\/FI\/Default\/Kaarea\/LUOLAKO\/Restaurant.aspx\">Ruiskatu<\/a><\/li>\n<li><a href=\"https:\/\/menu.kaarea.fi\/KaareaAromieMenus\/FI\/Default\/Kaarea\/INKILAKO\/Restaurant.aspx\">Raadinkatu<\/a><\/li>\n<li><a href=\"https:\/\/menu.kaarea.fi\/KaareaAromieMenus\/FI\/Default\/Kaarea\/LUOLPIIP\/Restaurant.aspx\">Piiparinpolku<\/a><\/li>\n<\/ul>\n<\/li>\n<\/ul>\n<\/li>\n<\/ul>\n<\/li>\n<\/ul>\n<p>&nbsp;<\/p>\n","protected":false},"excerpt":{"rendered":"<p>Turun koulujen ruokapalvelun tuottaa Kaarea. Lounas Koululounas on osa oppilaiden koulup\u00e4iv\u00e4\u00e4. Ruokailussa noudatetaan hyvi\u00e4 tapoja ja oppilaita ohjataan oikeisiin ruokailutottumuksiin. Lounaalla on p\u00e4ivitt\u00e4in tarjolla pehme\u00e4\u00e4 leip\u00e4\u00e4, n\u00e4kkileip\u00e4valikoima ja kasvirasvalevitett\u00e4, juomana rasvatonta maitoa, luomupiim\u00e4\u00e4 ja vett\u00e4. Viikottainen ruokalista ja tietoa erityisruokavalioista l\u00f6ytyy Kaarean sivuilta. Ruiskatu Raadinkatu Piiparinpolku &nbsp;<\/p>\n","protected":false},"author":28,"featured_media":0,"parent":74,"menu_order":3,"comment_status":"closed","ping_status":"closed","template":"","meta":{"footnotes":""},"class_list":["post-588","page","type-page","status-publish","hentry"],"_links":{"self":[{"href":"https:\/\/blog.edu.turku.fi\/luolavuori\/wp-json\/wp\/v2\/pages\/588","targetHints":{"allow":["GET"]}}],"collection":[{"href":"https:\/\/blog.edu.turku.fi\/luolavuori\/wp-json\/wp\/v2\/pages"}],"about":[{"href":"https:\/\/blog.edu.turku.fi\/luolavuori\/wp-json\/wp\/v2\/types\/page"}],"author":[{"embeddable":true,"href":"https:\/\/blog.edu.turku.fi\/luolavuori\/wp-json\/wp\/v2\/users\/28"}],"replies":[{"embeddable":true,"href":"https:\/\/blog.edu.turku.fi\/luolavuori\/wp-json\/wp\/v2\/comments?post=588"}],"version-history":[{"count":17,"href":"https:\/\/blog.edu.turku.fi\/luolavuori\/wp-json\/wp\/v2\/pages\/588\/revisions"}],"predecessor-version":[{"id":2687,"href":"https:\/\/blog.edu.turku.fi\/luolavuori\/wp-json\/wp\/v2\/pages\/588\/revisions\/2687"}],"up":[{"embeddable":true,"href":"https:\/\/blog.edu.turku.fi\/luolavuori\/wp-json\/wp\/v2\/pages\/74"}],"wp:attachment":[{"href":"https:\/\/blog.edu.turku.fi\/luolavuori\/wp-json\/wp\/v2\/media?parent=588"}],"curies":[{"name":"wp","href":"https:\/\/api.w.org\/{rel}","templated":true}]}}