{"id":530,"date":"2014-04-16T15:43:29","date_gmt":"2014-04-16T12:43:29","guid":{"rendered":"https:\/\/blog.edu.turku.fi\/luolavuori\/?page_id=530"},"modified":"2025-04-25T10:44:28","modified_gmt":"2025-04-25T07:44:28","slug":"oppilasneuvosto","status":"publish","type":"page","link":"https:\/\/blog.edu.turku.fi\/luolavuori\/oppilasneuvosto\/","title":{"rendered":"Oppilaskunta"},"content":{"rendered":"<p>Kaikki koulumme oppilaat kuuluvat oppilaskuntaan. Oppilaskunnan teht\u00e4v\u00e4n\u00e4 on saada oppilaiden \u00e4\u00e4ni kuuluviin koulumme asioita koskevissa p\u00e4\u00e4t\u00f6ksiss\u00e4 ja kehitt\u00e4\u00e4 koulun arkea oppilaiden ideoiden pohjalta.<\/p>\n<p><strong>Alakoulun oppilaskunnan hallitus:<\/strong><br \/>\nJokaiselta luokalta on valittu yksi varsinainen edustaja ja yksi varaedustaja oppilaskunnan hallitukseen. Hallitus kokoontuu noin kerran kuukaudessa k\u00e4sittelem\u00e4\u00e4n ajankohtaisia asioita, tekem\u00e4\u00e4n p\u00e4\u00e4t\u00f6ksi\u00e4 ja suunnittelemaan tapahtumia. Lis\u00e4ksi hallitus j\u00e4rjest\u00e4\u00e4 noin kerran viikossa vapaaehtoisen v\u00e4lituntikokouksen, jossa valmistellaan idealaatikkoon tulleita ehdotuksia, tehd\u00e4\u00e4n materiaaleja tuleviin tapahtumiin ja keskustellaan oppilaiden toiveista.<\/p>\n<p>Oppilaskunnan hallitus valitsee keskuudestaan vuoden alussa puheenjohtajan, varapuheenjohtajan, sihteerin ja varasihteerin. Oppilaskunnan toimintaa ohjaavat opettajat Anu Lahti-Nevala ja Kaisu Rantanen.<\/p>\n<p>Koulumme oppilaskunnan edustajat osallistuvat my\u00f6s Turun lasten parlamentin suurkokouksiin ja j\u00e4rjest\u00e4ytymiskokouksiin, joissa p\u00e4\u00e4st\u00e4\u00e4n vaikuttamaan kaupungin tasolla lasten ja nuorten asioihin.<br \/>\nOppilaskunta on t\u00e4rke\u00e4 osa koulumme yhteis\u00f6\u00e4 ja antaa kaikille mahdollisuuden vaikuttaa koulun arkeen!<\/p>\n<p>&nbsp;<\/p>\n<div><b data-olk-copy-source=\"MessageBody\">Yl\u00e4koulun oppilaskunnan hallitus<\/b><\/div>\n<div><\/div>\n<div>Yl\u00e4koulun oppilaskunnan hallituksessa on edustettuna jokainen yl\u00e4koulun luokka \u2013 kustakin luokasta on valittu lukuvuoden alussa yksi varsinainen j\u00e4sen ja yksi varaedustaja. Hallitus valitsee keskuudestaan vuosittain puheenjohtajan, sihteerin ja tiedottajan. Oppilaskunnan toimintaa ohjaa opettaja Katariina Ruusunen-Nurmio.<\/div>\n<div><\/div>\n<div>Hallitus kokoontuu noin kerran kuukaudessa k\u00e4sittelem\u00e4\u00e4n ajankohtaisia asioita, tekem\u00e4\u00e4n p\u00e4\u00e4t\u00f6ksi\u00e4 ja suunnittelemaan koulun tapahtumia. Lis\u00e4ksi oppilaskunnan edustajat osallistuvat Turun yl\u00e4koulujen oppilaskuntien hallitusten yhteisiin koulutusp\u00e4iviin, joissa tutustutaan muiden koulujen oppilastoimintaan ja vaikutetaan kaupungin tasolla nuoria koskeviin asioihin.<\/div>\n<div><\/div>\n<div>Oppilaskuntatoiminnan tavoitteena on tarjota oppilaille aidot mahdollisuudet vaikuttaa koulun arkeen sek\u00e4 vahvistaa osallisuuden kokemusta. Toiminnan kautta lis\u00e4t\u00e4\u00e4n kouluviihtyvyytt\u00e4 ja vahvistetaan yhteis\u00f6llisyytt\u00e4.<\/div>\n<div><\/div>\n<div><\/div>\n<div><\/div>\n","protected":false},"excerpt":{"rendered":"<p>Kaikki koulumme oppilaat kuuluvat oppilaskuntaan. Oppilaskunnan teht\u00e4v\u00e4n\u00e4 on saada oppilaiden \u00e4\u00e4ni kuuluviin koulumme asioita koskevissa p\u00e4\u00e4t\u00f6ksiss\u00e4 ja kehitt\u00e4\u00e4 koulun arkea oppilaiden ideoiden pohjalta. Alakoulun oppilaskunnan hallitus: Jokaiselta luokalta on valittu yksi varsinainen edustaja ja yksi varaedustaja oppilaskunnan hallitukseen. Hallitus kokoontuu noin kerran kuukaudessa k\u00e4sittelem\u00e4\u00e4n ajankohtaisia asioita, tekem\u00e4\u00e4n p\u00e4\u00e4t\u00f6ksi\u00e4 ja suunnittelemaan tapahtumia. Lis\u00e4ksi hallitus j\u00e4rjest\u00e4\u00e4 noin &hellip; <a href=\"https:\/\/blog.edu.turku.fi\/luolavuori\/oppilasneuvosto\/\" class=\"more-link\">Jatka lukemista<span class=\"screen-reader-text\"> &#8221;Oppilaskunta&#8221;<\/span><\/a><\/p>\n","protected":false},"author":28,"featured_media":0,"parent":0,"menu_order":0,"comment_status":"closed","ping_status":"closed","template":"","meta":{"footnotes":""},"class_list":["post-530","page","type-page","status-publish","hentry"],"_links":{"self":[{"href":"https:\/\/blog.edu.turku.fi\/luolavuori\/wp-json\/wp\/v2\/pages\/530","targetHints":{"allow":["GET"]}}],"collection":[{"href":"https:\/\/blog.edu.turku.fi\/luolavuori\/wp-json\/wp\/v2\/pages"}],"about":[{"href":"https:\/\/blog.edu.turku.fi\/luolavuori\/wp-json\/wp\/v2\/types\/page"}],"author":[{"embeddable":true,"href":"https:\/\/blog.edu.turku.fi\/luolavuori\/wp-json\/wp\/v2\/users\/28"}],"replies":[{"embeddable":true,"href":"https:\/\/blog.edu.turku.fi\/luolavuori\/wp-json\/wp\/v2\/comments?post=530"}],"version-history":[{"count":12,"href":"https:\/\/blog.edu.turku.fi\/luolavuori\/wp-json\/wp\/v2\/pages\/530\/revisions"}],"predecessor-version":[{"id":2756,"href":"https:\/\/blog.edu.turku.fi\/luolavuori\/wp-json\/wp\/v2\/pages\/530\/revisions\/2756"}],"wp:attachment":[{"href":"https:\/\/blog.edu.turku.fi\/luolavuori\/wp-json\/wp\/v2\/media?parent=530"}],"curies":[{"name":"wp","href":"https:\/\/api.w.org\/{rel}","templated":true}]}}