{"id":506,"date":"2014-04-16T08:39:48","date_gmt":"2014-04-16T05:39:48","guid":{"rendered":"https:\/\/blog.edu.turku.fi\/luolavuori\/?page_id=506"},"modified":"2025-04-30T09:05:56","modified_gmt":"2025-04-30T06:05:56","slug":"nivelvaiheet","status":"publish","type":"page","link":"https:\/\/blog.edu.turku.fi\/luolavuori\/opetus\/nivelvaiheet\/","title":{"rendered":"Nivelvaiheet"},"content":{"rendered":"<p>&nbsp;<\/p>\n<h2>Esi- ja alkuopetuksen nivelvaihe<\/h2>\n<p>Perusopetuslaki m\u00e4\u00e4rittelee perusopetuksen yhten\u00e4iseksi jatkumoksi. Tavoitteena on rakentaa esi- ja perusopetuksesta jatkumo, joka mahdollistaa oppilaalle johdonmukaisen ja ehyen oppimiskokemuksen.<\/p>\n<p>Luolavuoren koulussa opettaja, alkuopetusvastaava, on yhteydess\u00e4 l\u00e4hialueen esikouluihin useamman kerran lukukaudessa. Yhteisty\u00f6 on tiedonsiirtoa, pedagogisia keskusteluja, kouluun tutustumista sek\u00e4 yhteistoimintaa lasten tasolla.<\/p>\n<p>Yhteisty\u00f6muotoja ovat:<\/p>\n<ul>\n<li>koulun j\u00e4rjest\u00e4m\u00e4 tapahtumatuokio esikoululaisille koulussa syyslukukaudella<\/li>\n<li>esikoululaisten osallistuminen oppitunnille- ja v\u00e4litunnille kev\u00e4tlukukaudella<\/li>\n<li>koulutulokkaiden ja heid\u00e4n huoltajien tutustumisp\u00e4iv\u00e4 koululla toukokuussa<\/li>\n<li>opettajan konsultointik\u00e4ynnit esiopetusryhmiss\u00e4<\/li>\n<li>tiedonsiirto esikouluista kouluun (KOS-lomake)<\/li>\n<\/ul>\n<h2>Luolavuoren alakoulun ja Puropellon yl\u00e4koulun v\u00e4linen nivelvaihe<\/h2>\n<p>Luolavuoren koulussa laaja-alainen erityisopettaja toimii yhteyshenkil\u00f6n\u00e4 yl\u00e4kouluun. Oppilaiden koulupiirin yl\u00e4koulu toimii aktiivisesti koko 6. luokan. Tavoitteena on yhteisty\u00f6ss\u00e4 ennakoiden auttaa ja tukea oppilaita yl\u00e4kouluun siirtyess\u00e4.<\/p>\n<p>Yhteisty\u00f6muotoja ovat:<\/p>\n<ul>\n<li>yl\u00e4nivellyspalaveri elokuussa<\/li>\n<li>pedagogisten asiakirjojen t\u00e4ydent\u00e4minen ja tiedon siirt\u00e4minen<\/li>\n<li>oppilaiden osallistuminen Puropellon j\u00e4rjest\u00e4miin tapahtumiin 6. luokan aikana<\/li>\n<li>siirtopalaverien sopiminen<\/li>\n<\/ul>\n<h2>Perusopetuksen ja toisen asteen oppilaitosten\u00a0 nivelvaihe<\/h2>\n<p>Luolavuoren koulussa oppilaanohjauksesta vastaava erityisluokanopettaja pit\u00e4\u00e4 s\u00e4\u00e4nn\u00f6llisesti yhteytt\u00e4 toisen asteen oppilaitoksiin. Tavoitteena on rakentaa polku joka mahdollistaa oppilaalle mielekk\u00e4\u00e4n toisen asteen opiskelupaikan l\u00f6ytymisen perusopetuksen p\u00e4\u00e4ttyess\u00e4.<\/p>\n<p>Yhteisty\u00f6muotoja ovat:<\/p>\n<ul>\n<li>oppilaiden osallistuminen toisen asteen oppilaitosten j\u00e4rjest\u00e4miin tapahtumiin 7.-9. luokan aikana<\/li>\n<li>toisen asteen koulutusten esittelyillat oppilaille ja huoltajille Luolavuoren koulussa<\/li>\n<li>oppilaiden henkil\u00f6kohtaiset tutustumisp\u00e4iv\u00e4t toisen asteen oppilaitoksiin 9. luokan aikana<\/li>\n<li>tiedonsiirto perusopetuksesta toiselle asteelle yhteishaun yhteydess\u00e4 (Tiedonsiirtolomake toisen asteen koulutuksen j\u00e4rjest\u00e4miseksi)<\/li>\n<\/ul>\n","protected":false},"excerpt":{"rendered":"<p>&nbsp; Esi- ja alkuopetuksen nivelvaihe Perusopetuslaki m\u00e4\u00e4rittelee perusopetuksen yhten\u00e4iseksi jatkumoksi. Tavoitteena on rakentaa esi- ja perusopetuksesta jatkumo, joka mahdollistaa oppilaalle johdonmukaisen ja ehyen oppimiskokemuksen. Luolavuoren koulussa opettaja, alkuopetusvastaava, on yhteydess\u00e4 l\u00e4hialueen esikouluihin useamman kerran lukukaudessa. Yhteisty\u00f6 on tiedonsiirtoa, pedagogisia keskusteluja, kouluun tutustumista sek\u00e4 yhteistoimintaa lasten tasolla. Yhteisty\u00f6muotoja ovat: koulun j\u00e4rjest\u00e4m\u00e4 tapahtumatuokio esikoululaisille koulussa syyslukukaudella esikoululaisten &hellip; <a href=\"https:\/\/blog.edu.turku.fi\/luolavuori\/opetus\/nivelvaiheet\/\" class=\"more-link\">Jatka lukemista<span class=\"screen-reader-text\"> &#8221;Nivelvaiheet&#8221;<\/span><\/a><\/p>\n","protected":false},"author":28,"featured_media":0,"parent":2,"menu_order":3,"comment_status":"closed","ping_status":"closed","template":"","meta":{"footnotes":""},"class_list":["post-506","page","type-page","status-publish","hentry"],"_links":{"self":[{"href":"https:\/\/blog.edu.turku.fi\/luolavuori\/wp-json\/wp\/v2\/pages\/506","targetHints":{"allow":["GET"]}}],"collection":[{"href":"https:\/\/blog.edu.turku.fi\/luolavuori\/wp-json\/wp\/v2\/pages"}],"about":[{"href":"https:\/\/blog.edu.turku.fi\/luolavuori\/wp-json\/wp\/v2\/types\/page"}],"author":[{"embeddable":true,"href":"https:\/\/blog.edu.turku.fi\/luolavuori\/wp-json\/wp\/v2\/users\/28"}],"replies":[{"embeddable":true,"href":"https:\/\/blog.edu.turku.fi\/luolavuori\/wp-json\/wp\/v2\/comments?post=506"}],"version-history":[{"count":9,"href":"https:\/\/blog.edu.turku.fi\/luolavuori\/wp-json\/wp\/v2\/pages\/506\/revisions"}],"predecessor-version":[{"id":2763,"href":"https:\/\/blog.edu.turku.fi\/luolavuori\/wp-json\/wp\/v2\/pages\/506\/revisions\/2763"}],"up":[{"embeddable":true,"href":"https:\/\/blog.edu.turku.fi\/luolavuori\/wp-json\/wp\/v2\/pages\/2"}],"wp:attachment":[{"href":"https:\/\/blog.edu.turku.fi\/luolavuori\/wp-json\/wp\/v2\/media?parent=506"}],"curies":[{"name":"wp","href":"https:\/\/api.w.org\/{rel}","templated":true}]}}