{"id":49,"date":"2014-01-15T09:45:12","date_gmt":"2014-01-15T07:45:12","guid":{"rendered":"https:\/\/blog.edu.turku.fi\/luolavuori\/?page_id=49"},"modified":"2022-08-05T08:56:44","modified_gmt":"2022-08-05T05:56:44","slug":"yksikot","status":"publish","type":"page","link":"https:\/\/blog.edu.turku.fi\/luolavuori\/yksikot\/","title":{"rendered":"Yksik\u00f6t"},"content":{"rendered":"<h3><strong>Yksik\u00f6iden henkil\u00f6kunta ja yhteystiedot<\/strong><\/h3>\n<ul>\n<li><a title=\"Luolavuorentien yksik\u00f6n yhteystiedot\" href=\"https:\/\/blog.edu.turku.fi\/luolavuori\/yhteystiedot\/ruiskadun_yhteystiedot\/\">Ruiskatu<\/a><\/li>\n<li><a title=\"Piiparin yksik\u00f6n yhteystiedot\" href=\"https:\/\/blog.edu.turku.fi\/luolavuori\/yhteystiedot\/piiparinyhteystiedot\/\">Piiparinpolku<\/a><\/li>\n<li><a href=\"https:\/\/blog.edu.turku.fi\/luolavuori\/yhteystiedot\/inkilanyhteystiedot\/\">Inkil\u00e4nkatu<\/a><\/li>\n<\/ul>\n<p>&nbsp;<\/p>\n<p>&nbsp;<\/p>\n<p>&nbsp;<\/p>\n<p>&nbsp;<\/p>\n","protected":false},"excerpt":{"rendered":"<p>Yksik\u00f6iden henkil\u00f6kunta ja yhteystiedot Ruiskatu Piiparinpolku Inkil\u00e4nkatu &nbsp; &nbsp; &nbsp; &nbsp;<\/p>\n","protected":false},"author":74,"featured_media":0,"parent":0,"menu_order":2,"comment_status":"closed","ping_status":"closed","template":"","meta":{"footnotes":""},"class_list":["post-49","page","type-page","status-publish","hentry"],"_links":{"self":[{"href":"https:\/\/blog.edu.turku.fi\/luolavuori\/wp-json\/wp\/v2\/pages\/49","targetHints":{"allow":["GET"]}}],"collection":[{"href":"https:\/\/blog.edu.turku.fi\/luolavuori\/wp-json\/wp\/v2\/pages"}],"about":[{"href":"https:\/\/blog.edu.turku.fi\/luolavuori\/wp-json\/wp\/v2\/types\/page"}],"author":[{"embeddable":true,"href":"https:\/\/blog.edu.turku.fi\/luolavuori\/wp-json\/wp\/v2\/users\/74"}],"replies":[{"embeddable":true,"href":"https:\/\/blog.edu.turku.fi\/luolavuori\/wp-json\/wp\/v2\/comments?post=49"}],"version-history":[{"count":18,"href":"https:\/\/blog.edu.turku.fi\/luolavuori\/wp-json\/wp\/v2\/pages\/49\/revisions"}],"predecessor-version":[{"id":1846,"href":"https:\/\/blog.edu.turku.fi\/luolavuori\/wp-json\/wp\/v2\/pages\/49\/revisions\/1846"}],"wp:attachment":[{"href":"https:\/\/blog.edu.turku.fi\/luolavuori\/wp-json\/wp\/v2\/media?parent=49"}],"curies":[{"name":"wp","href":"https:\/\/api.w.org\/{rel}","templated":true}]}}