{"id":40,"date":"2014-01-15T09:27:39","date_gmt":"2014-01-15T07:27:39","guid":{"rendered":"https:\/\/blog.edu.turku.fi\/luolavuori\/?page_id=40"},"modified":"2026-01-21T09:35:59","modified_gmt":"2026-01-21T07:35:59","slug":"yhteystiedot","status":"publish","type":"page","link":"https:\/\/blog.edu.turku.fi\/luolavuori\/yhteystiedot\/","title":{"rendered":"Yhteystiedot"},"content":{"rendered":"<p><span style=\"text-decoration: underline\"><strong>Luolavuoren koulu<\/strong><\/span><br \/>\nRuiskatu 8<br \/>\n20720 TURKU<br \/>\npuh. 044\u00a0907 2000<\/p>\n<p><strong>Rehtori<\/strong> <span class=\"baec5a81-e4d6-4674-97f3-e9220f0136c1\">Hanna-Mari Lehto-S\u00f6derlund puh. 044 907 5161<\/span><br \/>\n<strong>Apulaisrehtori<\/strong> Mikko Hirvonen puh.\u00a0044 907 4632<\/p>\n<p><strong>Koulusihteeri<\/strong> Hanna Kuusisto puh. 044\u00a0907 2000<\/p>\n<p><strong>Kuljetusvastaavat<\/strong><br \/>\nKuljetusvastaava Marja-Leena Lehtonen (puh. 050 4323 695) on virkavapaalla 22.1.2026 alkaen.<br \/>\nSijaisena toimii Miia-Maria Nurmi (puh. 0406602234).<\/p>\n<p><strong>Oppilaanohjaaja<\/strong> Katariina Ruusunen-Nurmio puh. 044 907 4645<\/p>\n<p>Koulun henkil\u00f6kunnan s\u00e4hk\u00f6postiosoitteet ovat muotoa: <strong><u><span style=\"color: #3366ff\">etunimi.sukunimi@edu.turku.fi<\/span><\/u><\/strong><\/p>\n<p><strong><span style=\"text-decoration: underline\">Oppilashuolto<\/span><\/strong><\/p>\n<p><strong>Koulupsykologi<\/strong> Anna Frusti puh. 040 7217 490<\/p>\n<p><strong>Koulukuraattori <\/strong>Jenny Lempi\u00e4inen puh. 040 5731 456<\/p>\n<p><strong>Terveydenhoitaja (Isot luokat)<\/strong> Anne-Mari S\u00f6derdahl 040 635 2751<\/p>\n<p><strong>Terveydenhoitaja (Pienluokat)<\/strong> Julia Egutkina puh. 044 907 3229<\/p>\n<p><strong>Psykiatrinen sairaanhoitaja<\/strong> Jonna Sorri puh. 044 7240365 (paikalla to klo 12.00-15.30 pe klo 9.00-15.00)<\/p>\n<p>Oppilashuollon henkil\u00f6kunnan s\u00e4hk\u00f6postiosoitteet ovat muotoa: <strong><u><span style=\"color: #3366ff\">etunimi.sukunimi@varha.fi<br \/>\n<\/span><\/u><\/strong><\/p>\n<h3><strong>Yksik\u00f6iden henkil\u00f6kunta ja yhteystiedot<\/strong><\/h3>\n<ul>\n<li><a title=\"Luolavuorentien yksik\u00f6n yhteystiedot\" href=\"https:\/\/blog.edu.turku.fi\/luolavuori\/yhteystiedot\/ruiskadun_yhteystiedot\/\">Ruiskatu<\/a><\/li>\n<li><a title=\"Piiparin yksik\u00f6n yhteystiedot\" href=\"https:\/\/blog.edu.turku.fi\/luolavuori\/yhteystiedot\/piiparinyhteystiedot\/\">Piiparinpolku<\/a><\/li>\n<li><a href=\"https:\/\/blog.edu.turku.fi\/luolavuori\/yhteystiedot\/inkilanyhteystiedot\/\">Raadinkatu<\/a><\/li>\n<\/ul>\n","protected":false},"excerpt":{"rendered":"<p>Luolavuoren koulu Ruiskatu 8 20720 TURKU puh. 044\u00a0907 2000 Rehtori Hanna-Mari Lehto-S\u00f6derlund puh. 044 907 5161 Apulaisrehtori Mikko Hirvonen puh.\u00a0044 907 4632 Koulusihteeri Hanna Kuusisto puh. 044\u00a0907 2000 Kuljetusvastaavat Kuljetusvastaava Marja-Leena Lehtonen (puh. 050 4323 695) on virkavapaalla 22.1.2026 alkaen. Sijaisena toimii Miia-Maria Nurmi (puh. 0406602234). Oppilaanohjaaja Katariina Ruusunen-Nurmio puh. 044 907 4645 Koulun henkil\u00f6kunnan &hellip; <a href=\"https:\/\/blog.edu.turku.fi\/luolavuori\/yhteystiedot\/\" class=\"more-link\">Jatka lukemista<span class=\"screen-reader-text\"> &#8221;Yhteystiedot&#8221;<\/span><\/a><\/p>\n","protected":false},"author":3228,"featured_media":0,"parent":0,"menu_order":1,"comment_status":"closed","ping_status":"closed","template":"","meta":{"footnotes":""},"class_list":["post-40","page","type-page","status-publish","hentry"],"_links":{"self":[{"href":"https:\/\/blog.edu.turku.fi\/luolavuori\/wp-json\/wp\/v2\/pages\/40","targetHints":{"allow":["GET"]}}],"collection":[{"href":"https:\/\/blog.edu.turku.fi\/luolavuori\/wp-json\/wp\/v2\/pages"}],"about":[{"href":"https:\/\/blog.edu.turku.fi\/luolavuori\/wp-json\/wp\/v2\/types\/page"}],"author":[{"embeddable":true,"href":"https:\/\/blog.edu.turku.fi\/luolavuori\/wp-json\/wp\/v2\/users\/3228"}],"replies":[{"embeddable":true,"href":"https:\/\/blog.edu.turku.fi\/luolavuori\/wp-json\/wp\/v2\/comments?post=40"}],"version-history":[{"count":95,"href":"https:\/\/blog.edu.turku.fi\/luolavuori\/wp-json\/wp\/v2\/pages\/40\/revisions"}],"predecessor-version":[{"id":2800,"href":"https:\/\/blog.edu.turku.fi\/luolavuori\/wp-json\/wp\/v2\/pages\/40\/revisions\/2800"}],"wp:attachment":[{"href":"https:\/\/blog.edu.turku.fi\/luolavuori\/wp-json\/wp\/v2\/media?parent=40"}],"curies":[{"name":"wp","href":"https:\/\/api.w.org\/{rel}","templated":true}]}}