{"id":396,"date":"2014-03-18T12:53:07","date_gmt":"2014-03-18T10:53:07","guid":{"rendered":"https:\/\/blog.edu.turku.fi\/luolavuori\/?page_id=396"},"modified":"2025-04-23T09:14:26","modified_gmt":"2025-04-23T06:14:26","slug":"sope","status":"publish","type":"page","link":"https:\/\/blog.edu.turku.fi\/luolavuori\/muu_toiminta\/opetustatukevatoiminta\/sope\/","title":{"rendered":"OPPILASHUOLTO"},"content":{"rendered":"<p><strong>Koulupsykologi<\/strong> Anna Frusti<br \/>\nYhteydenotot Wilman kautta tai puhelimitse 040 7217 490<\/p>\n<p><strong>Koulukuraattori <\/strong>Jenny Lempi\u00e4inen<br \/>\nYhteydenotot Wilman kautta tai puhelimitse 040 5731 456<\/p>\n<p><strong>Terveydenhoitaja (Isot luokat)<\/strong> Anne-Mari S\u00f6derdahl puh. 040 635 2751<br \/>\n<strong>Terveydenhoitaja (Pienluokat)<\/strong> Julia Egutkina puh. 044 907 3229<\/p>\n<p>Oppilashuollon henkil\u00f6kunnan s\u00e4hk\u00f6postiosoitteet ovat muotoa: <strong><u>etunimi.sukunimi@varha.fi<\/u><\/strong><\/p>\n<p>&nbsp;<\/p>\n<h3><strong>Koulukuraattori auttaa seuraavissa asioissa:<\/strong><\/h3>\n<ul>\n<li>motivaatio<\/li>\n<li>poissaolot<\/li>\n<li>keskittymisvaikeudet<\/li>\n<li>kiusaaminen<\/li>\n<li>yksin\u00e4isyys<\/li>\n<li>tunteiden hallinta<\/li>\n<li>kaverisuhteet.<\/li>\n<\/ul>\n<p>Koulukuraattoriin saa yhteytt\u00e4 puhelimitse ja Wilman kautta.<br \/>\n<a class=\"link--external\" href=\"https:\/\/www.varha.fi\/fi\/palvelut\/opiskeluhuollon-kuraattoritoiminta\" target=\"_blank\" rel=\"noopener noreferrer\">Koulukuraattorit Turussa (varha.fi).<\/a><\/p>\n<h3><strong>Koulupsykologiin voi olla yhteydess\u00e4, kun mielt\u00e4 painavat:<\/strong><\/h3>\n<ul>\n<li>stressi<\/li>\n<li>alakuloisuus<\/li>\n<li>ahdistuneisuus<\/li>\n<li>univaikeudet<\/li>\n<li>oppimis- ja keskittymisvaikeudet<\/li>\n<li>Yhteytt\u00e4 voi ottaa oppilas tai opiskelija itse, huoltajat, koulun henkil\u00f6st\u00f6 ja muut yhteisty\u00f6kumppanit.<\/li>\n<\/ul>\n<p>Koulupsykologiin\u00a0saa yhteytt\u00e4 puhelimitse ja Wilman kautta.<br \/>\n<a class=\"link--external\" href=\"https:\/\/www.varha.fi\/fi\/palvelut\/opiskeluhuollon-psykologin-palvelut\" target=\"_blank\" rel=\"noopener noreferrer\">Koulupsykologit Turussa (varha.fi).<\/a><\/p>\n<h3><strong>Terveydenhoitajaan\u00a0voi olla yhteydess\u00e4, kun haluat puhua n\u00e4ist\u00e4:<\/strong><\/h3>\n<ul>\n<li>kasvu ja kehitys<\/li>\n<li>uni ja nukkuminen<\/li>\n<li>ravinto\/sy\u00f6minen<\/li>\n<li>liikunta<\/li>\n<li>mieliala<\/li>\n<li>terveystarkastukset<\/li>\n<li>rokotukset.<\/li>\n<\/ul>\n<p>Kouluterveydenhoitajiin saa yhteytt\u00e4 puhelimitse ja Wilman kautta.<br \/>\n<a class=\"link--external\" href=\"https:\/\/www.varha.fi\/fi\/palvelut\/kouluterveydenhuollon-palvelut\" target=\"_blank\" rel=\"noopener noreferrer\">Kouluterveydenhoitajat\u00a0Turussa (Varha.fi)<\/a><\/p>\n<p><strong>\u00a0<\/strong><\/p>\n<p>Ty\u00f6ntekij\u00e4t tukevat oppilaiden <strong>oppimista, koulunk\u00e4ynti\u00e4 ja hyvinvointia<\/strong> yhdess\u00e4 kodin ja koulun henkil\u00f6kunnan kanssa. \u00a0Ty\u00f6ntekij\u00e4t osallistuvat osaltaan oppilaiden tuen ja hyvinvoinnin edist\u00e4misen suunnittelemiseen ja kehitt\u00e4miseen koulussamme.\u00a0 Ty\u00f6n l\u00e4ht\u00f6kohtina ovat <strong>ennaltaehk\u00e4isy, yhteis\u00f6llisyys ja yhteisty\u00f6<\/strong>.<\/p>\n<p>Vanhemmilla ja koulun henkil\u00f6kunnalla on mahdollisuus konsultoida ty\u00f6ntekij\u00f6it\u00e4 oppilaiden asioihin liittyen.<\/p>\n<p><img decoding=\"async\" style=\"max-width: 100%;height: auto\" src=\"https:\/\/blog.edu.turku.fi\/luolavuori\/files\/2025\/04\/Poissaolojen-malli.png\" alt=\"\u2022 Jokaisen oppilaan tilanne huomioidaan yksil\u00f6llisesti poissaolorajojen ylittyess\u00e4 ja k\u00e4yd\u00e4\u00e4n l\u00e4pi poissaolojen syit\u00e4. Samalla selvitet\u00e4\u00e4n poissaolojen vaikutus opiskeluun ja mahdollisen lis\u00e4tuen tarve. \u2022 Luokanopettajan\/-ohjaajan tekem\u00e4n tilannearvion mukaan sovitaan yhdess\u00e4 oppilaan ja huoltajan kanssa toimenpiteist\u00e4 ja seurannasta. \u2022 Oppilaan koulunk\u00e4ynti\u00e4 ja oppimista tuetaan tarpeen mukaan yhteisty\u00f6ss\u00e4 opiskeluhuoltohenkil\u00f6st\u00f6n kanssa. \u2022 MAR-palaveri j\u00e4rjestet\u00e4\u00e4n opettajan tilannearvion mukaisesti ja tarpeen vaatiessa\" \/><\/p>\n<p>&nbsp;<\/p>\n<p>&nbsp;<\/p>\n<p>&nbsp;<\/p>\n","protected":false},"excerpt":{"rendered":"<p>Koulupsykologi Anna Frusti Yhteydenotot Wilman kautta tai puhelimitse 040 7217 490 Koulukuraattori Jenny Lempi\u00e4inen Yhteydenotot Wilman kautta tai puhelimitse 040 5731 456 Terveydenhoitaja (Isot luokat) Anne-Mari S\u00f6derdahl puh. 040 635 2751 Terveydenhoitaja (Pienluokat) Julia Egutkina puh. 044 907 3229 Oppilashuollon henkil\u00f6kunnan s\u00e4hk\u00f6postiosoitteet ovat muotoa: etunimi.sukunimi@varha.fi &nbsp; Koulukuraattori auttaa seuraavissa asioissa: motivaatio poissaolot keskittymisvaikeudet kiusaaminen yksin\u00e4isyys &hellip; <a href=\"https:\/\/blog.edu.turku.fi\/luolavuori\/muu_toiminta\/opetustatukevatoiminta\/sope\/\" class=\"more-link\">Jatka lukemista<span class=\"screen-reader-text\"> &#8221;OPPILASHUOLTO&#8221;<\/span><\/a><\/p>\n","protected":false},"author":3228,"featured_media":0,"parent":114,"menu_order":0,"comment_status":"closed","ping_status":"closed","template":"","meta":{"footnotes":""},"class_list":["post-396","page","type-page","status-publish","hentry"],"_links":{"self":[{"href":"https:\/\/blog.edu.turku.fi\/luolavuori\/wp-json\/wp\/v2\/pages\/396","targetHints":{"allow":["GET"]}}],"collection":[{"href":"https:\/\/blog.edu.turku.fi\/luolavuori\/wp-json\/wp\/v2\/pages"}],"about":[{"href":"https:\/\/blog.edu.turku.fi\/luolavuori\/wp-json\/wp\/v2\/types\/page"}],"author":[{"embeddable":true,"href":"https:\/\/blog.edu.turku.fi\/luolavuori\/wp-json\/wp\/v2\/users\/3228"}],"replies":[{"embeddable":true,"href":"https:\/\/blog.edu.turku.fi\/luolavuori\/wp-json\/wp\/v2\/comments?post=396"}],"version-history":[{"count":28,"href":"https:\/\/blog.edu.turku.fi\/luolavuori\/wp-json\/wp\/v2\/pages\/396\/revisions"}],"predecessor-version":[{"id":2686,"href":"https:\/\/blog.edu.turku.fi\/luolavuori\/wp-json\/wp\/v2\/pages\/396\/revisions\/2686"}],"up":[{"embeddable":true,"href":"https:\/\/blog.edu.turku.fi\/luolavuori\/wp-json\/wp\/v2\/pages\/114"}],"wp:attachment":[{"href":"https:\/\/blog.edu.turku.fi\/luolavuori\/wp-json\/wp\/v2\/media?parent=396"}],"curies":[{"name":"wp","href":"https:\/\/api.w.org\/{rel}","templated":true}]}}