{"id":2712,"date":"2025-04-23T12:24:08","date_gmt":"2025-04-23T09:24:08","guid":{"rendered":"https:\/\/blog.edu.turku.fi\/luolavuori\/?page_id=2712"},"modified":"2025-04-25T13:14:29","modified_gmt":"2025-04-25T10:14:29","slug":"sijaiselle","status":"publish","type":"page","link":"https:\/\/blog.edu.turku.fi\/luolavuori\/sijaiselle\/","title":{"rendered":"Sijaiselle"},"content":{"rendered":"<h2>Meille t\u00f6ihin?<\/h2>\n<p><span data-contrast=\"auto\">Olisitko juuri sin\u00e4 halukas toimimaan sijaisena tai tulemaan harjoitteluun koulullemme ja tuomaan uutta osaamista Luolavuoren kouluun?<\/span><span data-ccp-props=\"{&quot;335551550&quot;:6,&quot;335551620&quot;:6}\">\u00a0<\/span><\/p>\n<p><span data-contrast=\"auto\">Luolavuoren koulu on yksi Turun suurimmista kouluista. Meill\u00e4 opiskelee yleisopetuksessa, yksil\u00f6llistetyss\u00e4 opetuksessa ja toiminta-alueittain opetuksessa noin 500 oppilasta. Opetusta annamme vuosiluokilla 1\u20139 ja toimimme kolmessa eri yksik\u00f6ss\u00e4: Ruiskatu, Piiparinpolku ja Raadinkatu. Luolavuoren koulussa jokainen saa olla oma itsens\u00e4; huomioimme oppilaiden taidot ja yksil\u00f6lliset tuen tarpeet. Yleis- ja pienluokkien v\u00e4linen yhteisty\u00f6 mahdollistaa joustavat opetusryhm\u00e4t ja yksil\u00f6llisen opetuksen.<\/span><span data-ccp-props=\"{&quot;335551550&quot;:6,&quot;335551620&quot;:6}\">\u00a0<\/span><\/p>\n<p><span data-contrast=\"auto\">Henkil\u00f6st\u00f6\u00e4 yksik\u00f6iss\u00e4 on yhteens\u00e4 noin 160, joista 58 on opettajia. Meid\u00e4n koulussamme t\u00f6it\u00e4 ei tosiaankaan tarvitse tehd\u00e4 yksin!<\/span><span data-ccp-props=\"{&quot;335551550&quot;:6,&quot;335551620&quot;:6}\">\u00a0<\/span><\/p>\n<p><span data-contrast=\"auto\">Meill\u00e4 ty\u00f6skentelee luokanopettajia, erityisluokanopettajia, erityisopettajia, aineenopettajia sek\u00e4 paljon koulunk\u00e4ynninohjaajia. Jos sinulla olisi halukkuutta toimia sijaisena silloin t\u00e4ll\u00f6in, kaipaat harjoittelupaikkaa tai pystyisit tekem\u00e4\u00e4n aktiivisestikin sijaisuuksia, <strong>ole rohkeasti yhteydess\u00e4! <\/strong><\/span><span data-ccp-props=\"{&quot;335551550&quot;:6,&quot;335551620&quot;:6}\">\u00a0<\/span><\/p>\n<h2>Miksi Luolavuoreen?<\/h2>\n<p>Olet tervetullut sijaistamaan luonamme joko koulunk\u00e4ynnin ohjaajana tai opettajana. Koulumme suuren henkil\u00f6kuntam\u00e4\u00e4r\u00e4n takia tarvitsemme luonnollisesti my\u00f6s suuren m\u00e4\u00e4r\u00e4n sijaisia. Koulumme tarjoaa kattavasti erilaisia ty\u00f6teht\u00e4vi\u00e4 aktiiviselle sijaiselle.<\/p>\n<p>Meill\u00e4 on mahdollista kerrytt\u00e4\u00e4 osaamista ja kokemusta erityispedagogiikan saralla. Olet sitten suuntautumassa koulunk\u00e4ynnin ohjaajaksi, luokanopettajaksi tai erityisopettajaksi, uskomme ett\u00e4 koulumme tarjoaa sinulle arvokasta osaamista tulevaisuuteen. Meill\u00e4 on vuosittain t\u00f6iss\u00e4 my\u00f6s paljon ihmisi\u00e4, jotka suuntaavat muille aloille.<\/p>\n<p><strong>Hei opettajaksi opiskeleva!<\/strong> Meille on mahdollista ilmoittautua my\u00f6s tekem\u00e4\u00e4n ensiksi ohjaajan sijaisuuksia. T\u00e4ll\u00e4 tavalla voit tutustua koulumme toimintaan eri n\u00e4k\u00f6kulmasta.<\/p>\n<p><span data-contrast=\"auto\">Luolavuoren koulu &#8211; hyvi\u00e4 tarinoita.<\/span><span data-ccp-props=\"{&quot;335551550&quot;:6,&quot;335551620&quot;:6}\">\u00a0<\/span><\/p>\n<p>&nbsp;<\/p>\n<p><span data-contrast=\"auto\">Yhteystiedot:<\/span><span data-ccp-props=\"{&quot;335551550&quot;:6,&quot;335551620&quot;:6}\"><br \/>\n<\/span><span data-contrast=\"auto\">rehtori Hanna-Mari Lehto-S\u00f6derlund<\/span><span data-ccp-props=\"{&quot;335559739&quot;:0}\"><br \/>\n<\/span><span data-contrast=\"auto\">044\u202f907 5161<\/span><span data-ccp-props=\"{&quot;335559739&quot;:0}\"><br \/>\n<\/span><a href=\"mailto:hanna-mari.lehto-soderlund@edu.turku.fi\"><span data-contrast=\"none\">hanna-mari.lehto-soderlund@edu.turku.fi<\/span><\/a><span data-ccp-props=\"{&quot;335559739&quot;:0}\">\u00a0<\/span><\/p>\n<p><span data-ccp-props=\"{&quot;335559739&quot;:0}\">\u00a0<\/span><\/p>\n<p>&nbsp;<\/p>\n","protected":false},"excerpt":{"rendered":"<p>Meille t\u00f6ihin? Olisitko juuri sin\u00e4 halukas toimimaan sijaisena tai tulemaan harjoitteluun koulullemme ja tuomaan uutta osaamista Luolavuoren kouluun?\u00a0 Luolavuoren koulu on yksi Turun suurimmista kouluista. Meill\u00e4 opiskelee yleisopetuksessa, yksil\u00f6llistetyss\u00e4 opetuksessa ja toiminta-alueittain opetuksessa noin 500 oppilasta. Opetusta annamme vuosiluokilla 1\u20139 ja toimimme kolmessa eri yksik\u00f6ss\u00e4: Ruiskatu, Piiparinpolku ja Raadinkatu. Luolavuoren koulussa jokainen saa olla oma &hellip; <a href=\"https:\/\/blog.edu.turku.fi\/luolavuori\/sijaiselle\/\" class=\"more-link\">Jatka lukemista<span class=\"screen-reader-text\"> &#8221;Sijaiselle&#8221;<\/span><\/a><\/p>\n","protected":false},"author":3231,"featured_media":0,"parent":0,"menu_order":0,"comment_status":"closed","ping_status":"closed","template":"","meta":{"footnotes":""},"class_list":["post-2712","page","type-page","status-publish","hentry"],"_links":{"self":[{"href":"https:\/\/blog.edu.turku.fi\/luolavuori\/wp-json\/wp\/v2\/pages\/2712","targetHints":{"allow":["GET"]}}],"collection":[{"href":"https:\/\/blog.edu.turku.fi\/luolavuori\/wp-json\/wp\/v2\/pages"}],"about":[{"href":"https:\/\/blog.edu.turku.fi\/luolavuori\/wp-json\/wp\/v2\/types\/page"}],"author":[{"embeddable":true,"href":"https:\/\/blog.edu.turku.fi\/luolavuori\/wp-json\/wp\/v2\/users\/3231"}],"replies":[{"embeddable":true,"href":"https:\/\/blog.edu.turku.fi\/luolavuori\/wp-json\/wp\/v2\/comments?post=2712"}],"version-history":[{"count":3,"href":"https:\/\/blog.edu.turku.fi\/luolavuori\/wp-json\/wp\/v2\/pages\/2712\/revisions"}],"predecessor-version":[{"id":2757,"href":"https:\/\/blog.edu.turku.fi\/luolavuori\/wp-json\/wp\/v2\/pages\/2712\/revisions\/2757"}],"wp:attachment":[{"href":"https:\/\/blog.edu.turku.fi\/luolavuori\/wp-json\/wp\/v2\/media?parent=2712"}],"curies":[{"name":"wp","href":"https:\/\/api.w.org\/{rel}","templated":true}]}}