{"id":2645,"date":"2025-04-07T09:40:32","date_gmt":"2025-04-07T06:40:32","guid":{"rendered":"https:\/\/blog.edu.turku.fi\/luolavuori\/?page_id=2645"},"modified":"2026-04-09T08:29:22","modified_gmt":"2026-04-09T05:29:22","slug":"etusivu","status":"publish","type":"page","link":"https:\/\/blog.edu.turku.fi\/luolavuori\/","title":{"rendered":"Etusivu"},"content":{"rendered":"<h2><b><span data-contrast=\"auto\">Luolavuoren koulu<\/span><\/b><span data-ccp-props=\"{}\">\u00a0<\/span><\/h2>\n<p><span data-contrast=\"auto\">Luolavuoren koulu on yleisopetuksen ja erityisopetuksen yhten\u00e4iskoulu. Koulu toimii l\u00e4hikouluna Luolavuoren asuinalueen 1\u20136 vuosiluokkien oppilaille sek\u00e4 keskitetyn palvelun kouluna kaikille turkulaisille pienluokkaa tarvitseville oppilaille vuosiluokilla 1\u20139.\u00a0 Koulu toimii kolmessa toimipisteess\u00e4: Ruiskatu, Piiparinpolku ja Raadinkatu.\u00a0<\/span><span data-ccp-props=\"{&quot;335551550&quot;:6,&quot;335551620&quot;:6}\">\u00a0<\/span><\/p>\n<ul>\n<li data-leveltext=\"\uf0b7\" data-font=\"Symbol\" data-listid=\"4\" data-list-defn-props=\"{&quot;335552541&quot;:1,&quot;335559685&quot;:720,&quot;335559991&quot;:360,&quot;469769226&quot;:&quot;Symbol&quot;,&quot;469769242&quot;:[8226],&quot;469777803&quot;:&quot;left&quot;,&quot;469777804&quot;:&quot;\uf0b7&quot;,&quot;469777815&quot;:&quot;hybridMultilevel&quot;}\" data-aria-posinset=\"1\" data-aria-level=\"1\"><span data-contrast=\"auto\">Luolavuoren koulu on yleis- ja erityisopetuksen moniosaaja.<\/span><span data-ccp-props=\"{&quot;335551550&quot;:6,&quot;335551620&quot;:6}\">\u00a0<\/span><\/li>\n<\/ul>\n<ul>\n<li data-leveltext=\"\uf0b7\" data-font=\"Symbol\" data-listid=\"4\" data-list-defn-props=\"{&quot;335552541&quot;:1,&quot;335559685&quot;:720,&quot;335559991&quot;:360,&quot;469769226&quot;:&quot;Symbol&quot;,&quot;469769242&quot;:[8226],&quot;469777803&quot;:&quot;left&quot;,&quot;469777804&quot;:&quot;\uf0b7&quot;,&quot;469777815&quot;:&quot;hybridMultilevel&quot;}\" data-aria-posinset=\"2\" data-aria-level=\"1\"><span data-contrast=\"auto\">Yleis- ja pienluokkien v\u00e4linen yhteisty\u00f6 mahdollistaa joustavat opetusryhm\u00e4t ja yksil\u00f6llisen opetuksen.<\/span><span data-ccp-props=\"{&quot;335551550&quot;:6,&quot;335551620&quot;:6}\">\u00a0<\/span><\/li>\n<\/ul>\n<ul>\n<li data-leveltext=\"\uf0b7\" data-font=\"Symbol\" data-listid=\"4\" data-list-defn-props=\"{&quot;335552541&quot;:1,&quot;335559685&quot;:720,&quot;335559991&quot;:360,&quot;469769226&quot;:&quot;Symbol&quot;,&quot;469769242&quot;:[8226],&quot;469777803&quot;:&quot;left&quot;,&quot;469777804&quot;:&quot;\uf0b7&quot;,&quot;469777815&quot;:&quot;hybridMultilevel&quot;}\" data-aria-posinset=\"3\" data-aria-level=\"1\"><span data-contrast=\"auto\">Oppilaiden osallisuus koulun toiminnassa ja sen kehitt\u00e4misess\u00e4 on meille syd\u00e4menasia.<\/span><span data-ccp-props=\"{&quot;335551550&quot;:6,&quot;335551620&quot;:6}\">\u00a0<\/span><\/li>\n<\/ul>\n<ul>\n<li data-leveltext=\"\uf0b7\" data-font=\"Symbol\" data-listid=\"4\" data-list-defn-props=\"{&quot;335552541&quot;:1,&quot;335559685&quot;:720,&quot;335559991&quot;:360,&quot;469769226&quot;:&quot;Symbol&quot;,&quot;469769242&quot;:[8226],&quot;469777803&quot;:&quot;left&quot;,&quot;469777804&quot;:&quot;\uf0b7&quot;,&quot;469777815&quot;:&quot;hybridMultilevel&quot;}\" data-aria-posinset=\"4\" data-aria-level=\"1\"><span data-contrast=\"auto\">Tunne- ja turvataidot ovat keskeinen oppilaan koulunk\u00e4ynti\u00e4 tukeva asia.<\/span><span data-ccp-props=\"{&quot;335551550&quot;:6,&quot;335551620&quot;:6}\">\u00a0<\/span><\/li>\n<\/ul>\n<p><span data-ccp-props=\"{&quot;335551550&quot;:6,&quot;335551620&quot;:6}\">\u00a0<\/span><\/p>\n<h6><b><span data-contrast=\"auto\">Oppilaiden yksil\u00f6llisyyden huomioimisesta syntyy onnistuneita oppimistarinoita.<\/span><\/b><span data-ccp-props=\"{&quot;335551550&quot;:6,&quot;335551620&quot;:6}\">\u00a0<\/span><\/h6>\n<p>&nbsp;<\/p>\n<h5><b data-olk-copy-source=\"MessageBody\">Ajankohtaista<\/b><\/h5>\n<div>\n<p><b><span data-olk-copy-source=\"MessageBody\">Kouluun ilmoittautumisen aikataulut<\/span><\/b>\u00a0(<a title=\"https:\/\/www.turku.fi\/perusopetus\/kouluun-ilmoittautuminen\" href=\"https:\/\/www.turku.fi\/perusopetus\/kouluun-ilmoittautuminen\" target=\"_blank\" rel=\"noopener noreferrer\" data-auth=\"NotApplicable\" data-linkindex=\"0\">Kouluun ilmoittautuminen | Turku.fi<\/a>)<\/p>\n<\/div>\n<div>\n<p><b>Ensisijainen haku<\/b><br \/>\nOppivelvollisuuslomake t\u00e4ytet\u00e4\u00e4n Wilmassa\u00a017.12.2025 menness\u00e4.<\/p>\n<p><strong>Koulutulokkaiden tutustumisp\u00e4iv\u00e4\u00a0\u00a0<\/strong><br \/>\nPiiparinpolun yksikk\u00f6: 5.5.2026 klo 9.00-10.30<br \/>\nRuiskadun yksikk\u00f6: 7.5.2026 klo 9.00-10.30<\/p>\n<p><b>Hakeminen muuhun kuin l\u00e4hikouluun<\/b><br \/>\n31.3.\u201314.4.2026 v\u00e4lisen\u00e4 aikana Wilmassa.<\/p>\n<p><b>P\u00e4\u00e4t\u00f6s koulupaikasta<\/b><br \/>\n31.3.2026<\/p>\n<p><b>Kieliluokille hakeminen<\/b>\u00a0<a title=\"https:\/\/www.turku.fi\/perusopetus\/perusopetuksen-kieliluokat\" href=\"https:\/\/www.turku.fi\/perusopetus\/perusopetuksen-kieliluokat\" target=\"_blank\" rel=\"noopener noreferrer\" data-auth=\"NotApplicable\" data-linkindex=\"1\">Perusopetuksen kieliluokat | Turku.fi<\/a><br \/>\nKieliluokille haetaan Wilmassa 12.12.2025 menness\u00e4<br \/>\nJos hakijalla ei ole Wilman k\u00e4ytt\u00f6oikeutta, hakemus l\u00e4hetet\u00e4\u00e4n osoitteeseen\u00a0<a title=\"mailto:perusopetus@turku.fi\" href=\"mailto:perusopetus@turku.fi\" data-linkindex=\"2\">perusopetus@turku.fi<\/a>.<\/p>\n<p><b>Kieliluokkien informaatioillat<\/b><br \/>\n25.11. klo 18 V\u00e4h\u00e4-Heikkil\u00e4n koulu\u00a0(ranska)\u00a0<a title=\"https:\/\/blog.edu.turku.fi\/vahaheikkila\/\" href=\"https:\/\/blog.edu.turku.fi\/vahaheikkila\/\" target=\"_blank\" rel=\"noopener noreferrer\" data-auth=\"NotApplicable\" data-linkindex=\"3\"><i>https:\/\/blog.edu.turku.fi\/vahaheikkila\/<\/i><\/a><\/p>\n<p>27.11. klo 18 Puolalan koulu, Kauppiaskatu (englanti, saksa)\u00a0<a title=\"https:\/\/blog.edu.turku.fi\/puolala\/\" href=\"https:\/\/blog.edu.turku.fi\/puolala\/\" target=\"_blank\" rel=\"noopener noreferrer\" data-auth=\"NotApplicable\" data-linkindex=\"4\"><i>https:\/\/blog.edu.turku.fi\/puolala\/<\/i><\/a><\/p>\n<p>2.12. klo 18 Luostarivuoren koulu, Martin yksikk\u00f6 (ruotsi)\u00a0<a title=\"https:\/\/blog.edu.turku.fi\/luostarivuori\/\" href=\"https:\/\/blog.edu.turku.fi\/luostarivuori\/\" target=\"_blank\" rel=\"noopener noreferrer\" data-auth=\"NotApplicable\" data-linkindex=\"5\">https:\/\/blog.edu.turku.fi\/luostarivuori\/<\/a><\/p>\n<p>3.12. klo 18.45 W\u00e4in\u00f6 Aaltosen koulu (englanti)\u00a0\u00a0<a title=\"https:\/\/blog.edu.turku.fi\/wa\/\" href=\"https:\/\/blog.edu.turku.fi\/wa\/\" target=\"_blank\" rel=\"noopener noreferrer\" data-auth=\"NotApplicable\" data-linkindex=\"6\">https:\/\/blog.edu.turku.fi\/wa\/<\/a>\u00a0(HUOM! Info pidet\u00e4\u00e4n Syv\u00e4lahden koulussa)<\/p>\n<p>4.12. klo 18 Turun kansainv\u00e4linen koulu (englanti)\u00a0<a title=\"https:\/\/sites.utu.fi\/tis\/\" href=\"https:\/\/sites.utu.fi\/tis\/\" target=\"_blank\" rel=\"noopener noreferrer\" data-auth=\"NotApplicable\" data-linkindex=\"7\"><i>https:\/\/sites.utu.fi\/tis\/<\/i><\/a><\/p>\n<p>26.11. klo 18 Turun Normaalikoulu (englanti)\u00a0<a title=\"https:\/\/sites.utu.fi\/tnk\/\" href=\"https:\/\/sites.utu.fi\/tnk\/\" target=\"_blank\" rel=\"noopener noreferrer\" data-auth=\"NotApplicable\" data-linkindex=\"8\"><i>https:\/\/sites.utu.fi\/tnk\/<\/i><\/a><\/p>\n<p aria-hidden=\"true\">\n<\/div>\n<div>\n<p><b>Kielitestit<br \/>\n<\/b>Kutsut kieliluokkatesteihin l\u00e4hetet\u00e4\u00e4n huoltajan antamaan s\u00e4hk\u00f6postiin 12.1.2026.<\/p>\n<p>Kieliluokkatestit pidet\u00e4\u00e4n 22.1.-6.2.2026\u00a0Turun yliopistolla.<\/p>\n<p><b>P\u00e4\u00e4t\u00f6s kieliluokkapaikasta<\/b><br \/>\n31.3.2026.<\/p>\n<p><b>\u00a0<\/b><\/p>\n<\/div>\n<p>&nbsp;<\/p>\n","protected":false},"excerpt":{"rendered":"<p>Luolavuoren koulu\u00a0 Luolavuoren koulu on yleisopetuksen ja erityisopetuksen yhten\u00e4iskoulu. Koulu toimii l\u00e4hikouluna Luolavuoren asuinalueen 1\u20136 vuosiluokkien oppilaille sek\u00e4 keskitetyn palvelun kouluna kaikille turkulaisille pienluokkaa tarvitseville oppilaille vuosiluokilla 1\u20139.\u00a0 Koulu toimii kolmessa toimipisteess\u00e4: Ruiskatu, Piiparinpolku ja Raadinkatu.\u00a0\u00a0 Luolavuoren koulu on yleis- ja erityisopetuksen moniosaaja.\u00a0 Yleis- ja pienluokkien v\u00e4linen yhteisty\u00f6 mahdollistaa joustavat opetusryhm\u00e4t ja yksil\u00f6llisen opetuksen.\u00a0 Oppilaiden &hellip; <a href=\"https:\/\/blog.edu.turku.fi\/luolavuori\/\" class=\"more-link\">Jatka lukemista<span class=\"screen-reader-text\"> &#8221;Etusivu&#8221;<\/span><\/a><\/p>\n","protected":false},"author":3231,"featured_media":0,"parent":0,"menu_order":0,"comment_status":"closed","ping_status":"closed","template":"","meta":{"footnotes":""},"class_list":["post-2645","page","type-page","status-publish","hentry"],"_links":{"self":[{"href":"https:\/\/blog.edu.turku.fi\/luolavuori\/wp-json\/wp\/v2\/pages\/2645","targetHints":{"allow":["GET"]}}],"collection":[{"href":"https:\/\/blog.edu.turku.fi\/luolavuori\/wp-json\/wp\/v2\/pages"}],"about":[{"href":"https:\/\/blog.edu.turku.fi\/luolavuori\/wp-json\/wp\/v2\/types\/page"}],"author":[{"embeddable":true,"href":"https:\/\/blog.edu.turku.fi\/luolavuori\/wp-json\/wp\/v2\/users\/3231"}],"replies":[{"embeddable":true,"href":"https:\/\/blog.edu.turku.fi\/luolavuori\/wp-json\/wp\/v2\/comments?post=2645"}],"version-history":[{"count":15,"href":"https:\/\/blog.edu.turku.fi\/luolavuori\/wp-json\/wp\/v2\/pages\/2645\/revisions"}],"predecessor-version":[{"id":2802,"href":"https:\/\/blog.edu.turku.fi\/luolavuori\/wp-json\/wp\/v2\/pages\/2645\/revisions\/2802"}],"wp:attachment":[{"href":"https:\/\/blog.edu.turku.fi\/luolavuori\/wp-json\/wp\/v2\/media?parent=2645"}],"curies":[{"name":"wp","href":"https:\/\/api.w.org\/{rel}","templated":true}]}}