{"id":251,"date":"2014-01-27T15:08:48","date_gmt":"2014-01-27T13:08:48","guid":{"rendered":"https:\/\/blog.edu.turku.fi\/luolavuori\/?page_id=251"},"modified":"2025-04-24T09:15:06","modified_gmt":"2025-04-24T06:15:06","slug":"koirat","status":"publish","type":"page","link":"https:\/\/blog.edu.turku.fi\/luolavuori\/muu_toiminta\/opetustatukevatoiminta\/koirat\/","title":{"rendered":"Kasvatus- ja kuntoutuskoirat"},"content":{"rendered":"<div>\n<h5><b data-olk-copy-source=\"MessageBody\"><a href=\"https:\/\/blog.edu.turku.fi\/luolavuori\/files\/2025\/04\/UTF-8IMG_5450.jpeg\"><img loading=\"lazy\" decoding=\"async\" class=\"size-medium wp-image-2729 alignleft\" src=\"https:\/\/blog.edu.turku.fi\/luolavuori\/files\/2025\/04\/UTF-8IMG_5450-225x300.jpeg\" alt=\"\" width=\"225\" height=\"300\" srcset=\"https:\/\/blog.edu.turku.fi\/luolavuori\/files\/2025\/04\/UTF-8IMG_5450-225x300.jpeg 225w, https:\/\/blog.edu.turku.fi\/luolavuori\/files\/2025\/04\/UTF-8IMG_5450-768x1024.jpeg 768w, https:\/\/blog.edu.turku.fi\/luolavuori\/files\/2025\/04\/UTF-8IMG_5450.jpeg 1536w\" sizes=\"auto, (max-width: 225px) 85vw, 225px\" \/><\/a><\/b>Hau, olen Mocca \u2013 Luolavuoren koulun oma koulukoira!<\/h5>\n<p>&nbsp;<\/p>\n<p>Synnyin Norjassa hein\u00e4kuussa 2018 ja rodultani olen australianlabradoodle. K\u00e4yn t\u00f6iss\u00e4 kerran viikossa Ruiskadun yksik\u00f6n yl\u00e4talossa.<br \/>\nRakastan mets\u00e4lenkkej\u00e4, temppuja ja nen\u00e4ty\u00f6skentely\u00e4 \u2013 ja ennen kaikkea yhdess\u00e4 tekemist\u00e4! Olen suorittanut koira-avusteisen toiminnan koulutuksen Koulutuskeskus Salpauksessa, eli olen oikea ty\u00f6koira. Minun vahvuuksiani ovat rauhallisuus, uteliaisuus ja temppuilun ilo.<\/p>\n<\/div>\n<p>&nbsp;<\/p>\n<p>&nbsp;<\/p>\n<div>\n<p>Koulussa autan oppilaita oppimaan ja viihtym\u00e4\u00e4n. Olen mukana el\u00e4inavusteisessa opetuksessa, jossa harjoitellaan mm.<br \/>\n&#8211; keskittymist\u00e4 ja ohjeiden seuraamista<br \/>\n&#8211; lukemista ja rauhoittumista<br \/>\n&#8211; sosiaalisia taitoja ja rohkeutta<\/p>\n<p>Ty\u00f6ni on tavoitteellista ja suunniteltua yhdess\u00e4 opettajien kanssa. Vaikka n\u00e4yt\u00e4n suloiselta (ja olenkin!), minulla on t\u00e4rke\u00e4 rooli koulussa.<br \/>\nJos n\u00e4et minut koululla, voit tulla moikkaamaan \u2013 mutta muista kysy\u00e4 lupa aikuiselta ensin.<\/p>\n<p><strong>Tassuterkuin,<\/strong><br \/>\n<strong>Koulukoira Mocca<\/strong><\/p>\n<p>Lis\u00e4tietoja:<br \/>\nErityisluokanopettaja, el\u00e4intenkouluttaja (AT) Katariina Ruusunen-Nurmio p: 0449074645 sp: katariina.ruusunen-nurmio@edu.turku.fi<\/p>\n<p>Lue lis\u00e4\u00e4 OPH:n ohjeistuksesta:<br \/>\n<a href=\"https:\/\/www.oph.fi\/fi\/opettajat-ja-kasvattajat\/koirat-koulussa-koira-avusteisen-toiminnan-ohjeistus-oppilaitoksille\">oph.fi\/koirat-koulussa-ohjeistus<\/a><\/p>\n<p>&nbsp;<\/p>\n<\/div>\n<div>\n<p>&nbsp;<\/p>\n<\/div>\n<div><a href=\"https:\/\/blog.edu.turku.fi\/luolavuori\/files\/2025\/04\/image.jpeg\"><img loading=\"lazy\" decoding=\"async\" class=\"size-large wp-image-2728 aligncenter\" src=\"https:\/\/blog.edu.turku.fi\/luolavuori\/files\/2025\/04\/image-768x1024.jpeg\" alt=\"\" width=\"768\" height=\"1024\" srcset=\"https:\/\/blog.edu.turku.fi\/luolavuori\/files\/2025\/04\/image.jpeg 768w, https:\/\/blog.edu.turku.fi\/luolavuori\/files\/2025\/04\/image-225x300.jpeg 225w\" sizes=\"auto, (max-width: 768px) 85vw, 768px\" \/><\/a><\/div>\n<div><\/div>\n<div><\/div>\n<div><\/div>\n","protected":false},"excerpt":{"rendered":"<p>Hau, olen Mocca \u2013 Luolavuoren koulun oma koulukoira! &nbsp; Synnyin Norjassa hein\u00e4kuussa 2018 ja rodultani olen australianlabradoodle. K\u00e4yn t\u00f6iss\u00e4 kerran viikossa Ruiskadun yksik\u00f6n yl\u00e4talossa. Rakastan mets\u00e4lenkkej\u00e4, temppuja ja nen\u00e4ty\u00f6skentely\u00e4 \u2013 ja ennen kaikkea yhdess\u00e4 tekemist\u00e4! Olen suorittanut koira-avusteisen toiminnan koulutuksen Koulutuskeskus Salpauksessa, eli olen oikea ty\u00f6koira. Minun vahvuuksiani ovat rauhallisuus, uteliaisuus ja temppuilun ilo. &nbsp; &hellip; <a href=\"https:\/\/blog.edu.turku.fi\/luolavuori\/muu_toiminta\/opetustatukevatoiminta\/koirat\/\" class=\"more-link\">Jatka lukemista<span class=\"screen-reader-text\"> &#8221;Kasvatus- ja kuntoutuskoirat&#8221;<\/span><\/a><\/p>\n","protected":false},"author":28,"featured_media":0,"parent":114,"menu_order":0,"comment_status":"closed","ping_status":"closed","template":"","meta":{"footnotes":""},"class_list":["post-251","page","type-page","status-publish","hentry"],"_links":{"self":[{"href":"https:\/\/blog.edu.turku.fi\/luolavuori\/wp-json\/wp\/v2\/pages\/251","targetHints":{"allow":["GET"]}}],"collection":[{"href":"https:\/\/blog.edu.turku.fi\/luolavuori\/wp-json\/wp\/v2\/pages"}],"about":[{"href":"https:\/\/blog.edu.turku.fi\/luolavuori\/wp-json\/wp\/v2\/types\/page"}],"author":[{"embeddable":true,"href":"https:\/\/blog.edu.turku.fi\/luolavuori\/wp-json\/wp\/v2\/users\/28"}],"replies":[{"embeddable":true,"href":"https:\/\/blog.edu.turku.fi\/luolavuori\/wp-json\/wp\/v2\/comments?post=251"}],"version-history":[{"count":52,"href":"https:\/\/blog.edu.turku.fi\/luolavuori\/wp-json\/wp\/v2\/pages\/251\/revisions"}],"predecessor-version":[{"id":2736,"href":"https:\/\/blog.edu.turku.fi\/luolavuori\/wp-json\/wp\/v2\/pages\/251\/revisions\/2736"}],"up":[{"embeddable":true,"href":"https:\/\/blog.edu.turku.fi\/luolavuori\/wp-json\/wp\/v2\/pages\/114"}],"wp:attachment":[{"href":"https:\/\/blog.edu.turku.fi\/luolavuori\/wp-json\/wp\/v2\/media?parent=251"}],"curies":[{"name":"wp","href":"https:\/\/api.w.org\/{rel}","templated":true}]}}