{"id":249,"date":"2014-01-27T14:54:46","date_gmt":"2014-01-27T12:54:46","guid":{"rendered":"https:\/\/blog.edu.turku.fi\/luolavuori\/?page_id=249"},"modified":"2025-10-10T10:09:59","modified_gmt":"2025-10-10T07:09:59","slug":"ruiskadun_yhteystiedot","status":"publish","type":"page","link":"https:\/\/blog.edu.turku.fi\/luolavuori\/yhteystiedot\/ruiskadun_yhteystiedot\/","title":{"rendered":"Ruiskadun yksik\u00f6n yhteystiedot"},"content":{"rendered":"<p>Ruiskatu 8<br \/>\n20720 TURKU <a href=\"https:\/\/opaskartta.turku.fi\/IMS\/?layers=Opaskartta&amp;cp=6702159,23461214&amp;z=2&amp;title=Ruiskatu%208%2C%20Turku\">Kartta<\/a> , <a href=\"https:\/\/blog.edu.turku.fi\/luolavuori\/files\/2025\/04\/Ruiskatu-saapumisohje.jpg\">Saapumisinfo<\/a><br \/>\n<em>Huom! Google-Maps saattaa n\u00e4ytt\u00e4\u00e4 virheellisesti<\/em><br \/>\n<em>osoitteen koulun vanhaan rakennukseen.<\/em><\/p>\n<p>Rehtori Hanna-Mari Lehto-S\u00f6derlund 0449075161<\/p>\n<p><a href=\"https:\/\/blog.edu.turku.fi\/luolavuori\/yhteystiedot\/\">Koulun kanslian yhteystiedot<\/a><\/p>\n<p><strong><span style=\"text-decoration: underline\">Ruiskadun luokat ja opettajat 2025-2026<\/span><\/strong><\/p>\n<table width=\"0\">\n<tbody>\n<tr>\n<td width=\"75\"><strong>Nimi<\/strong><\/td>\n<td width=\"208\"><strong>Opettaja<\/strong><\/td>\n<td width=\"104\"><strong>Puh.<\/strong><\/td>\n<\/tr>\n<tr>\n<td width=\"75\">1A<\/td>\n<td width=\"208\">Tuuna Anniina<\/td>\n<td width=\"104\">0449075355<\/td>\n<\/tr>\n<tr>\n<td width=\"75\">1B<\/td>\n<td width=\"208\">Perttala Linda<\/td>\n<td width=\"104\">044 9075186<\/td>\n<\/tr>\n<tr>\n<td width=\"75\">1C<\/td>\n<td width=\"208\">Vainiotalo Anu<\/td>\n<td width=\"104\">0449073556<\/td>\n<\/tr>\n<tr>\n<td width=\"75\">1D<\/td>\n<td width=\"208\">Virkki Sara<\/td>\n<td width=\"104\">0449075392<\/td>\n<\/tr>\n<tr>\n<td width=\"75\">2A<\/td>\n<td width=\"208\">Caselius Taija<\/td>\n<td width=\"104\">040\u00a0610 2542<\/td>\n<\/tr>\n<tr>\n<td width=\"75\">1-2C<\/td>\n<td width=\"208\">Brasse Erja<\/td>\n<td width=\"104\">040 5795 714<\/td>\n<\/tr>\n<tr>\n<td width=\"75\">2D<\/td>\n<td width=\"208\">Lahti-Nevala Anu<\/td>\n<td width=\"104\">044 907 4624<\/td>\n<\/tr>\n<tr>\n<td width=\"75\">3A<\/td>\n<td width=\"208\">Tuhkala Anne<\/td>\n<td width=\"104\">0449074654<\/td>\n<\/tr>\n<tr>\n<td width=\"75\">2-3B<\/td>\n<td width=\"208\">Hirvonen Laura<\/td>\n<td width=\"104\">0449074663<\/td>\n<\/tr>\n<tr>\n<td width=\"75\">3C<\/td>\n<td width=\"208\">M\u00e4kinen Tuija<\/td>\n<td width=\"104\">0449075111<\/td>\n<\/tr>\n<tr>\n<td width=\"75\">4D<\/td>\n<td width=\"208\">Vauto Teea<\/td>\n<td width=\"104\">044 907 5779<\/td>\n<\/tr>\n<tr>\n<td width=\"75\">4A<\/td>\n<td width=\"208\">Rantanen Kaisu<\/td>\n<td width=\"104\">044 9074 662<\/td>\n<\/tr>\n<tr>\n<td width=\"75\">4B<\/td>\n<td width=\"208\">Syksy Elias<\/td>\n<td width=\"104\">0449075113<\/td>\n<\/tr>\n<tr>\n<td width=\"75\">3C<\/td>\n<td width=\"208\">Heino Teija<\/td>\n<td width=\"104\">0449074623<\/td>\n<\/tr>\n<tr>\n<td width=\"75\">4-5D<\/td>\n<td width=\"208\">Degerman Mirja<\/td>\n<td width=\"104\">0449074651<\/td>\n<\/tr>\n<tr>\n<td width=\"75\">4E<\/td>\n<td width=\"208\">Reponen Hanna<\/td>\n<td width=\"104\">0449075585<\/td>\n<\/tr>\n<tr>\n<td width=\"75\">5A<\/td>\n<td width=\"208\">Korhonen Eemeli<\/td>\n<td width=\"104\">0407260124<\/td>\n<\/tr>\n<tr>\n<td width=\"75\">5B<\/td>\n<td width=\"208\">Veijola Laura<\/td>\n<td width=\"104\">0449074666<\/td>\n<\/tr>\n<tr>\n<td width=\"75\">5C<\/td>\n<td width=\"208\">Haapanen Mikko<\/td>\n<td width=\"104\">044\u00a0907 4628<\/td>\n<\/tr>\n<tr>\n<td width=\"75\">4-5F<\/td>\n<td width=\"208\">Rothberg Jani<\/td>\n<td width=\"104\">0449074625<\/td>\n<\/tr>\n<tr>\n<td width=\"75\">6A<\/td>\n<td width=\"208\">Heinonen Sari<\/td>\n<td width=\"104\">044 9074495<\/td>\n<\/tr>\n<tr>\n<td width=\"75\">6C<\/td>\n<td width=\"208\">Savim\u00e4ki Satu<\/td>\n<td width=\"104\">0449075778<\/td>\n<\/tr>\n<tr>\n<td width=\"75\">6D<\/td>\n<td width=\"208\">Karjalainen Riku<\/td>\n<td width=\"104\">0449074638<\/td>\n<\/tr>\n<tr>\n<td width=\"75\">5-6E<\/td>\n<td width=\"208\">L\u00e4hteenm\u00e4ki Vilma<\/td>\n<td width=\"104\">0449073679<\/td>\n<\/tr>\n<tr>\n<td width=\"75\">3-7E<\/td>\n<td width=\"208\">Luodem\u00e4ki Linda<\/td>\n<td width=\"104\">0449075372<\/td>\n<\/tr>\n<tr>\n<td width=\"75\">6-9E<\/td>\n<td width=\"208\">Valkola Saara<\/td>\n<td width=\"104\">0449074627<\/td>\n<\/tr>\n<tr>\n<td width=\"75\">6-7G<\/td>\n<td width=\"208\">Ylenius-Lehtonen Mirja<br \/>\nHietanen Susanna<\/td>\n<td width=\"104\">0449074659<br \/>\n0449074655<\/td>\n<\/tr>\n<tr>\n<td width=\"75\">7A<\/td>\n<td width=\"208\">M\u00f6r\u00f6nen Elina<\/td>\n<td width=\"104\">0401487173<\/td>\n<\/tr>\n<tr>\n<td width=\"75\">7B<\/td>\n<td width=\"208\">Lampinen Antti<\/td>\n<td width=\"104\">0449074620<\/td>\n<\/tr>\n<tr>\n<td width=\"75\">8A<\/td>\n<td width=\"208\">Illi Sanna<\/td>\n<td width=\"104\">0449074636<\/td>\n<\/tr>\n<tr>\n<td width=\"75\">8B<\/td>\n<td width=\"208\">Ahlqvist Heidi<\/td>\n<td width=\"104\">0449074646<\/td>\n<\/tr>\n<tr>\n<td width=\"75\">7-8D<\/td>\n<td width=\"208\">Uusinoka Kati<\/td>\n<td width=\"104\">0449074656<\/td>\n<\/tr>\n<tr>\n<td width=\"75\">9A<\/td>\n<td width=\"208\">Laitakari Timo<\/td>\n<td width=\"104\">0449074637<\/td>\n<\/tr>\n<tr>\n<td width=\"75\">9B<\/td>\n<td width=\"208\">Raudaskoski Henni<\/td>\n<td width=\"104\">0404863580<\/td>\n<\/tr>\n<tr>\n<td width=\"75\">9C<\/td>\n<td width=\"208\">Luoto Laura<\/td>\n<td width=\"104\">0449075817<\/td>\n<\/tr>\n<tr>\n<td width=\"75\">8-9F<\/td>\n<td width=\"208\">Kurikka Kati<\/td>\n<td width=\"104\">040 579 6478<\/td>\n<\/tr>\n<tr>\n<td width=\"75\"><\/td>\n<td width=\"208\"><\/td>\n<td width=\"104\"><\/td>\n<\/tr>\n<tr>\n<td width=\"75\"><\/td>\n<td width=\"208\"><\/td>\n<td width=\"104\"><\/td>\n<\/tr>\n<tr>\n<td width=\"75\"><\/td>\n<td width=\"208\">Asumalahti Jaakko<\/td>\n<td width=\"104\">0449075822<\/td>\n<\/tr>\n<tr>\n<td width=\"75\">EN\/RU<\/td>\n<td width=\"208\">Korkealaakso Samuli<\/td>\n<td width=\"104\">0449075185<\/td>\n<\/tr>\n<tr>\n<td width=\"75\">TN<\/td>\n<td width=\"208\">Luoma Juha<\/td>\n<td width=\"104\">0449074643<\/td>\n<\/tr>\n<tr>\n<td width=\"75\">EO<\/td>\n<td width=\"208\">Janatuinen Sofia<\/td>\n<td width=\"104\">044 9074 629<\/td>\n<\/tr>\n<tr>\n<td width=\"75\">EO<\/td>\n<td width=\"208\">Mattila Maria<\/td>\n<td width=\"104\">0406195698<\/td>\n<\/tr>\n<tr>\n<td width=\"75\">EO<\/td>\n<td width=\"208\">Uotila Elina<\/td>\n<td width=\"104\">0449074932<\/td>\n<\/tr>\n<tr>\n<td width=\"75\">opo<\/td>\n<td width=\"208\">Ruusunen-Nurmio Katariina<\/td>\n<td width=\"104\">044\u00a0907 4645<\/td>\n<\/tr>\n<tr>\n<td width=\"75\"><\/td>\n<td width=\"208\"><\/td>\n<td width=\"104\"><\/td>\n<\/tr>\n<\/tbody>\n<\/table>\n<p>&nbsp;<\/p>\n<p>&nbsp;<\/p>\n<p>&nbsp;<\/p>\n<p>&nbsp;<\/p>\n<p>&nbsp;<\/p>\n<p>&nbsp;<\/p>\n","protected":false},"excerpt":{"rendered":"<p>Ruiskatu 8 20720 TURKU Kartta , Saapumisinfo Huom! Google-Maps saattaa n\u00e4ytt\u00e4\u00e4 virheellisesti osoitteen koulun vanhaan rakennukseen. Rehtori Hanna-Mari Lehto-S\u00f6derlund 0449075161 Koulun kanslian yhteystiedot Ruiskadun luokat ja opettajat 2025-2026 Nimi Opettaja Puh. 1A Tuuna Anniina 0449075355 1B Perttala Linda 044 9075186 1C Vainiotalo Anu 0449073556 1D Virkki Sara 0449075392 2A Caselius Taija 040\u00a0610 2542 1-2C Brasse &hellip; <a href=\"https:\/\/blog.edu.turku.fi\/luolavuori\/yhteystiedot\/ruiskadun_yhteystiedot\/\" class=\"more-link\">Jatka lukemista<span class=\"screen-reader-text\"> &#8221;Ruiskadun yksik\u00f6n yhteystiedot&#8221;<\/span><\/a><\/p>\n","protected":false},"author":28,"featured_media":0,"parent":40,"menu_order":0,"comment_status":"closed","ping_status":"closed","template":"","meta":{"footnotes":""},"class_list":["post-249","page","type-page","status-publish","hentry"],"_links":{"self":[{"href":"https:\/\/blog.edu.turku.fi\/luolavuori\/wp-json\/wp\/v2\/pages\/249","targetHints":{"allow":["GET"]}}],"collection":[{"href":"https:\/\/blog.edu.turku.fi\/luolavuori\/wp-json\/wp\/v2\/pages"}],"about":[{"href":"https:\/\/blog.edu.turku.fi\/luolavuori\/wp-json\/wp\/v2\/types\/page"}],"author":[{"embeddable":true,"href":"https:\/\/blog.edu.turku.fi\/luolavuori\/wp-json\/wp\/v2\/users\/28"}],"replies":[{"embeddable":true,"href":"https:\/\/blog.edu.turku.fi\/luolavuori\/wp-json\/wp\/v2\/comments?post=249"}],"version-history":[{"count":118,"href":"https:\/\/blog.edu.turku.fi\/luolavuori\/wp-json\/wp\/v2\/pages\/249\/revisions"}],"predecessor-version":[{"id":2791,"href":"https:\/\/blog.edu.turku.fi\/luolavuori\/wp-json\/wp\/v2\/pages\/249\/revisions\/2791"}],"up":[{"embeddable":true,"href":"https:\/\/blog.edu.turku.fi\/luolavuori\/wp-json\/wp\/v2\/pages\/40"}],"wp:attachment":[{"href":"https:\/\/blog.edu.turku.fi\/luolavuori\/wp-json\/wp\/v2\/media?parent=249"}],"curies":[{"name":"wp","href":"https:\/\/api.w.org\/{rel}","templated":true}]}}