{"id":202,"date":"2014-01-15T13:33:56","date_gmt":"2014-01-15T11:33:56","guid":{"rendered":"https:\/\/blog.edu.turku.fi\/luolavuori\/?page_id=202"},"modified":"2025-04-23T12:10:13","modified_gmt":"2025-04-23T09:10:13","slug":"oppilaille","status":"publish","type":"page","link":"https:\/\/blog.edu.turku.fi\/luolavuori\/koti-ja-koulu\/oppilaille\/","title":{"rendered":"Oppilaiden p\u00e4\u00e4telaitteet"},"content":{"rendered":"<p>Koulussa opiskellaan kattavasti tvt-taitoja. Viides- ja kuudesluokkalaiset saavat k\u00e4ytt\u00f6\u00f6ns\u00e4 Turun kaupungilla henkil\u00f6kohtaiset p\u00e4\u00e4telaitteet. Lis\u00e4ksi muille luokille on hyv\u00e4t mahdollisuudet opetella tietoteknisi\u00e4 taitoja koululle varattujen yhteisk\u00e4ytt\u00f6laitteiden kanssa. Lis\u00e4ksi yl\u00e4koulun opiskelijoille on k\u00e4yt\u00f6ss\u00e4 henkil\u00f6kohtainen tietokone. Jokaisella oppilaalla on MPASS-tunnukset, joilla p\u00e4\u00e4see kirjautumaan mm. Wilmaan ja oppilaiden omaan s\u00e4hk\u00f6postiin.\u00a0 Mik\u00e4li salasana on unohtunut, sen vaihtamista voi pyyt\u00e4\u00e4 omalta opettajalta.<\/p>\n<p>Erillisten tilien m\u00e4\u00e4r\u00e4\u00e4 on pyritty Turun kaupungin tasolla v\u00e4hent\u00e4m\u00e4\u00e4n ja l\u00e4ht\u00f6kohtaisesti kaikkiin tarvittaviin sovelluksiin p\u00e4\u00e4see oppilaan omilla tunnuksilla.\u00a0Jotkin opetusohjelmat ovat sellaisia, ett\u00e4 niit\u00e4 voi k\u00e4ytt\u00e4\u00e4 kotonakin.<\/p>\n<p>Turun kaupunki panostaa tietoturvaan kaikilla sen tasoilla. My\u00f6s oppilaiden salasanavaatimukset ovat tiukentuneet viime vuosina.<\/p>\n<p>Lis\u00e4tieto Turun kaupungin Digipoluista l\u00f6ytyy <a href=\"https:\/\/blog.edu.turku.fi\/digipolut\/fi\/\">t\u00e4\u00e4lt\u00e4<\/a>.<\/p>\n<p>&nbsp;<\/p>\n","protected":false},"excerpt":{"rendered":"<p>Koulussa opiskellaan kattavasti tvt-taitoja. Viides- ja kuudesluokkalaiset saavat k\u00e4ytt\u00f6\u00f6ns\u00e4 Turun kaupungilla henkil\u00f6kohtaiset p\u00e4\u00e4telaitteet. Lis\u00e4ksi muille luokille on hyv\u00e4t mahdollisuudet opetella tietoteknisi\u00e4 taitoja koululle varattujen yhteisk\u00e4ytt\u00f6laitteiden kanssa. Lis\u00e4ksi yl\u00e4koulun opiskelijoille on k\u00e4yt\u00f6ss\u00e4 henkil\u00f6kohtainen tietokone. Jokaisella oppilaalla on MPASS-tunnukset, joilla p\u00e4\u00e4see kirjautumaan mm. Wilmaan ja oppilaiden omaan s\u00e4hk\u00f6postiin.\u00a0 Mik\u00e4li salasana on unohtunut, sen vaihtamista voi pyyt\u00e4\u00e4 omalta &hellip; <a href=\"https:\/\/blog.edu.turku.fi\/luolavuori\/koti-ja-koulu\/oppilaille\/\" class=\"more-link\">Jatka lukemista<span class=\"screen-reader-text\"> &#8221;Oppilaiden p\u00e4\u00e4telaitteet&#8221;<\/span><\/a><\/p>\n","protected":false},"author":28,"featured_media":0,"parent":70,"menu_order":4,"comment_status":"closed","ping_status":"closed","template":"","meta":{"footnotes":""},"class_list":["post-202","page","type-page","status-publish","hentry"],"_links":{"self":[{"href":"https:\/\/blog.edu.turku.fi\/luolavuori\/wp-json\/wp\/v2\/pages\/202","targetHints":{"allow":["GET"]}}],"collection":[{"href":"https:\/\/blog.edu.turku.fi\/luolavuori\/wp-json\/wp\/v2\/pages"}],"about":[{"href":"https:\/\/blog.edu.turku.fi\/luolavuori\/wp-json\/wp\/v2\/types\/page"}],"author":[{"embeddable":true,"href":"https:\/\/blog.edu.turku.fi\/luolavuori\/wp-json\/wp\/v2\/users\/28"}],"replies":[{"embeddable":true,"href":"https:\/\/blog.edu.turku.fi\/luolavuori\/wp-json\/wp\/v2\/comments?post=202"}],"version-history":[{"count":10,"href":"https:\/\/blog.edu.turku.fi\/luolavuori\/wp-json\/wp\/v2\/pages\/202\/revisions"}],"predecessor-version":[{"id":2711,"href":"https:\/\/blog.edu.turku.fi\/luolavuori\/wp-json\/wp\/v2\/pages\/202\/revisions\/2711"}],"up":[{"embeddable":true,"href":"https:\/\/blog.edu.turku.fi\/luolavuori\/wp-json\/wp\/v2\/pages\/70"}],"wp:attachment":[{"href":"https:\/\/blog.edu.turku.fi\/luolavuori\/wp-json\/wp\/v2\/media?parent=202"}],"curies":[{"name":"wp","href":"https:\/\/api.w.org\/{rel}","templated":true}]}}