{"id":2,"date":"2013-10-03T05:26:01","date_gmt":"2013-10-03T05:26:01","guid":{"rendered":"https:\/\/blog.edu.turku.fi\/luolavuori\/?page_id=2"},"modified":"2014-08-23T20:51:56","modified_gmt":"2014-08-23T17:51:56","slug":"opetus","status":"publish","type":"page","link":"https:\/\/blog.edu.turku.fi\/luolavuori\/opetus\/","title":{"rendered":"Opetus"},"content":{"rendered":"<p><a href=\"https:\/\/blog.edu.turku.fi\/luolavuori\/files\/2013\/10\/20130307_110924.jpg\"><img loading=\"lazy\" decoding=\"async\" class=\"alignright  wp-image-686\" src=\"https:\/\/blog.edu.turku.fi\/luolavuori\/files\/2013\/10\/20130307_110924.jpg\" alt=\"20130307_110924\" width=\"168\" height=\"448\" srcset=\"https:\/\/blog.edu.turku.fi\/luolavuori\/files\/2013\/10\/20130307_110924.jpg 834w, https:\/\/blog.edu.turku.fi\/luolavuori\/files\/2013\/10\/20130307_110924-112x300.jpg 112w, https:\/\/blog.edu.turku.fi\/luolavuori\/files\/2013\/10\/20130307_110924-383x1024.jpg 383w\" sizes=\"auto, (max-width: 168px) 85vw, 168px\" \/><\/a><a title=\"Opetussuunnitelma\" href=\"https:\/\/blog.edu.turku.fi\/luolavuori\/opetus\/ops\/\">Opetussuunnitelma<\/a><\/p>\n<p><a title=\"Oppilaan tuki\" href=\"https:\/\/blog.edu.turku.fi\/luolavuori\/opetus\/oppilaantuki\/\">Oppilaan tuki<\/a><\/p>\n<p><a title=\"Nivelvaiheet\" href=\"https:\/\/blog.edu.turku.fi\/luolavuori\/opetus\/nivelvaiheet\/\">Nivelvaiheet<\/a><\/p>\n<p><a title=\"Ohjaavat periaatteet\" href=\"https:\/\/blog.edu.turku.fi\/luolavuori\/opetus\/ohjaavatperiaatteet\/\">Ohjaavat periaatteet<\/a><\/p>\n<p><a title=\"J\u00e4rjestyss\u00e4\u00e4nn\u00f6t\" href=\"https:\/\/blog.edu.turku.fi\/luolavuori\/opetus\/jarjestyssaannot\/\">J\u00e4rjestyss\u00e4\u00e4nn\u00f6t<\/a><\/p>\n","protected":false},"excerpt":{"rendered":"<p>Opetussuunnitelma Oppilaan tuki Nivelvaiheet Ohjaavat periaatteet J\u00e4rjestyss\u00e4\u00e4nn\u00f6t<\/p>\n","protected":false},"author":28,"featured_media":0,"parent":0,"menu_order":3,"comment_status":"closed","ping_status":"closed","template":"","meta":{"footnotes":""},"class_list":["post-2","page","type-page","status-publish","hentry"],"_links":{"self":[{"href":"https:\/\/blog.edu.turku.fi\/luolavuori\/wp-json\/wp\/v2\/pages\/2","targetHints":{"allow":["GET"]}}],"collection":[{"href":"https:\/\/blog.edu.turku.fi\/luolavuori\/wp-json\/wp\/v2\/pages"}],"about":[{"href":"https:\/\/blog.edu.turku.fi\/luolavuori\/wp-json\/wp\/v2\/types\/page"}],"author":[{"embeddable":true,"href":"https:\/\/blog.edu.turku.fi\/luolavuori\/wp-json\/wp\/v2\/users\/28"}],"replies":[{"embeddable":true,"href":"https:\/\/blog.edu.turku.fi\/luolavuori\/wp-json\/wp\/v2\/comments?post=2"}],"version-history":[{"count":10,"href":"https:\/\/blog.edu.turku.fi\/luolavuori\/wp-json\/wp\/v2\/pages\/2\/revisions"}],"predecessor-version":[{"id":688,"href":"https:\/\/blog.edu.turku.fi\/luolavuori\/wp-json\/wp\/v2\/pages\/2\/revisions\/688"}],"wp:attachment":[{"href":"https:\/\/blog.edu.turku.fi\/luolavuori\/wp-json\/wp\/v2\/media?parent=2"}],"curies":[{"name":"wp","href":"https:\/\/api.w.org\/{rel}","templated":true}]}}